{"id":84173,"date":"2022-09-15T10:48:12","date_gmt":"2022-09-15T10:48:12","guid":{"rendered":"https:\/\/futllermo.com\/tienda\/producto\/macron-real-sociedad-primera-equipacion-2019-2020-camiseta-blue-talla-s\/"},"modified":"2022-09-15T10:48:22","modified_gmt":"2022-09-15T10:48:22","slug":"macron-real-sociedad-primera-equipacion-2019-2020-camiseta-blue-talla-s","status":"publish","type":"product","link":"https:\/\/futllermo.com\/tienda\/producto\/macron-real-sociedad-primera-equipacion-2019-2020-camiseta-blue-talla-s\/","title":{"rendered":"Macron Real Sociedad Primera Equipaci\u00f3n 2019-2020, Camiseta, Blue, Talla S"},"content":{"rendered":"<p>n<!-- show up to 2 reviews by default --> <\/p>\n<p>Le maillot de comp\u00e9tition \u00e0 domicile du Real Sociedad, en tissu softlock, est caract\u00e9ris\u00e9 par les rayures verticales traditionnelles blanches et bleues avec des motifs dentel\u00e9s, qui reprennent le style des maillots des ann\u00e9es 90. La devise du club en langue basque &#8216; bat, bi, hiru, lau, bost, sei, zazpi&#8230;REAL! &#8216; a \u00e9t\u00e9 ins\u00e9r\u00e9e dans la partie interne, au niveau de la ceinture. \u00c0 l\u2019arri\u00e8re, le d\u00e9tail du drapeau basque brod\u00e9 enrichit le v\u00eatement. Le H\u00e9ros Macron et l\u2019\u00e9cusson du club sont r\u00e9alis\u00e9s en silicone. Le col est en style cor\u00e9en avec coupe en V. <\/p>\n<p>nLa camiseta Macron Real Sociedad Oficial 2019\/2020 est\u00e1 confeccionada con tejido que capilariza el sudor y ofrece comodidad con poco peso.n<\/p>\n","protected":false},"excerpt":{"rendered":"<p>n Le maillot de comp\u00e9tition \u00e0 domicile du Real Sociedad, en tissu softlock, est caract\u00e9ris\u00e9 par les rayures verticales traditionnelles blanches et bleues avec des motifs dentel\u00e9s, qui reprennent le style des maillots des ann\u00e9es 90. La devise du club en langue basque &#8216; bat, bi, hiru, lau, bost, sei, zazpi&#8230;REAL! &#8216; a \u00e9t\u00e9 ins\u00e9r\u00e9e&#8230;<\/p>\n","protected":false},"featured_media":84174,"comment_status":"open","ping_status":"closed","template":"","meta":{"_kadence_starter_templates_imported_post":false,"_kad_post_transparent":"","_kad_post_title":"","_kad_post_layout":"","_kad_post_sidebar_id":"","_kad_post_content_style":"","_kad_post_vertical_padding":"","_kad_post_feature":"","_kad_post_feature_position":"","_kad_post_header":false,"_kad_post_footer":false},"product_brand":[],"product_cat":[739],"product_tag":[],"class_list":{"0":"post-84173","1":"product","2":"type-product","3":"status-publish","4":"has-post-thumbnail","6":"product_cat-camisetas-de-futbol-2020","8":"first","9":"instock","10":"shipping-taxable","11":"purchasable","12":"product-type-simple","13":"entry","14":"content-bg","15":"loop-entry"},"_links":{"self":[{"href":"https:\/\/futllermo.com\/tienda\/wp-json\/wp\/v2\/product\/84173","targetHints":{"allow":["GET"]}}],"collection":[{"href":"https:\/\/futllermo.com\/tienda\/wp-json\/wp\/v2\/product"}],"about":[{"href":"https:\/\/futllermo.com\/tienda\/wp-json\/wp\/v2\/types\/product"}],"replies":[{"embeddable":true,"href":"https:\/\/futllermo.com\/tienda\/wp-json\/wp\/v2\/comments?post=84173"}],"wp:featuredmedia":[{"embeddable":true,"href":"https:\/\/futllermo.com\/tienda\/wp-json\/wp\/v2\/media\/84174"}],"wp:attachment":[{"href":"https:\/\/futllermo.com\/tienda\/wp-json\/wp\/v2\/media?parent=84173"}],"wp:term":[{"taxonomy":"product_brand","embeddable":true,"href":"https:\/\/futllermo.com\/tienda\/wp-json\/wp\/v2\/product_brand?post=84173"},{"taxonomy":"product_cat","embeddable":true,"href":"https:\/\/futllermo.com\/tienda\/wp-json\/wp\/v2\/product_cat?post=84173"},{"taxonomy":"product_tag","embeddable":true,"href":"https:\/\/futllermo.com\/tienda\/wp-json\/wp\/v2\/product_tag?post=84173"}],"curies":[{"name":"wp","href":"https:\/\/api.w.org\/{rel}","templated":true}]}}