{"id":84169,"date":"2022-09-15T10:47:52","date_gmt":"2022-09-15T10:47:52","guid":{"rendered":"https:\/\/futllermo.com\/tienda\/producto\/adidas-espana-1a-camiseta-techfit-edicion-especial-silva-21-euro12-hombre\/"},"modified":"2022-09-15T10:47:59","modified_gmt":"2022-09-15T10:47:59","slug":"adidas-espana-1a-camiseta-techfit-edicion-especial-silva-21-euro12-hombre","status":"publish","type":"product","link":"https:\/\/futllermo.com\/tienda\/producto\/adidas-espana-1a-camiseta-techfit-edicion-especial-silva-21-euro12-hombre\/","title":{"rendered":"Adidas &#8211; ESPA\u00d1A 1\u00aa Camiseta Techfit EDICION Especial Silva 21 EURO12 Hombre"},"content":{"rendered":"<p>n<!-- show up to 2 reviews by default --> <\/p>\n<p>Camiseta edicion especial que viene dentro de una bolsa de viaje. Camiseta original de Espa\u00f1a, Adidas 100% oficial &#8211; \u00abEDICI\u00d3N ESPECIAL Y LIMITADA\u00bb. La utilizo en la Europaca 2012 que se disputo en Polonia y Ucrania. Con esa victoria, la selecci\u00f3n espa\u00f1ola se convirti\u00f3 en el primer combinado en ganar el torneo de forma consecutiva y marc\u00f3 todo un r\u00e9cord, al ser la primera en ganar, tambi\u00e9n de forma consecutiva, tres t\u00edtulos en cuanto a Eurocopa y Copa Mundial de F\u00fatbol de la FIFA se refiere (Eurocopa 2008, Mundial 2010 y Eurocopa 2012). Adem\u00e1s, fue la primera Eurocopa que se realiz\u00f3 en Europa del Este desde que se hiciera en el a\u00f1o 1976 en la antigua Yugoslavia, y tambi\u00e9n fue la primera Eurocopa de la historia en ser albergada por dos pa\u00edses con diferentes husos horarios. Es una pieza de coleccionismo. Lleva el nombre y numero oficial de SILVA 21. Camiseta nueva con sus etiquetas y en perfecto estado. <\/p>\n<p>n<\/p>\n","protected":false},"excerpt":{"rendered":"<p>n Camiseta edicion especial que viene dentro de una bolsa de viaje. Camiseta original de Espa\u00f1a, Adidas 100% oficial &#8211; \u00abEDICI\u00d3N ESPECIAL Y LIMITADA\u00bb. La utilizo en la Europaca 2012 que se disputo en Polonia y Ucrania. Con esa victoria, la selecci\u00f3n espa\u00f1ola se convirti\u00f3 en el primer combinado en ganar el torneo de forma&#8230;<\/p>\n","protected":false},"featured_media":84170,"comment_status":"open","ping_status":"closed","template":"","meta":{"_kadence_starter_templates_imported_post":false,"_kad_post_transparent":"","_kad_post_title":"","_kad_post_layout":"","_kad_post_sidebar_id":"","_kad_post_content_style":"","_kad_post_vertical_padding":"","_kad_post_feature":"","_kad_post_feature_position":"","_kad_post_header":false,"_kad_post_footer":false},"product_brand":[],"product_cat":[739],"product_tag":[],"class_list":{"0":"post-84169","1":"product","2":"type-product","3":"status-publish","4":"has-post-thumbnail","6":"product_cat-camisetas-de-futbol-2020","8":"first","9":"instock","10":"shipping-taxable","11":"purchasable","12":"product-type-simple","13":"entry","14":"content-bg","15":"loop-entry"},"_links":{"self":[{"href":"https:\/\/futllermo.com\/tienda\/wp-json\/wp\/v2\/product\/84169","targetHints":{"allow":["GET"]}}],"collection":[{"href":"https:\/\/futllermo.com\/tienda\/wp-json\/wp\/v2\/product"}],"about":[{"href":"https:\/\/futllermo.com\/tienda\/wp-json\/wp\/v2\/types\/product"}],"replies":[{"embeddable":true,"href":"https:\/\/futllermo.com\/tienda\/wp-json\/wp\/v2\/comments?post=84169"}],"wp:featuredmedia":[{"embeddable":true,"href":"https:\/\/futllermo.com\/tienda\/wp-json\/wp\/v2\/media\/84170"}],"wp:attachment":[{"href":"https:\/\/futllermo.com\/tienda\/wp-json\/wp\/v2\/media?parent=84169"}],"wp:term":[{"taxonomy":"product_brand","embeddable":true,"href":"https:\/\/futllermo.com\/tienda\/wp-json\/wp\/v2\/product_brand?post=84169"},{"taxonomy":"product_cat","embeddable":true,"href":"https:\/\/futllermo.com\/tienda\/wp-json\/wp\/v2\/product_cat?post=84169"},{"taxonomy":"product_tag","embeddable":true,"href":"https:\/\/futllermo.com\/tienda\/wp-json\/wp\/v2\/product_tag?post=84169"}],"curies":[{"name":"wp","href":"https:\/\/api.w.org\/{rel}","templated":true}]}}