{"id":84167,"date":"2022-09-15T10:47:44","date_gmt":"2022-09-15T10:47:44","guid":{"rendered":"https:\/\/futllermo.com\/tienda\/producto\/jeycc-gg-mbappe-7-paris-st-germain-2019-2020-camiseta-de-futbol-para-hombre\/"},"modified":"2022-09-15T10:47:52","modified_gmt":"2022-09-15T10:47:52","slug":"jeycc-gg-mbappe-7-paris-st-germain-2019-2020-camiseta-de-futbol-para-hombre","status":"publish","type":"product","link":"https:\/\/futllermo.com\/tienda\/producto\/jeycc-gg-mbappe-7-paris-st-germain-2019-2020-camiseta-de-futbol-para-hombre\/","title":{"rendered":"Jeycc-gg Mbappe 7 Paris St Germain 2019-2020 &#8211; Camiseta de f\u00fatbol para Hombre"},"content":{"rendered":"<p>n<!-- show up to 2 reviews by default --> <\/p>\n<p>New Season Mbappe 7 Paris St Germain PSG 2019-2020 Home &#8211; Camiseta para hombre, color azul <\/p>\n<p>n100% poli\u00e9ster deportivo. Excelente producto.nProducto con etiqueta.n100% Poli\u00e9sternEnv\u00edo desde Estados Unidos y gestionado por Amazon.nAdecuado para adultos. Disponible en varios tama\u00f1os.nNew Season Mbappe 7 Paris St Germain 2019-2020 &#8211; Camiseta de f\u00fatbol para hombre, color azuln<\/p>\n","protected":false},"excerpt":{"rendered":"<p>n New Season Mbappe 7 Paris St Germain PSG 2019-2020 Home &#8211; Camiseta para hombre, color azul n100% poli\u00e9ster deportivo. Excelente producto.nProducto con etiqueta.n100% Poli\u00e9sternEnv\u00edo desde Estados Unidos y gestionado por Amazon.nAdecuado para adultos. Disponible en varios tama\u00f1os.nNew Season Mbappe 7 Paris St Germain 2019-2020 &#8211; Camiseta de f\u00fatbol para hombre, color azuln<\/p>\n","protected":false},"featured_media":84168,"comment_status":"open","ping_status":"closed","template":"","meta":{"_kadence_starter_templates_imported_post":false,"_kad_post_transparent":"","_kad_post_title":"","_kad_post_layout":"","_kad_post_sidebar_id":"","_kad_post_content_style":"","_kad_post_vertical_padding":"","_kad_post_feature":"","_kad_post_feature_position":"","_kad_post_header":false,"_kad_post_footer":false},"product_brand":[],"product_cat":[739],"product_tag":[],"class_list":{"0":"post-84167","1":"product","2":"type-product","3":"status-publish","4":"has-post-thumbnail","6":"product_cat-camisetas-de-futbol-2020","8":"first","9":"instock","10":"shipping-taxable","11":"purchasable","12":"product-type-simple","13":"entry","14":"content-bg","15":"loop-entry"},"_links":{"self":[{"href":"https:\/\/futllermo.com\/tienda\/wp-json\/wp\/v2\/product\/84167","targetHints":{"allow":["GET"]}}],"collection":[{"href":"https:\/\/futllermo.com\/tienda\/wp-json\/wp\/v2\/product"}],"about":[{"href":"https:\/\/futllermo.com\/tienda\/wp-json\/wp\/v2\/types\/product"}],"replies":[{"embeddable":true,"href":"https:\/\/futllermo.com\/tienda\/wp-json\/wp\/v2\/comments?post=84167"}],"wp:featuredmedia":[{"embeddable":true,"href":"https:\/\/futllermo.com\/tienda\/wp-json\/wp\/v2\/media\/84168"}],"wp:attachment":[{"href":"https:\/\/futllermo.com\/tienda\/wp-json\/wp\/v2\/media?parent=84167"}],"wp:term":[{"taxonomy":"product_brand","embeddable":true,"href":"https:\/\/futllermo.com\/tienda\/wp-json\/wp\/v2\/product_brand?post=84167"},{"taxonomy":"product_cat","embeddable":true,"href":"https:\/\/futllermo.com\/tienda\/wp-json\/wp\/v2\/product_cat?post=84167"},{"taxonomy":"product_tag","embeddable":true,"href":"https:\/\/futllermo.com\/tienda\/wp-json\/wp\/v2\/product_tag?post=84167"}],"curies":[{"name":"wp","href":"https:\/\/api.w.org\/{rel}","templated":true}]}}