{"id":84163,"date":"2022-09-15T10:47:23","date_gmt":"2022-09-15T10:47:23","guid":{"rendered":"https:\/\/futllermo.com\/tienda\/producto\/macron-real-sociedad-segunda-equipacion-2019-2020-camiseta-green-talla-m\/"},"modified":"2022-09-15T10:47:34","modified_gmt":"2022-09-15T10:47:34","slug":"macron-real-sociedad-segunda-equipacion-2019-2020-camiseta-green-talla-m","status":"publish","type":"product","link":"https:\/\/futllermo.com\/tienda\/producto\/macron-real-sociedad-segunda-equipacion-2019-2020-camiseta-green-talla-m\/","title":{"rendered":"Macron Real Sociedad Segunda Equipaci\u00f3n 2019-2020, Camiseta, Green, Talla M"},"content":{"rendered":"<p>n<!-- show up to 2 reviews by default --> <\/p>\n<p>Le maillot de comp\u00e9tition en d\u00e9placement du Real Sociedad, en tissu softlock, se pr\u00e9sente en vert avec de l\u00e9g\u00e8res nuances couleur lime et il est caract\u00e9ris\u00e9 par un motif g\u00e9om\u00e9trique optique avec des losanges en contraste, qui reprend le style des ann\u00e9es 90&#8242;. De nombreux inserts en mesh et micromesh sont pr\u00e9sents, ce qui rend le v\u00eatement particuli\u00e8rement transpirable. La devise du club en langue basque &#8216; bat, bi, hiru, lau, bost, sei, zazpi&#8230;REAL! &#8216; a \u00e9t\u00e9 ins\u00e9r\u00e9e dans la partie interne, au niveau de la ceinture. \u00c0 l\u2019arri\u00e8re, le d\u00e9tail du drapeau basque brod\u00e9 enrichit le maillot. Le H\u00e9ros Macron est brod\u00e9, tandis que l\u2019\u00e9cusson du club &#8211; c\u00f4t\u00e9 c\u0153ur &#8211; est r\u00e9alis\u00e9 avec un patch tiss\u00e9. Le col est ras du cou avec le rabat c\u00f4tel\u00e9. En revanche, les manches sont en style raglan. <\/p>\n<p>n<\/p>\n","protected":false},"excerpt":{"rendered":"<p>n Le maillot de comp\u00e9tition en d\u00e9placement du Real Sociedad, en tissu softlock, se pr\u00e9sente en vert avec de l\u00e9g\u00e8res nuances couleur lime et il est caract\u00e9ris\u00e9 par un motif g\u00e9om\u00e9trique optique avec des losanges en contraste, qui reprend le style des ann\u00e9es 90&#8242;. De nombreux inserts en mesh et micromesh sont pr\u00e9sents, ce qui&#8230;<\/p>\n","protected":false},"featured_media":84164,"comment_status":"open","ping_status":"closed","template":"","meta":{"_kadence_starter_templates_imported_post":false,"_kad_post_transparent":"","_kad_post_title":"","_kad_post_layout":"","_kad_post_sidebar_id":"","_kad_post_content_style":"","_kad_post_vertical_padding":"","_kad_post_feature":"","_kad_post_feature_position":"","_kad_post_header":false,"_kad_post_footer":false},"product_brand":[],"product_cat":[739],"product_tag":[],"class_list":{"0":"post-84163","1":"product","2":"type-product","3":"status-publish","4":"has-post-thumbnail","6":"product_cat-camisetas-de-futbol-2020","8":"first","9":"instock","10":"shipping-taxable","11":"purchasable","12":"product-type-simple","13":"entry","14":"content-bg","15":"loop-entry"},"_links":{"self":[{"href":"https:\/\/futllermo.com\/tienda\/wp-json\/wp\/v2\/product\/84163","targetHints":{"allow":["GET"]}}],"collection":[{"href":"https:\/\/futllermo.com\/tienda\/wp-json\/wp\/v2\/product"}],"about":[{"href":"https:\/\/futllermo.com\/tienda\/wp-json\/wp\/v2\/types\/product"}],"replies":[{"embeddable":true,"href":"https:\/\/futllermo.com\/tienda\/wp-json\/wp\/v2\/comments?post=84163"}],"wp:featuredmedia":[{"embeddable":true,"href":"https:\/\/futllermo.com\/tienda\/wp-json\/wp\/v2\/media\/84164"}],"wp:attachment":[{"href":"https:\/\/futllermo.com\/tienda\/wp-json\/wp\/v2\/media?parent=84163"}],"wp:term":[{"taxonomy":"product_brand","embeddable":true,"href":"https:\/\/futllermo.com\/tienda\/wp-json\/wp\/v2\/product_brand?post=84163"},{"taxonomy":"product_cat","embeddable":true,"href":"https:\/\/futllermo.com\/tienda\/wp-json\/wp\/v2\/product_cat?post=84163"},{"taxonomy":"product_tag","embeddable":true,"href":"https:\/\/futllermo.com\/tienda\/wp-json\/wp\/v2\/product_tag?post=84163"}],"curies":[{"name":"wp","href":"https:\/\/api.w.org\/{rel}","templated":true}]}}