{"id":84161,"date":"2022-09-15T10:47:13","date_gmt":"2022-09-15T10:47:13","guid":{"rendered":"https:\/\/futllermo.com\/tienda\/producto\/umbro-2019-2020-west-ham-away-camiseta-de-futbol-para\/"},"modified":"2022-09-15T10:47:22","modified_gmt":"2022-09-15T10:47:22","slug":"umbro-2019-2020-west-ham-away-camiseta-de-futbol-para","status":"publish","type":"product","link":"https:\/\/futllermo.com\/tienda\/producto\/umbro-2019-2020-west-ham-away-camiseta-de-futbol-para\/","title":{"rendered":"Umbro 2019-2020 West Ham Away &#8211; Camiseta de f\u00fatbol para"},"content":{"rendered":"<p>n<!-- show up to 2 reviews by default --> <\/p>\n<p>Camiseta oficial 2019 2020 West Ham Kids Lejos de f\u00fatbol disponible para comprar en l\u00ednea. Este es el nuevo maillot de f\u00fatbol West Ham United que est\u00e1 disponible en tallas juveniles, medianas, ni\u00f1os grandes, XL y es fabricado por Umbro. A\u00f1ade el n\u00famero de tu jugador favorito, o incluso tu propia impresi\u00f3n de camisas, a tu camiseta por s\u00f3lo 12.95. Inspirado por la clase 80 West Ham Uniteds 1980 FA Cup equipo ganador de manga cortaBlanca con cuello en V con pu\u00f1os de color blanco y clarete resto con marco bordado junto a un logotipo de Umbro bordado en clareAzul paneles de hombro a rayas1980 gr\u00e1fico en la parte posterior del cuello y burdeos y ribete a rayas azules alrededor del cuelloWembley FA Cup Gr\u00e1fico final en el interior del cuelloBasset y manga dorada patrocinador en negroHecho con materiales ligeros, altamente t\u00e9cnicos de rendimiento de mapa corporal debajo del brazo para ventilaci\u00f3nEtiqueta tejida oficial con licencia de vestir con el West Ham United 2019\/20 Adultos y pantalones cortos y calcetines para preparaci\u00f3n e para la pr\u00f3xima temporada.100% poli\u00e9sterC\u00f3digo de producto 90313U-UNS <\/p>\n<p>nProducto nuevo con etiquetas.nUsado durante la temporada 2019-20nNo se recomienda lavar a m\u00e1s de 30 grados.nAdecuado para ni\u00f1os \u2013 Disponible en varios tama\u00f1os.nGarant\u00eda de satisfacci\u00f3n de devoluci\u00f3n de dineron<\/p>\n","protected":false},"excerpt":{"rendered":"<p>n Camiseta oficial 2019 2020 West Ham Kids Lejos de f\u00fatbol disponible para comprar en l\u00ednea. Este es el nuevo maillot de f\u00fatbol West Ham United que est\u00e1 disponible en tallas juveniles, medianas, ni\u00f1os grandes, XL y es fabricado por Umbro. A\u00f1ade el n\u00famero de tu jugador favorito, o incluso tu propia impresi\u00f3n de camisas,&#8230;<\/p>\n","protected":false},"featured_media":84162,"comment_status":"open","ping_status":"closed","template":"","meta":{"_kadence_starter_templates_imported_post":false,"_kad_post_transparent":"","_kad_post_title":"","_kad_post_layout":"","_kad_post_sidebar_id":"","_kad_post_content_style":"","_kad_post_vertical_padding":"","_kad_post_feature":"","_kad_post_feature_position":"","_kad_post_header":false,"_kad_post_footer":false},"product_brand":[],"product_cat":[739],"product_tag":[],"class_list":{"0":"post-84161","1":"product","2":"type-product","3":"status-publish","4":"has-post-thumbnail","6":"product_cat-camisetas-de-futbol-2020","8":"first","9":"instock","10":"shipping-taxable","11":"purchasable","12":"product-type-simple","13":"entry","14":"content-bg","15":"loop-entry"},"_links":{"self":[{"href":"https:\/\/futllermo.com\/tienda\/wp-json\/wp\/v2\/product\/84161","targetHints":{"allow":["GET"]}}],"collection":[{"href":"https:\/\/futllermo.com\/tienda\/wp-json\/wp\/v2\/product"}],"about":[{"href":"https:\/\/futllermo.com\/tienda\/wp-json\/wp\/v2\/types\/product"}],"replies":[{"embeddable":true,"href":"https:\/\/futllermo.com\/tienda\/wp-json\/wp\/v2\/comments?post=84161"}],"wp:featuredmedia":[{"embeddable":true,"href":"https:\/\/futllermo.com\/tienda\/wp-json\/wp\/v2\/media\/84162"}],"wp:attachment":[{"href":"https:\/\/futllermo.com\/tienda\/wp-json\/wp\/v2\/media?parent=84161"}],"wp:term":[{"taxonomy":"product_brand","embeddable":true,"href":"https:\/\/futllermo.com\/tienda\/wp-json\/wp\/v2\/product_brand?post=84161"},{"taxonomy":"product_cat","embeddable":true,"href":"https:\/\/futllermo.com\/tienda\/wp-json\/wp\/v2\/product_cat?post=84161"},{"taxonomy":"product_tag","embeddable":true,"href":"https:\/\/futllermo.com\/tienda\/wp-json\/wp\/v2\/product_tag?post=84161"}],"curies":[{"name":"wp","href":"https:\/\/api.w.org\/{rel}","templated":true}]}}