{"id":84157,"date":"2022-09-15T10:46:50","date_gmt":"2022-09-15T10:46:50","guid":{"rendered":"https:\/\/futllermo.com\/tienda\/producto\/piel-cabrera-camiseta-de-policia-nacional\/"},"modified":"2022-09-15T10:46:59","modified_gmt":"2022-09-15T10:46:59","slug":"piel-cabrera-camiseta-de-policia-nacional","status":"publish","type":"product","link":"https:\/\/futllermo.com\/tienda\/producto\/piel-cabrera-camiseta-de-policia-nacional\/","title":{"rendered":"Piel Cabrera Camiseta de Polic\u00eda Nacional"},"content":{"rendered":"<p>n<!-- show up to 2 reviews by default --> <\/p>\n<p>Camiseta de policia nacional 100% algod\u00f3n de alta calidad, vinilo muy resistente, marca Roly cuello redondo, lavar del rev\u00e9s para proteger el roce del vinilo. <\/p>\n<p>n100% Algod\u00f3nnManga cortan<\/p>\n","protected":false},"excerpt":{"rendered":"<p>n Camiseta de policia nacional 100% algod\u00f3n de alta calidad, vinilo muy resistente, marca Roly cuello redondo, lavar del rev\u00e9s para proteger el roce del vinilo. n100% Algod\u00f3nnManga cortan<\/p>\n","protected":false},"featured_media":84158,"comment_status":"open","ping_status":"closed","template":"","meta":{"_kadence_starter_templates_imported_post":false,"_kad_post_transparent":"","_kad_post_title":"","_kad_post_layout":"","_kad_post_sidebar_id":"","_kad_post_content_style":"","_kad_post_vertical_padding":"","_kad_post_feature":"","_kad_post_feature_position":"","_kad_post_header":false,"_kad_post_footer":false},"product_brand":[],"product_cat":[739],"product_tag":[],"class_list":{"0":"post-84157","1":"product","2":"type-product","3":"status-publish","4":"has-post-thumbnail","6":"product_cat-camisetas-de-futbol-2020","8":"first","9":"instock","10":"shipping-taxable","11":"purchasable","12":"product-type-simple","13":"entry","14":"content-bg","15":"loop-entry"},"_links":{"self":[{"href":"https:\/\/futllermo.com\/tienda\/wp-json\/wp\/v2\/product\/84157","targetHints":{"allow":["GET"]}}],"collection":[{"href":"https:\/\/futllermo.com\/tienda\/wp-json\/wp\/v2\/product"}],"about":[{"href":"https:\/\/futllermo.com\/tienda\/wp-json\/wp\/v2\/types\/product"}],"replies":[{"embeddable":true,"href":"https:\/\/futllermo.com\/tienda\/wp-json\/wp\/v2\/comments?post=84157"}],"wp:featuredmedia":[{"embeddable":true,"href":"https:\/\/futllermo.com\/tienda\/wp-json\/wp\/v2\/media\/84158"}],"wp:attachment":[{"href":"https:\/\/futllermo.com\/tienda\/wp-json\/wp\/v2\/media?parent=84157"}],"wp:term":[{"taxonomy":"product_brand","embeddable":true,"href":"https:\/\/futllermo.com\/tienda\/wp-json\/wp\/v2\/product_brand?post=84157"},{"taxonomy":"product_cat","embeddable":true,"href":"https:\/\/futllermo.com\/tienda\/wp-json\/wp\/v2\/product_cat?post=84157"},{"taxonomy":"product_tag","embeddable":true,"href":"https:\/\/futllermo.com\/tienda\/wp-json\/wp\/v2\/product_tag?post=84157"}],"curies":[{"name":"wp","href":"https:\/\/api.w.org\/{rel}","templated":true}]}}