{"id":84151,"date":"2022-09-15T10:46:33","date_gmt":"2022-09-15T10:46:33","guid":{"rendered":"https:\/\/futllermo.com\/tienda\/producto\/adidas-real-madrid-primera-equipacion-authentic-2019-2020-camiseta-white\/"},"modified":"2022-09-15T10:46:38","modified_gmt":"2022-09-15T10:46:38","slug":"adidas-real-madrid-primera-equipacion-authentic-2019-2020-camiseta-white","status":"publish","type":"product","link":"https:\/\/futllermo.com\/tienda\/producto\/adidas-real-madrid-primera-equipacion-authentic-2019-2020-camiseta-white\/","title":{"rendered":"adidas Real Madrid Primera Equipaci\u00f3n Authentic 2019-2020, Camiseta, White"},"content":{"rendered":"<p>n<!-- show up to 2 reviews by default --> <\/p>\n<p>\u00abEsta camiseta de casa refleja el estatus del Real Madrid como uno de los clubes de f\u00fatbol m\u00e1s prestigiosos del continente. El dise\u00f1o majestuoso presenta acentos dorados en un fondo blanco cl\u00e1sico. Construido para sobresalir en el nivel m\u00e1s alto, tiene una construcci\u00f3n liviana y de secado r\u00e1pido que te refresca en el calor m\u00e1s intenso. Los detalles de transferencia de calor y un ajuste atl\u00e9tico reducen el peso y la resistencia al viento, lo que te permite volar. <\/p>\n<p>n<\/p>\n","protected":false},"excerpt":{"rendered":"<p>n \u00abEsta camiseta de casa refleja el estatus del Real Madrid como uno de los clubes de f\u00fatbol m\u00e1s prestigiosos del continente. El dise\u00f1o majestuoso presenta acentos dorados en un fondo blanco cl\u00e1sico. Construido para sobresalir en el nivel m\u00e1s alto, tiene una construcci\u00f3n liviana y de secado r\u00e1pido que te refresca en el calor&#8230;<\/p>\n","protected":false},"featured_media":84152,"comment_status":"open","ping_status":"closed","template":"","meta":{"_kadence_starter_templates_imported_post":false,"_kad_post_transparent":"","_kad_post_title":"","_kad_post_layout":"","_kad_post_sidebar_id":"","_kad_post_content_style":"","_kad_post_vertical_padding":"","_kad_post_feature":"","_kad_post_feature_position":"","_kad_post_header":false,"_kad_post_footer":false},"product_brand":[],"product_cat":[739],"product_tag":[],"class_list":{"0":"post-84151","1":"product","2":"type-product","3":"status-publish","4":"has-post-thumbnail","6":"product_cat-camisetas-de-futbol-2020","8":"first","9":"instock","10":"shipping-taxable","11":"purchasable","12":"product-type-simple","13":"entry","14":"content-bg","15":"loop-entry"},"_links":{"self":[{"href":"https:\/\/futllermo.com\/tienda\/wp-json\/wp\/v2\/product\/84151","targetHints":{"allow":["GET"]}}],"collection":[{"href":"https:\/\/futllermo.com\/tienda\/wp-json\/wp\/v2\/product"}],"about":[{"href":"https:\/\/futllermo.com\/tienda\/wp-json\/wp\/v2\/types\/product"}],"replies":[{"embeddable":true,"href":"https:\/\/futllermo.com\/tienda\/wp-json\/wp\/v2\/comments?post=84151"}],"wp:featuredmedia":[{"embeddable":true,"href":"https:\/\/futllermo.com\/tienda\/wp-json\/wp\/v2\/media\/84152"}],"wp:attachment":[{"href":"https:\/\/futllermo.com\/tienda\/wp-json\/wp\/v2\/media?parent=84151"}],"wp:term":[{"taxonomy":"product_brand","embeddable":true,"href":"https:\/\/futllermo.com\/tienda\/wp-json\/wp\/v2\/product_brand?post=84151"},{"taxonomy":"product_cat","embeddable":true,"href":"https:\/\/futllermo.com\/tienda\/wp-json\/wp\/v2\/product_cat?post=84151"},{"taxonomy":"product_tag","embeddable":true,"href":"https:\/\/futllermo.com\/tienda\/wp-json\/wp\/v2\/product_tag?post=84151"}],"curies":[{"name":"wp","href":"https:\/\/api.w.org\/{rel}","templated":true}]}}