{"id":84141,"date":"2022-09-15T10:34:52","date_gmt":"2022-09-15T10:34:52","guid":{"rendered":"https:\/\/futllermo.com\/tienda\/producto\/adidas-juventus-fc-temporada-2020-21-juve-h-jsy-w-camiseta-primera-equipacion-mujer\/"},"modified":"2022-09-15T10:35:05","modified_gmt":"2022-09-15T10:35:05","slug":"adidas-juventus-fc-temporada-2020-21-juve-h-jsy-w-camiseta-primera-equipacion-mujer","status":"publish","type":"product","link":"https:\/\/futllermo.com\/tienda\/producto\/adidas-juventus-fc-temporada-2020-21-juve-h-jsy-w-camiseta-primera-equipacion-mujer\/","title":{"rendered":"adidas Juventus FC Temporada 2020\/21 Juve H JSY W Camiseta Primera equipaci\u00f3n Mujer"},"content":{"rendered":"<p>n<!-- show up to 2 reviews by default --> <\/p>\n<p>Dentro y fuera del campo, la Juventus siempre ha sido dif\u00edcil de ignorar. Esta camiseta de local de la Juventus destaca con pinceladas llamativas y detalles dorados. Hecho de un tejido suave que absorbe la humedad, te mantendr\u00e1 c\u00f3modo incluso cuando las cosas se ponen incompletas en el campo de f\u00fatbol. Una insignia tejida se firma con estilo. <\/p>\n<p>n<\/p>\n","protected":false},"excerpt":{"rendered":"<p>n Dentro y fuera del campo, la Juventus siempre ha sido dif\u00edcil de ignorar. Esta camiseta de local de la Juventus destaca con pinceladas llamativas y detalles dorados. Hecho de un tejido suave que absorbe la humedad, te mantendr\u00e1 c\u00f3modo incluso cuando las cosas se ponen incompletas en el campo de f\u00fatbol. Una insignia tejida&#8230;<\/p>\n","protected":false},"featured_media":84142,"comment_status":"open","ping_status":"closed","template":"","meta":{"_kadence_starter_templates_imported_post":false,"_kad_post_transparent":"","_kad_post_title":"","_kad_post_layout":"","_kad_post_sidebar_id":"","_kad_post_content_style":"","_kad_post_vertical_padding":"","_kad_post_feature":"","_kad_post_feature_position":"","_kad_post_header":false,"_kad_post_footer":false},"product_brand":[],"product_cat":[739],"product_tag":[],"class_list":{"0":"post-84141","1":"product","2":"type-product","3":"status-publish","4":"has-post-thumbnail","6":"product_cat-camisetas-de-futbol-2020","7":"pa_brand-brand","8":"pa_marca-visita-la-store-de-adidas","10":"first","11":"instock","12":"shipping-taxable","13":"purchasable","14":"product-type-simple","15":"entry","16":"content-bg","17":"loop-entry"},"_links":{"self":[{"href":"https:\/\/futllermo.com\/tienda\/wp-json\/wp\/v2\/product\/84141","targetHints":{"allow":["GET"]}}],"collection":[{"href":"https:\/\/futllermo.com\/tienda\/wp-json\/wp\/v2\/product"}],"about":[{"href":"https:\/\/futllermo.com\/tienda\/wp-json\/wp\/v2\/types\/product"}],"replies":[{"embeddable":true,"href":"https:\/\/futllermo.com\/tienda\/wp-json\/wp\/v2\/comments?post=84141"}],"wp:featuredmedia":[{"embeddable":true,"href":"https:\/\/futllermo.com\/tienda\/wp-json\/wp\/v2\/media\/84142"}],"wp:attachment":[{"href":"https:\/\/futllermo.com\/tienda\/wp-json\/wp\/v2\/media?parent=84141"}],"wp:term":[{"taxonomy":"product_brand","embeddable":true,"href":"https:\/\/futllermo.com\/tienda\/wp-json\/wp\/v2\/product_brand?post=84141"},{"taxonomy":"product_cat","embeddable":true,"href":"https:\/\/futllermo.com\/tienda\/wp-json\/wp\/v2\/product_cat?post=84141"},{"taxonomy":"product_tag","embeddable":true,"href":"https:\/\/futllermo.com\/tienda\/wp-json\/wp\/v2\/product_tag?post=84141"}],"curies":[{"name":"wp","href":"https:\/\/api.w.org\/{rel}","templated":true}]}}