{"id":84137,"date":"2022-09-15T10:34:37","date_gmt":"2022-09-15T10:34:37","guid":{"rendered":"https:\/\/futllermo.com\/tienda\/producto\/umbro-rcd-mallorca-primera-equipacion-2019-2020-camiseta-rojo-talla-2-3xl\/"},"modified":"2022-09-15T10:34:45","modified_gmt":"2022-09-15T10:34:45","slug":"umbro-rcd-mallorca-primera-equipacion-2019-2020-camiseta-rojo-talla-2-3xl","status":"publish","type":"product","link":"https:\/\/futllermo.com\/tienda\/producto\/umbro-rcd-mallorca-primera-equipacion-2019-2020-camiseta-rojo-talla-2-3xl\/","title":{"rendered":"UMBRO RCD Mallorca Primera Equipaci\u00f3n 2019-2020, Camiseta, Rojo, Talla 2\/3XL"},"content":{"rendered":"<p>n<!-- show up to 2 reviews by default --> <\/p>\n<p>Camiseta RCD Mallorca Primera Equipaci\u00f3n 2019-2020Luce la camiseta del equipo Balear en sus partidos c\u00f3mo local con la primera equipaci\u00f3n. <\/p>\n<p>n<\/p>\n","protected":false},"excerpt":{"rendered":"<p>n Camiseta RCD Mallorca Primera Equipaci\u00f3n 2019-2020Luce la camiseta del equipo Balear en sus partidos c\u00f3mo local con la primera equipaci\u00f3n. n<\/p>\n","protected":false},"featured_media":84138,"comment_status":"open","ping_status":"closed","template":"","meta":{"_kadence_starter_templates_imported_post":false,"_kad_post_transparent":"","_kad_post_title":"","_kad_post_layout":"","_kad_post_sidebar_id":"","_kad_post_content_style":"","_kad_post_vertical_padding":"","_kad_post_feature":"","_kad_post_feature_position":"","_kad_post_header":false,"_kad_post_footer":false},"product_brand":[],"product_cat":[739],"product_tag":[],"class_list":{"0":"post-84137","1":"product","2":"type-product","3":"status-publish","4":"has-post-thumbnail","6":"product_cat-camisetas-de-futbol-2020","7":"pa_brand-brand","8":"pa_marca-marca-umbro","10":"first","11":"instock","12":"shipping-taxable","13":"purchasable","14":"product-type-simple","15":"entry","16":"content-bg","17":"loop-entry"},"_links":{"self":[{"href":"https:\/\/futllermo.com\/tienda\/wp-json\/wp\/v2\/product\/84137","targetHints":{"allow":["GET"]}}],"collection":[{"href":"https:\/\/futllermo.com\/tienda\/wp-json\/wp\/v2\/product"}],"about":[{"href":"https:\/\/futllermo.com\/tienda\/wp-json\/wp\/v2\/types\/product"}],"replies":[{"embeddable":true,"href":"https:\/\/futllermo.com\/tienda\/wp-json\/wp\/v2\/comments?post=84137"}],"wp:featuredmedia":[{"embeddable":true,"href":"https:\/\/futllermo.com\/tienda\/wp-json\/wp\/v2\/media\/84138"}],"wp:attachment":[{"href":"https:\/\/futllermo.com\/tienda\/wp-json\/wp\/v2\/media?parent=84137"}],"wp:term":[{"taxonomy":"product_brand","embeddable":true,"href":"https:\/\/futllermo.com\/tienda\/wp-json\/wp\/v2\/product_brand?post=84137"},{"taxonomy":"product_cat","embeddable":true,"href":"https:\/\/futllermo.com\/tienda\/wp-json\/wp\/v2\/product_cat?post=84137"},{"taxonomy":"product_tag","embeddable":true,"href":"https:\/\/futllermo.com\/tienda\/wp-json\/wp\/v2\/product_tag?post=84137"}],"curies":[{"name":"wp","href":"https:\/\/api.w.org\/{rel}","templated":true}]}}