{"id":84135,"date":"2022-09-15T10:34:26","date_gmt":"2022-09-15T10:34:26","guid":{"rendered":"https:\/\/futllermo.com\/tienda\/producto\/puma-hombre-regular-tops-valencia-cf-kinder-auswarts-mini-set\/"},"modified":"2022-09-15T10:34:36","modified_gmt":"2022-09-15T10:34:36","slug":"puma-hombre-regular-tops-valencia-cf-kinder-auswarts-mini-set","status":"publish","type":"product","link":"https:\/\/futllermo.com\/tienda\/producto\/puma-hombre-regular-tops-valencia-cf-kinder-auswarts-mini-set\/","title":{"rendered":"PUMA Hombre Regular Tops Valencia CF Kinder Ausw\u00e4rts Mini Set"},"content":{"rendered":"<p>n<!-- show up to 2 reviews by default --> <\/p>\n<p>Conjunto para ni\u00f1o de manga corta de la segunda equipaci\u00f3n del Valencia CF para la temporada 2019-2020 de la marca PumaPuma lanza una nueva colecci\u00f3n de la primera equipaci\u00f3n del equipo valenciano con los colores cl\u00e1sicos. <\/p>\n<p>n<\/p>\n","protected":false},"excerpt":{"rendered":"<p>n Conjunto para ni\u00f1o de manga corta de la segunda equipaci\u00f3n del Valencia CF para la temporada 2019-2020 de la marca PumaPuma lanza una nueva colecci\u00f3n de la primera equipaci\u00f3n del equipo valenciano con los colores cl\u00e1sicos. n<\/p>\n","protected":false},"featured_media":84136,"comment_status":"open","ping_status":"closed","template":"","meta":{"_kadence_starter_templates_imported_post":false,"_kad_post_transparent":"","_kad_post_title":"","_kad_post_layout":"","_kad_post_sidebar_id":"","_kad_post_content_style":"","_kad_post_vertical_padding":"","_kad_post_feature":"","_kad_post_feature_position":"","_kad_post_header":false,"_kad_post_footer":false},"product_brand":[],"product_cat":[739],"product_tag":[],"class_list":{"0":"post-84135","1":"product","2":"type-product","3":"status-publish","4":"has-post-thumbnail","6":"product_cat-camisetas-de-futbol-2020","7":"pa_brand-brand","8":"pa_marca-visita-la-store-de-puma","10":"first","11":"instock","12":"shipping-taxable","13":"purchasable","14":"product-type-simple","15":"entry","16":"content-bg","17":"loop-entry"},"_links":{"self":[{"href":"https:\/\/futllermo.com\/tienda\/wp-json\/wp\/v2\/product\/84135","targetHints":{"allow":["GET"]}}],"collection":[{"href":"https:\/\/futllermo.com\/tienda\/wp-json\/wp\/v2\/product"}],"about":[{"href":"https:\/\/futllermo.com\/tienda\/wp-json\/wp\/v2\/types\/product"}],"replies":[{"embeddable":true,"href":"https:\/\/futllermo.com\/tienda\/wp-json\/wp\/v2\/comments?post=84135"}],"wp:featuredmedia":[{"embeddable":true,"href":"https:\/\/futllermo.com\/tienda\/wp-json\/wp\/v2\/media\/84136"}],"wp:attachment":[{"href":"https:\/\/futllermo.com\/tienda\/wp-json\/wp\/v2\/media?parent=84135"}],"wp:term":[{"taxonomy":"product_brand","embeddable":true,"href":"https:\/\/futllermo.com\/tienda\/wp-json\/wp\/v2\/product_brand?post=84135"},{"taxonomy":"product_cat","embeddable":true,"href":"https:\/\/futllermo.com\/tienda\/wp-json\/wp\/v2\/product_cat?post=84135"},{"taxonomy":"product_tag","embeddable":true,"href":"https:\/\/futllermo.com\/tienda\/wp-json\/wp\/v2\/product_tag?post=84135"}],"curies":[{"name":"wp","href":"https:\/\/api.w.org\/{rel}","templated":true}]}}