{"id":84129,"date":"2022-09-15T10:33:39","date_gmt":"2022-09-15T10:33:39","guid":{"rendered":"https:\/\/futllermo.com\/tienda\/producto\/celtic-fc-camiseta-oficial-de-entrenamiento-para-hombre-poliester\/"},"modified":"2022-09-15T10:34:01","modified_gmt":"2022-09-15T10:34:01","slug":"celtic-fc-camiseta-oficial-de-entrenamiento-para-hombre-poliester","status":"publish","type":"product","link":"https:\/\/futllermo.com\/tienda\/producto\/celtic-fc-camiseta-oficial-de-entrenamiento-para-hombre-poliester\/","title":{"rendered":"Celtic FC &#8211; Camiseta oficial de entrenamiento &#8211; Para hombre &#8211; Poli\u00e9ster"},"content":{"rendered":"<p>nCamiseta oficial del Celtic FC para hombre, hecha de poli\u00e9ster.nCon el escudo del club hecho de goma y superpuesto en el pecho.n100% Poli\u00e9sternTama\u00f1o de la prenda (pecho): S: 101 cm \/\/ M: 106 cm \/\/ L: 111 cm \/\/ XL: 116 cm \/\/ XXL: 127 cm \/\/ 3XL: 134 cmnCamiseta de alto rendimiento; 100 % poli\u00e9ster.n<\/p>\n","protected":false},"excerpt":{"rendered":"<p>nCamiseta oficial del Celtic FC para hombre, hecha de poli\u00e9ster.nCon el escudo del club hecho de goma y superpuesto en el pecho.n100% Poli\u00e9sternTama\u00f1o de la prenda (pecho): S: 101 cm \/\/ M: 106 cm \/\/ L: 111 cm \/\/ XL: 116 cm \/\/ XXL: 127 cm \/\/ 3XL: 134 cmnCamiseta de alto rendimiento; 100 %&#8230;<\/p>\n","protected":false},"featured_media":84130,"comment_status":"open","ping_status":"closed","template":"","meta":{"_kadence_starter_templates_imported_post":false,"_kad_post_transparent":"","_kad_post_title":"","_kad_post_layout":"","_kad_post_sidebar_id":"","_kad_post_content_style":"","_kad_post_vertical_padding":"","_kad_post_feature":"","_kad_post_feature_position":"","_kad_post_header":false,"_kad_post_footer":false},"product_brand":[],"product_cat":[699],"product_tag":[],"class_list":{"0":"post-84129","1":"product","2":"type-product","3":"status-publish","4":"has-post-thumbnail","6":"product_cat-camisetas-de-futbol","7":"pa_brand-brand","8":"pa_marca-marca-celtic-fc","10":"first","11":"instock","12":"shipping-taxable","13":"purchasable","14":"product-type-simple","15":"entry","16":"content-bg","17":"loop-entry"},"_links":{"self":[{"href":"https:\/\/futllermo.com\/tienda\/wp-json\/wp\/v2\/product\/84129","targetHints":{"allow":["GET"]}}],"collection":[{"href":"https:\/\/futllermo.com\/tienda\/wp-json\/wp\/v2\/product"}],"about":[{"href":"https:\/\/futllermo.com\/tienda\/wp-json\/wp\/v2\/types\/product"}],"replies":[{"embeddable":true,"href":"https:\/\/futllermo.com\/tienda\/wp-json\/wp\/v2\/comments?post=84129"}],"wp:featuredmedia":[{"embeddable":true,"href":"https:\/\/futllermo.com\/tienda\/wp-json\/wp\/v2\/media\/84130"}],"wp:attachment":[{"href":"https:\/\/futllermo.com\/tienda\/wp-json\/wp\/v2\/media?parent=84129"}],"wp:term":[{"taxonomy":"product_brand","embeddable":true,"href":"https:\/\/futllermo.com\/tienda\/wp-json\/wp\/v2\/product_brand?post=84129"},{"taxonomy":"product_cat","embeddable":true,"href":"https:\/\/futllermo.com\/tienda\/wp-json\/wp\/v2\/product_cat?post=84129"},{"taxonomy":"product_tag","embeddable":true,"href":"https:\/\/futllermo.com\/tienda\/wp-json\/wp\/v2\/product_tag?post=84129"}],"curies":[{"name":"wp","href":"https:\/\/api.w.org\/{rel}","templated":true}]}}