{"id":84127,"date":"2022-09-15T10:33:26","date_gmt":"2022-09-15T10:33:26","guid":{"rendered":"https:\/\/futllermo.com\/tienda\/producto\/adidas-camiseta-de-futbol-del-real-madrid-2016-2017-ninos\/"},"modified":"2022-09-15T10:33:39","modified_gmt":"2022-09-15T10:33:39","slug":"adidas-camiseta-de-futbol-del-real-madrid-2016-2017-ninos","status":"publish","type":"product","link":"https:\/\/futllermo.com\/tienda\/producto\/adidas-camiseta-de-futbol-del-real-madrid-2016-2017-ninos\/","title":{"rendered":"adidas Camiseta de f\u00fatbol del Real Madrid 2016-2017 (ni\u00f1os)"},"content":{"rendered":"<p>n<!-- show up to 2 reviews by default --> <\/p>\n<p>Camiseta oficial del Real Madrid para la temporada 2016 2017 de la Liga. Este aut\u00e9ntico kit de f\u00fatbol est\u00e1 disponible en tallas juveniles peque\u00f1os, medianos y ni\u00f1os grandes, XL y es fabricado por Adidas. Personaliza tu camiseta de f\u00fatbol con el nombre y n\u00famero de tu jugador favorito, incluyendo Gareth Bale, Cristiano Ronaldo, o elige tu propia impresi\u00f3n de camisas personalizada. La camiseta Adidas Real Madrid 2016 2017 Junior es ideal para cualquier fan joven mientras animas al equipo durante toda la temporada 2016\/17. La camiseta est\u00e1 fabricada con la \u00faltima tecnolog\u00eda Climacool para garantizar que permanezcan frescos, secos y c\u00f3modos en todo momento mientras juegas. La camiseta cuenta con el escudo del equipo en la parte delantera de la camisa, junto con la marca adidas y el patrocinador del club para un gran aspecto. &gt; Camiseta de f\u00fatbol &gt; Cuello redondo &gt; Manga corta &gt; Team crest &gt; Club sponsor &gt; Tecnolog\u00eda Climacool &gt; Marca adidas &gt; Mantener alejado del fuego &gt; 100% poli\u00e9ster &gt; Lavable a m\u00e1quina. C\u00f3digo de producto AI5163 <\/p>\n<p>nProducto nuevo con etiquetas.nUsado durante la temporada 2016-17nManga cortanNo se recomienda lavar a m\u00e1s de 30 grados.nAdecuado para ni\u00f1os \u2013 Disponible en varios tama\u00f1os.nTama\u00f1o: 11\/12 a\u00f1os \u2013 US Medium Boys \u2013 76 \u2013 32 pulgadas.n<\/p>\n","protected":false},"excerpt":{"rendered":"<p>n Camiseta oficial del Real Madrid para la temporada 2016 2017 de la Liga. Este aut\u00e9ntico kit de f\u00fatbol est\u00e1 disponible en tallas juveniles peque\u00f1os, medianos y ni\u00f1os grandes, XL y es fabricado por Adidas. Personaliza tu camiseta de f\u00fatbol con el nombre y n\u00famero de tu jugador favorito, incluyendo Gareth Bale, Cristiano Ronaldo, o&#8230;<\/p>\n","protected":false},"featured_media":84128,"comment_status":"open","ping_status":"closed","template":"","meta":{"_kadence_starter_templates_imported_post":false,"_kad_post_transparent":"","_kad_post_title":"","_kad_post_layout":"","_kad_post_sidebar_id":"","_kad_post_content_style":"","_kad_post_vertical_padding":"","_kad_post_feature":"","_kad_post_feature_position":"","_kad_post_header":false,"_kad_post_footer":false},"product_brand":[],"product_cat":[699],"product_tag":[],"class_list":{"0":"post-84127","1":"product","2":"type-product","3":"status-publish","4":"has-post-thumbnail","6":"product_cat-camisetas-de-futbol","7":"pa_brand-brand","8":"pa_marca-visita-la-store-de-adidas","10":"first","11":"instock","12":"shipping-taxable","13":"purchasable","14":"product-type-simple","15":"entry","16":"content-bg","17":"loop-entry"},"_links":{"self":[{"href":"https:\/\/futllermo.com\/tienda\/wp-json\/wp\/v2\/product\/84127","targetHints":{"allow":["GET"]}}],"collection":[{"href":"https:\/\/futllermo.com\/tienda\/wp-json\/wp\/v2\/product"}],"about":[{"href":"https:\/\/futllermo.com\/tienda\/wp-json\/wp\/v2\/types\/product"}],"replies":[{"embeddable":true,"href":"https:\/\/futllermo.com\/tienda\/wp-json\/wp\/v2\/comments?post=84127"}],"wp:featuredmedia":[{"embeddable":true,"href":"https:\/\/futllermo.com\/tienda\/wp-json\/wp\/v2\/media\/84128"}],"wp:attachment":[{"href":"https:\/\/futllermo.com\/tienda\/wp-json\/wp\/v2\/media?parent=84127"}],"wp:term":[{"taxonomy":"product_brand","embeddable":true,"href":"https:\/\/futllermo.com\/tienda\/wp-json\/wp\/v2\/product_brand?post=84127"},{"taxonomy":"product_cat","embeddable":true,"href":"https:\/\/futllermo.com\/tienda\/wp-json\/wp\/v2\/product_cat?post=84127"},{"taxonomy":"product_tag","embeddable":true,"href":"https:\/\/futllermo.com\/tienda\/wp-json\/wp\/v2\/product_tag?post=84127"}],"curies":[{"name":"wp","href":"https:\/\/api.w.org\/{rel}","templated":true}]}}