{"id":84123,"date":"2022-09-15T10:33:01","date_gmt":"2022-09-15T10:33:01","guid":{"rendered":"https:\/\/futllermo.com\/tienda\/producto\/copa-football-camiseta-retro-espana-anos-1980-xl\/"},"modified":"2022-09-15T10:33:16","modified_gmt":"2022-09-15T10:33:16","slug":"copa-football-camiseta-retro-espana-anos-1980-xl","status":"publish","type":"product","link":"https:\/\/futllermo.com\/tienda\/producto\/copa-football-camiseta-retro-espana-anos-1980-xl\/","title":{"rendered":"Copa Football &#8211; Camiseta Retro Espa\u00f1a a\u00f1os 1980 (XL)"},"content":{"rendered":"<p>n<!-- show up to 2 reviews by default --> <\/p>\n<p>Maillot domicile Espagne 1980\u2019s Les ann\u00e9es 1980 ont \u00e9t\u00e9 une autre d\u00e9cennie perdue pour une \u00e9quipe nationale espagnole qui a continu\u00e9 \u00e0 ne pas \u00eatre \u00e0 la hauteur de son potentiel. Il y a eu beaucoup de d\u00e9ception comme la mauvaise impression lors de leur Coupe du Monde en 1982 avec l&#8217;escouade peu engageante de Jos\u00e9 Santamaria ou encore la faible sortie de l&#8217;Euro 1988 en phase de groupes. Et puis il y a eu des moments de promesses comme atteindre la finale des Championnats d&#8217;Europe en 1984 sous Miguel Mu\u00f1oz, contre vents et mar\u00e9es, avant de tomber aux mains des h\u00f4tes fran\u00e7ais apr\u00e8s une erreur individuelle d\u00e9sastreuse du gardien Luis Arconada. 50% coton; 50% polyester <\/p>\n<p>n<\/p>\n","protected":false},"excerpt":{"rendered":"<p>n Maillot domicile Espagne 1980\u2019s Les ann\u00e9es 1980 ont \u00e9t\u00e9 une autre d\u00e9cennie perdue pour une \u00e9quipe nationale espagnole qui a continu\u00e9 \u00e0 ne pas \u00eatre \u00e0 la hauteur de son potentiel. Il y a eu beaucoup de d\u00e9ception comme la mauvaise impression lors de leur Coupe du Monde en 1982 avec l&#8217;escouade peu engageante&#8230;<\/p>\n","protected":false},"featured_media":84124,"comment_status":"open","ping_status":"closed","template":"","meta":{"_kadence_starter_templates_imported_post":false,"_kad_post_transparent":"","_kad_post_title":"","_kad_post_layout":"","_kad_post_sidebar_id":"","_kad_post_content_style":"","_kad_post_vertical_padding":"","_kad_post_feature":"","_kad_post_feature_position":"","_kad_post_header":false,"_kad_post_footer":false},"product_brand":[],"product_cat":[699],"product_tag":[],"class_list":{"0":"post-84123","1":"product","2":"type-product","3":"status-publish","4":"has-post-thumbnail","6":"product_cat-camisetas-de-futbol","7":"pa_brand-brand","8":"pa_marca-marca-copa","10":"first","11":"instock","12":"shipping-taxable","13":"purchasable","14":"product-type-simple","15":"entry","16":"content-bg","17":"loop-entry"},"_links":{"self":[{"href":"https:\/\/futllermo.com\/tienda\/wp-json\/wp\/v2\/product\/84123","targetHints":{"allow":["GET"]}}],"collection":[{"href":"https:\/\/futllermo.com\/tienda\/wp-json\/wp\/v2\/product"}],"about":[{"href":"https:\/\/futllermo.com\/tienda\/wp-json\/wp\/v2\/types\/product"}],"replies":[{"embeddable":true,"href":"https:\/\/futllermo.com\/tienda\/wp-json\/wp\/v2\/comments?post=84123"}],"wp:featuredmedia":[{"embeddable":true,"href":"https:\/\/futllermo.com\/tienda\/wp-json\/wp\/v2\/media\/84124"}],"wp:attachment":[{"href":"https:\/\/futllermo.com\/tienda\/wp-json\/wp\/v2\/media?parent=84123"}],"wp:term":[{"taxonomy":"product_brand","embeddable":true,"href":"https:\/\/futllermo.com\/tienda\/wp-json\/wp\/v2\/product_brand?post=84123"},{"taxonomy":"product_cat","embeddable":true,"href":"https:\/\/futllermo.com\/tienda\/wp-json\/wp\/v2\/product_cat?post=84123"},{"taxonomy":"product_tag","embeddable":true,"href":"https:\/\/futllermo.com\/tienda\/wp-json\/wp\/v2\/product_tag?post=84123"}],"curies":[{"name":"wp","href":"https:\/\/api.w.org\/{rel}","templated":true}]}}