{"id":84121,"date":"2022-09-15T10:32:56","date_gmt":"2022-09-15T10:32:56","guid":{"rendered":"https:\/\/futllermo.com\/tienda\/producto\/print-me-a-shirt-conjunto-de-futbol-seleccion-espanola-personalizable-para-ninos-camiseta-pantalones-cortos\/"},"modified":"2022-09-15T10:33:01","modified_gmt":"2022-09-15T10:33:01","slug":"print-me-a-shirt-conjunto-de-futbol-seleccion-espanola-personalizable-para-ninos-camiseta-pantalones-cortos","status":"publish","type":"product","link":"https:\/\/futllermo.com\/tienda\/producto\/print-me-a-shirt-conjunto-de-futbol-seleccion-espanola-personalizable-para-ninos-camiseta-pantalones-cortos\/","title":{"rendered":"Print Me A Shirt Conjunto de F\u00fatbol Selecci\u00f3n Espa\u00f1ola Personalizable para Ni\u00f1os, Camiseta, Pantalones Cortos\u2026"},"content":{"rendered":"<p>n<!-- show up to 2 reviews by default --> <\/p>\n<p>Nuestros kits deportivos no oficiales son el regalo perfecto tanto para ni\u00f1os como para adultos. Puede personalizar la camiseta de f\u00fatbol, los pantalones cortos y el bolso con un nombre y n\u00famero y elegir entre diferentes estilos de impresi\u00f3n. Hecho de telas de buena calidad con impresi\u00f3n de alta calidad que durar\u00e1n y durar\u00e1n. Compre su kit de estilo de Espa\u00f1a ahora y parezca un profesional donde quiera que juegue. <\/p>\n<p>nGran alternativa de f\u00fatbol no oficial insignia de pa\u00eds impresa en el pecho izquierdo.nSimplemente elija su tama\u00f1o, luego presione el bot\u00f3n &#8216;personalizar ahora&#8217; y dise\u00f1e su kit en l\u00ednea, \u00a1Es as\u00ed de f\u00e1cil!nPerfecto para llevar al partido o en el campo.nLa camiseta y los pantalones cortos est\u00e1n hechos de tela deportiva de secado r\u00e1pido.nImpresi\u00f3n de alta calidad de su nombre y n\u00famero en la camiseta, pantalones cortos y bolso.n<\/p>\n","protected":false},"excerpt":{"rendered":"<p>n Nuestros kits deportivos no oficiales son el regalo perfecto tanto para ni\u00f1os como para adultos. Puede personalizar la camiseta de f\u00fatbol, los pantalones cortos y el bolso con un nombre y n\u00famero y elegir entre diferentes estilos de impresi\u00f3n. Hecho de telas de buena calidad con impresi\u00f3n de alta calidad que durar\u00e1n y durar\u00e1n&#8230;.<\/p>\n","protected":false},"featured_media":84122,"comment_status":"open","ping_status":"closed","template":"","meta":{"_kadence_starter_templates_imported_post":false,"_kad_post_transparent":"","_kad_post_title":"","_kad_post_layout":"","_kad_post_sidebar_id":"","_kad_post_content_style":"","_kad_post_vertical_padding":"","_kad_post_feature":"","_kad_post_feature_position":"","_kad_post_header":false,"_kad_post_footer":false},"product_brand":[],"product_cat":[699],"product_tag":[],"class_list":{"0":"post-84121","1":"product","2":"type-product","3":"status-publish","4":"has-post-thumbnail","6":"product_cat-camisetas-de-futbol","7":"pa_brand-brand","8":"pa_marca-marca-print-me-a-shirt","10":"first","11":"instock","12":"shipping-taxable","13":"purchasable","14":"product-type-simple","15":"entry","16":"content-bg","17":"loop-entry"},"_links":{"self":[{"href":"https:\/\/futllermo.com\/tienda\/wp-json\/wp\/v2\/product\/84121","targetHints":{"allow":["GET"]}}],"collection":[{"href":"https:\/\/futllermo.com\/tienda\/wp-json\/wp\/v2\/product"}],"about":[{"href":"https:\/\/futllermo.com\/tienda\/wp-json\/wp\/v2\/types\/product"}],"replies":[{"embeddable":true,"href":"https:\/\/futllermo.com\/tienda\/wp-json\/wp\/v2\/comments?post=84121"}],"wp:featuredmedia":[{"embeddable":true,"href":"https:\/\/futllermo.com\/tienda\/wp-json\/wp\/v2\/media\/84122"}],"wp:attachment":[{"href":"https:\/\/futllermo.com\/tienda\/wp-json\/wp\/v2\/media?parent=84121"}],"wp:term":[{"taxonomy":"product_brand","embeddable":true,"href":"https:\/\/futllermo.com\/tienda\/wp-json\/wp\/v2\/product_brand?post=84121"},{"taxonomy":"product_cat","embeddable":true,"href":"https:\/\/futllermo.com\/tienda\/wp-json\/wp\/v2\/product_cat?post=84121"},{"taxonomy":"product_tag","embeddable":true,"href":"https:\/\/futllermo.com\/tienda\/wp-json\/wp\/v2\/product_tag?post=84121"}],"curies":[{"name":"wp","href":"https:\/\/api.w.org\/{rel}","templated":true}]}}