{"id":84119,"date":"2022-09-15T10:32:45","date_gmt":"2022-09-15T10:32:45","guid":{"rendered":"https:\/\/futllermo.com\/tienda\/producto\/fcb-fc-barcelona-camiseta-oficial-para-entrenamiento-para-hombre-poliester\/"},"modified":"2022-09-15T10:32:56","modified_gmt":"2022-09-15T10:32:56","slug":"fcb-fc-barcelona-camiseta-oficial-para-entrenamiento-para-hombre-poliester","status":"publish","type":"product","link":"https:\/\/futllermo.com\/tienda\/producto\/fcb-fc-barcelona-camiseta-oficial-para-entrenamiento-para-hombre-poliester\/","title":{"rendered":"FCB FC Barcelona &#8211; Camiseta Oficial para Entrenamiento &#8211; para Hombre &#8211; Poli\u00e9ster"},"content":{"rendered":"<p>n<!-- show up to 2 reviews by default --> <\/p>\n<p>Oficial del FC Barcelona para hombre camiseta de poli\u00e9ster en casa kit de colores<br \/>Impresi\u00f3n a todo color, escudo y texto para ba\u00fal<br \/>Tama\u00f1o: Peque\u00f1a: 38 \u00ab, M 40\u00bb, L 42 \u00ab; XL 44\u00bb; XXL 46 \u00ab, 3 x l 48\u00bb<br \/>Camiseta Hi Spec; 100% poli\u00e9ster<br \/>Muchas m\u00e1s ideas de regalo para \u00e9l @ FootballShopOnline <\/p>\n<p>nCamiseta oficial del F.C. Barcelona de poliester, con los colores de casa.nEscudo del club en color y texto impreso en el pecho.n100% Poli\u00e9sternTallas:S 96,5 cm; M 101,6 cm; L 106,6 cm; XL 111,7 cm; XXL 116,8 cm; 3XL 122 cm.nCamiseta de alta calidad; 100% poliester.nPuedes encontrar muchas m\u00e1s ideas de regalo para \u00e9l en FootballShopOnline.n<\/p>\n","protected":false},"excerpt":{"rendered":"<p>n Oficial del FC Barcelona para hombre camiseta de poli\u00e9ster en casa kit de coloresImpresi\u00f3n a todo color, escudo y texto para ba\u00falTama\u00f1o: Peque\u00f1a: 38 \u00ab, M 40\u00bb, L 42 \u00ab; XL 44\u00bb; XXL 46 \u00ab, 3 x l 48\u00bbCamiseta Hi Spec; 100% poli\u00e9sterMuchas m\u00e1s ideas de regalo para \u00e9l @ FootballShopOnline nCamiseta oficial del&#8230;<\/p>\n","protected":false},"featured_media":84120,"comment_status":"open","ping_status":"closed","template":"","meta":{"_kadence_starter_templates_imported_post":false,"_kad_post_transparent":"","_kad_post_title":"","_kad_post_layout":"","_kad_post_sidebar_id":"","_kad_post_content_style":"","_kad_post_vertical_padding":"","_kad_post_feature":"","_kad_post_feature_position":"","_kad_post_header":false,"_kad_post_footer":false},"product_brand":[],"product_cat":[699],"product_tag":[],"class_list":{"0":"post-84119","1":"product","2":"type-product","3":"status-publish","4":"has-post-thumbnail","6":"product_cat-camisetas-de-futbol","7":"pa_brand-brand","8":"pa_marca-marca-fcb","10":"first","11":"instock","12":"shipping-taxable","13":"purchasable","14":"product-type-simple","15":"entry","16":"content-bg","17":"loop-entry"},"_links":{"self":[{"href":"https:\/\/futllermo.com\/tienda\/wp-json\/wp\/v2\/product\/84119","targetHints":{"allow":["GET"]}}],"collection":[{"href":"https:\/\/futllermo.com\/tienda\/wp-json\/wp\/v2\/product"}],"about":[{"href":"https:\/\/futllermo.com\/tienda\/wp-json\/wp\/v2\/types\/product"}],"replies":[{"embeddable":true,"href":"https:\/\/futllermo.com\/tienda\/wp-json\/wp\/v2\/comments?post=84119"}],"wp:featuredmedia":[{"embeddable":true,"href":"https:\/\/futllermo.com\/tienda\/wp-json\/wp\/v2\/media\/84120"}],"wp:attachment":[{"href":"https:\/\/futllermo.com\/tienda\/wp-json\/wp\/v2\/media?parent=84119"}],"wp:term":[{"taxonomy":"product_brand","embeddable":true,"href":"https:\/\/futllermo.com\/tienda\/wp-json\/wp\/v2\/product_brand?post=84119"},{"taxonomy":"product_cat","embeddable":true,"href":"https:\/\/futllermo.com\/tienda\/wp-json\/wp\/v2\/product_cat?post=84119"},{"taxonomy":"product_tag","embeddable":true,"href":"https:\/\/futllermo.com\/tienda\/wp-json\/wp\/v2\/product_tag?post=84119"}],"curies":[{"name":"wp","href":"https:\/\/api.w.org\/{rel}","templated":true}]}}