{"id":84113,"date":"2022-09-15T10:32:21","date_gmt":"2022-09-15T10:32:21","guid":{"rendered":"https:\/\/futllermo.com\/tienda\/producto\/liverpool-fc-camiseta-oficial-de-entrenamiento-para-nino-poliester\/"},"modified":"2022-09-15T10:32:31","modified_gmt":"2022-09-15T10:32:31","slug":"liverpool-fc-camiseta-oficial-de-entrenamiento-para-nino-poliester","status":"publish","type":"product","link":"https:\/\/futllermo.com\/tienda\/producto\/liverpool-fc-camiseta-oficial-de-entrenamiento-para-nino-poliester\/","title":{"rendered":"Liverpool FC &#8211; Camiseta Oficial de Entrenamiento &#8211; para ni\u00f1o &#8211; Poli\u00e9ster"},"content":{"rendered":"<p>n<!-- show up to 2 reviews by default --> <\/p>\n<ul>\n<li>Camiseta oficial del LFC de poli\u00e9ster. <\/li>\n<li>Escudo del club bordado en el pecho. <\/li>\n<li>Camiseta de alta especificaci\u00f3n; 100% poli\u00e9ster. <\/li>\n<li>Tama\u00f1o de la prenda (pecho): 2 \u2013 3 a\u00f1os 61 cm, 4 \u2013 5 a\u00f1os 63 cm, 6 \u2013 7 a\u00f1os 66 cm; 8 \u2013 9 a\u00f1os 71 cm; 10 \u2013 11 a\u00f1os 81 cm; 12 \u2013 13 a\u00f1os 86 cm. <\/li>\n<li>Muchas m\u00e1s ideas de regalo @ FootballShopOnline <\/li>\n<\/ul>\n<p>nCamiseta oficial del Liverpool FC para ni\u00f1o, hecha de poli\u00e9ster.nCon el escudo del club con los colores originales y un Liverbird bordado en el pecho.n100 % poli\u00e9sternCamiseta de alto rendimiento; 100 % poli\u00e9ster.nTama\u00f1o: 6-7 a\u00f1os (66 cm) \/\/ 8-9 a\u00f1os (71,1 cm) \/\/ 10-11 a\u00f1os (81,3 cm) \/\/ 12-13 a\u00f1os (86,4 cm)n<\/p>\n","protected":false},"excerpt":{"rendered":"<p>n Camiseta oficial del LFC de poli\u00e9ster. Escudo del club bordado en el pecho. Camiseta de alta especificaci\u00f3n; 100% poli\u00e9ster. Tama\u00f1o de la prenda (pecho): 2 \u2013 3 a\u00f1os 61 cm, 4 \u2013 5 a\u00f1os 63 cm, 6 \u2013 7 a\u00f1os 66 cm; 8 \u2013 9 a\u00f1os 71 cm; 10 \u2013 11 a\u00f1os 81 cm;&#8230;<\/p>\n","protected":false},"featured_media":84114,"comment_status":"open","ping_status":"closed","template":"","meta":{"_kadence_starter_templates_imported_post":false,"_kad_post_transparent":"","_kad_post_title":"","_kad_post_layout":"","_kad_post_sidebar_id":"","_kad_post_content_style":"","_kad_post_vertical_padding":"","_kad_post_feature":"","_kad_post_feature_position":"","_kad_post_header":false,"_kad_post_footer":false},"product_brand":[],"product_cat":[699],"product_tag":[],"class_list":{"0":"post-84113","1":"product","2":"type-product","3":"status-publish","4":"has-post-thumbnail","6":"product_cat-camisetas-de-futbol","7":"pa_brand-brand","8":"pa_marca-marca-liverpool-fc","10":"first","11":"instock","12":"shipping-taxable","13":"purchasable","14":"product-type-simple","15":"entry","16":"content-bg","17":"loop-entry"},"_links":{"self":[{"href":"https:\/\/futllermo.com\/tienda\/wp-json\/wp\/v2\/product\/84113","targetHints":{"allow":["GET"]}}],"collection":[{"href":"https:\/\/futllermo.com\/tienda\/wp-json\/wp\/v2\/product"}],"about":[{"href":"https:\/\/futllermo.com\/tienda\/wp-json\/wp\/v2\/types\/product"}],"replies":[{"embeddable":true,"href":"https:\/\/futllermo.com\/tienda\/wp-json\/wp\/v2\/comments?post=84113"}],"wp:featuredmedia":[{"embeddable":true,"href":"https:\/\/futllermo.com\/tienda\/wp-json\/wp\/v2\/media\/84114"}],"wp:attachment":[{"href":"https:\/\/futllermo.com\/tienda\/wp-json\/wp\/v2\/media?parent=84113"}],"wp:term":[{"taxonomy":"product_brand","embeddable":true,"href":"https:\/\/futllermo.com\/tienda\/wp-json\/wp\/v2\/product_brand?post=84113"},{"taxonomy":"product_cat","embeddable":true,"href":"https:\/\/futllermo.com\/tienda\/wp-json\/wp\/v2\/product_cat?post=84113"},{"taxonomy":"product_tag","embeddable":true,"href":"https:\/\/futllermo.com\/tienda\/wp-json\/wp\/v2\/product_tag?post=84113"}],"curies":[{"name":"wp","href":"https:\/\/api.w.org\/{rel}","templated":true}]}}