{"id":84111,"date":"2022-09-15T10:32:07","date_gmt":"2022-09-15T10:32:07","guid":{"rendered":"https:\/\/futllermo.com\/tienda\/producto\/raylans-camisa-de-beisbol-casual-para-hombre-con-estampado-floral-3d-de-manga-corta-con-botones\/"},"modified":"2022-09-15T10:32:20","modified_gmt":"2022-09-15T10:32:20","slug":"raylans-camisa-de-beisbol-casual-para-hombre-con-estampado-floral-3d-de-manga-corta-con-botones","status":"publish","type":"product","link":"https:\/\/futllermo.com\/tienda\/producto\/raylans-camisa-de-beisbol-casual-para-hombre-con-estampado-floral-3d-de-manga-corta-con-botones\/","title":{"rendered":"Raylans Camisa de b\u00e9isbol casual para hombre con estampado floral 3D, de manga corta, con botones"},"content":{"rendered":"<p>n<!-- show up to 2 reviews by default --> <\/p>\n<p>Marca: Raylans.<br \/> Estilo: Camisa.<br \/> Temporada: Para cualquier estaci\u00f3n.<br \/> Manga: manga corta.<br \/> Forma: Estampado floral.<br \/> Medidas:<br \/> Etiqueta M &#8212;-Hombro: 41 cm&#8212;-Pecho: 94 cm&#8212;-Longitud: 18 cm.<br \/> Etiqueta L &#8212;-Hombro: 42 cm&#8212;-Pecho: 98 cm&#8212;-Longitud: 77 cm&#8212;Manga: 19 cm.<br \/> Etiqueta XL &#8212;-Hombro: 43 cm&#8212;-Pecho: 102 cm&#8212;-Longitud: 79 cm&#8212;Manga: 20 cm.<br \/> Etiqueta 2XL &#8212;hombro: 44cm&#8212;-Pecho: 106cm&#8212;-Longitud: 81cm&#8212;Manga: 21cm.<br \/> Etiqueta 3XL, hombro: 45 cm, Pecho: 110 cm, longitud: 83 cm, manga: 22 cm.<br \/> Material muy suave, tacto agradable. Disfruta de tusd\u00edas libres.<br \/> Camisa informal para hombre de corte ajustado, ideal para ti o para un amigo.<br \/> Ideal para actividades al aire libre o en interiores, para viajar, vacaciones, trabajar la playa, la calle, ejercicios, fitness, correr, o para la vida diaria.<br \/> Se recomienda lavar a mano en fr\u00edo, secar al aire libre, no usar lej\u00eda. Clasificaci\u00f3n de lavado: baja temperatura.<br \/> Contenido del paquete: 1 Camiseta para hombre. <\/p>\n<p>nCaracter\u00edsticas: estampado divertido, camisa de b\u00e9isbol unisex, dise\u00f1o de moda, tela transpirable, cuello en V, con botones y c\u00f3moda.nMaterial: poli\u00e9ster, de alta calidad. Resistente para su uso diario. C\u00f3moda y con tacto suave.nEncuentra tu talla: consulta nuestra tabla de tallas en la foto del producto para encontrar tu talla. Elige 1 talla m\u00e1s si quieres que te quede suelta.nIdeal para actividades al aire libre y en interiores, viajes, vacaciones, trabajo, playa, deportes al aire libre, ejercicio, fitness, jogging, y para la vida diaria. Apto para: equipos de b\u00e9isbol, equipos de baloncesto o equipos de baile.nSe puede lavar a m\u00e1quina (se recomienda lavar a mano).n<\/p>\n","protected":false},"excerpt":{"rendered":"<p>n Marca: Raylans. Estilo: Camisa. Temporada: Para cualquier estaci\u00f3n. Manga: manga corta. Forma: Estampado floral. Medidas: Etiqueta M &#8212;-Hombro: 41 cm&#8212;-Pecho: 94 cm&#8212;-Longitud: 18 cm. Etiqueta L &#8212;-Hombro: 42 cm&#8212;-Pecho: 98 cm&#8212;-Longitud: 77 cm&#8212;Manga: 19 cm. Etiqueta XL &#8212;-Hombro: 43 cm&#8212;-Pecho: 102 cm&#8212;-Longitud: 79 cm&#8212;Manga: 20 cm. Etiqueta 2XL &#8212;hombro: 44cm&#8212;-Pecho: 106cm&#8212;-Longitud: 81cm&#8212;Manga: 21cm. Etiqueta&#8230;<\/p>\n","protected":false},"featured_media":84112,"comment_status":"open","ping_status":"closed","template":"","meta":{"_kadence_starter_templates_imported_post":false,"_kad_post_transparent":"","_kad_post_title":"","_kad_post_layout":"","_kad_post_sidebar_id":"","_kad_post_content_style":"","_kad_post_vertical_padding":"","_kad_post_feature":"","_kad_post_feature_position":"","_kad_post_header":false,"_kad_post_footer":false},"product_brand":[],"product_cat":[699],"product_tag":[],"class_list":{"0":"post-84111","1":"product","2":"type-product","3":"status-publish","4":"has-post-thumbnail","6":"product_cat-camisetas-de-futbol","7":"pa_brand-brand","8":"pa_marca-marca-raylans","10":"first","11":"instock","12":"shipping-taxable","13":"purchasable","14":"product-type-simple","15":"entry","16":"content-bg","17":"loop-entry"},"_links":{"self":[{"href":"https:\/\/futllermo.com\/tienda\/wp-json\/wp\/v2\/product\/84111","targetHints":{"allow":["GET"]}}],"collection":[{"href":"https:\/\/futllermo.com\/tienda\/wp-json\/wp\/v2\/product"}],"about":[{"href":"https:\/\/futllermo.com\/tienda\/wp-json\/wp\/v2\/types\/product"}],"replies":[{"embeddable":true,"href":"https:\/\/futllermo.com\/tienda\/wp-json\/wp\/v2\/comments?post=84111"}],"wp:featuredmedia":[{"embeddable":true,"href":"https:\/\/futllermo.com\/tienda\/wp-json\/wp\/v2\/media\/84112"}],"wp:attachment":[{"href":"https:\/\/futllermo.com\/tienda\/wp-json\/wp\/v2\/media?parent=84111"}],"wp:term":[{"taxonomy":"product_brand","embeddable":true,"href":"https:\/\/futllermo.com\/tienda\/wp-json\/wp\/v2\/product_brand?post=84111"},{"taxonomy":"product_cat","embeddable":true,"href":"https:\/\/futllermo.com\/tienda\/wp-json\/wp\/v2\/product_cat?post=84111"},{"taxonomy":"product_tag","embeddable":true,"href":"https:\/\/futllermo.com\/tienda\/wp-json\/wp\/v2\/product_tag?post=84111"}],"curies":[{"name":"wp","href":"https:\/\/api.w.org\/{rel}","templated":true}]}}