{"id":84109,"date":"2022-09-15T10:31:58","date_gmt":"2022-09-15T10:31:58","guid":{"rendered":"https:\/\/futllermo.com\/tienda\/producto\/fcb-fc-barcelona-chaqueta-cortavientos-oficial-para-hombre-impermeable\/"},"modified":"2022-09-15T10:32:07","modified_gmt":"2022-09-15T10:32:07","slug":"fcb-fc-barcelona-chaqueta-cortavientos-oficial-para-hombre-impermeable","status":"publish","type":"product","link":"https:\/\/futllermo.com\/tienda\/producto\/fcb-fc-barcelona-chaqueta-cortavientos-oficial-para-hombre-impermeable\/","title":{"rendered":"FCB FC Barcelona &#8211; Chaqueta Cortavientos Oficial &#8211; para Hombre &#8211; Impermeable"},"content":{"rendered":"<p>nEscudo del club superpuesto, bolsillo delantero con botones haciendo contraste (media cremallera).nCon bolsillos en la parte delantera y bolsillo para m\u00f3vil escondido en el pecho (cremallera completa).n100% Poli\u00e9sternCierre con una cremallera oficial en la parte delantera. Hecha de 100 % poli\u00e9ster con un forro de malla y tafet\u00e1n.nTama\u00f1o de la prenda (pecho): S: 110 cm \/\/ M: 115 cm \/\/ L: 120 cm \/\/ XL: 129cm \/\/ XXL: 138 cm \/\/ 3XL: 147 cmn<\/p>\n","protected":false},"excerpt":{"rendered":"<p>nEscudo del club superpuesto, bolsillo delantero con botones haciendo contraste (media cremallera).nCon bolsillos en la parte delantera y bolsillo para m\u00f3vil escondido en el pecho (cremallera completa).n100% Poli\u00e9sternCierre con una cremallera oficial en la parte delantera. Hecha de 100 % poli\u00e9ster con un forro de malla y tafet\u00e1n.nTama\u00f1o de la prenda (pecho): S: 110 cm&#8230;<\/p>\n","protected":false},"featured_media":84110,"comment_status":"open","ping_status":"closed","template":"","meta":{"_kadence_starter_templates_imported_post":false,"_kad_post_transparent":"","_kad_post_title":"","_kad_post_layout":"","_kad_post_sidebar_id":"","_kad_post_content_style":"","_kad_post_vertical_padding":"","_kad_post_feature":"","_kad_post_feature_position":"","_kad_post_header":false,"_kad_post_footer":false},"product_brand":[],"product_cat":[699],"product_tag":[],"class_list":{"0":"post-84109","1":"product","2":"type-product","3":"status-publish","4":"has-post-thumbnail","6":"product_cat-camisetas-de-futbol","7":"pa_brand-brand","8":"pa_marca-marca-fcb","10":"first","11":"instock","12":"shipping-taxable","13":"purchasable","14":"product-type-simple","15":"entry","16":"content-bg","17":"loop-entry"},"_links":{"self":[{"href":"https:\/\/futllermo.com\/tienda\/wp-json\/wp\/v2\/product\/84109","targetHints":{"allow":["GET"]}}],"collection":[{"href":"https:\/\/futllermo.com\/tienda\/wp-json\/wp\/v2\/product"}],"about":[{"href":"https:\/\/futllermo.com\/tienda\/wp-json\/wp\/v2\/types\/product"}],"replies":[{"embeddable":true,"href":"https:\/\/futllermo.com\/tienda\/wp-json\/wp\/v2\/comments?post=84109"}],"wp:featuredmedia":[{"embeddable":true,"href":"https:\/\/futllermo.com\/tienda\/wp-json\/wp\/v2\/media\/84110"}],"wp:attachment":[{"href":"https:\/\/futllermo.com\/tienda\/wp-json\/wp\/v2\/media?parent=84109"}],"wp:term":[{"taxonomy":"product_brand","embeddable":true,"href":"https:\/\/futllermo.com\/tienda\/wp-json\/wp\/v2\/product_brand?post=84109"},{"taxonomy":"product_cat","embeddable":true,"href":"https:\/\/futllermo.com\/tienda\/wp-json\/wp\/v2\/product_cat?post=84109"},{"taxonomy":"product_tag","embeddable":true,"href":"https:\/\/futllermo.com\/tienda\/wp-json\/wp\/v2\/product_tag?post=84109"}],"curies":[{"name":"wp","href":"https:\/\/api.w.org\/{rel}","templated":true}]}}