{"id":84107,"date":"2022-09-15T10:31:47","date_gmt":"2022-09-15T10:31:47","guid":{"rendered":"https:\/\/futllermo.com\/tienda\/producto\/ncnc-camiseta-con-el-numero-12-de-tom-brady-de-los-patriot-de-la-nfl-camiseta-de-futbol-americano-para-hombre\/"},"modified":"2022-09-15T10:31:58","modified_gmt":"2022-09-15T10:31:58","slug":"ncnc-camiseta-con-el-numero-12-de-tom-brady-de-los-patriot-de-la-nfl-camiseta-de-futbol-americano-para-hombre","status":"publish","type":"product","link":"https:\/\/futllermo.com\/tienda\/producto\/ncnc-camiseta-con-el-numero-12-de-tom-brady-de-los-patriot-de-la-nfl-camiseta-de-futbol-americano-para-hombre\/","title":{"rendered":"NCNC &#8211; Camiseta con el n\u00famero 12 de Tom Brady, de los Patriot, de la NFL &#8211; Camiseta de f\u00fatbol americano para hombre\u2026"},"content":{"rendered":"<p>n<!-- show up to 2 reviews by default --> <\/p>\n<p>\u00a1Todos los aficionados al f\u00fatbol! <br \/>\u00bfQu\u00e9 es un proveedor fiable #39; s ganga! ! <br \/>Tenemos productos de calidad: \u00a1Esto es realmente una ganga! ! <br \/>Creemos que estar\u00e1 satisfecho con nuestros productos. <br \/>Informaci\u00f3n de tallas: tallas europeas, las camisas tienden a adaptarse a un cuerpo m\u00e1s delgado. Para m\u00e1s informaci\u00f3n, consulta la tabla de tallas. <br \/>Nota: Debido a la medici\u00f3n diferente, puede haber una desviaci\u00f3n de 1 a 3 cm. No se puede lavar a m\u00e1quina. <\/p>\n<p>n\u2665 Material: 100% fibra de carb\u00f3n, tejido de alta calidad. Un material suave y agradable al tacto que proporciona una funcionalidad suave y baja fricci\u00f3n.n\u2665 Color: azul tibetano, blanco, rojo.nComposici\u00f3n del material:nnombre del estilon\u2665 Caracter\u00edsticas: c\u00f3modo para satisfacer sus diferentes necesidades deportivas, relajado y fresco en verano. Material transpirable, buena absorci\u00f3n de humedad, transpirable, secado r\u00e1pido, aportando una sensaci\u00f3n fresca. Buena resistencia al desgarro y buena capacidad antiarrugas. El color es fuerte y fuerte, y no se desvanece.n\u2665 Post-venta: Entrega en unos 15 d\u00edas, si no est\u00e1s satisfecho con nuestros productos, por favor contacta con nosotros, resolveremos para ti lo antes posible, presta atenci\u00f3n a la marca NCNC m\u00e1s estilos.n<\/p>\n","protected":false},"excerpt":{"rendered":"<p>n \u00a1Todos los aficionados al f\u00fatbol! \u00bfQu\u00e9 es un proveedor fiable #39; s ganga! ! Tenemos productos de calidad: \u00a1Esto es realmente una ganga! ! Creemos que estar\u00e1 satisfecho con nuestros productos. Informaci\u00f3n de tallas: tallas europeas, las camisas tienden a adaptarse a un cuerpo m\u00e1s delgado. Para m\u00e1s informaci\u00f3n, consulta la tabla de tallas&#8230;.<\/p>\n","protected":false},"featured_media":84108,"comment_status":"open","ping_status":"closed","template":"","meta":{"_kadence_starter_templates_imported_post":false,"_kad_post_transparent":"","_kad_post_title":"","_kad_post_layout":"","_kad_post_sidebar_id":"","_kad_post_content_style":"","_kad_post_vertical_padding":"","_kad_post_feature":"","_kad_post_feature_position":"","_kad_post_header":false,"_kad_post_footer":false},"product_brand":[],"product_cat":[699],"product_tag":[],"class_list":{"0":"post-84107","1":"product","2":"type-product","3":"status-publish","4":"has-post-thumbnail","6":"product_cat-camisetas-de-futbol","7":"pa_brand-brand","8":"pa_marca-marca-ncnc","10":"first","11":"instock","12":"shipping-taxable","13":"purchasable","14":"product-type-simple","15":"entry","16":"content-bg","17":"loop-entry"},"_links":{"self":[{"href":"https:\/\/futllermo.com\/tienda\/wp-json\/wp\/v2\/product\/84107","targetHints":{"allow":["GET"]}}],"collection":[{"href":"https:\/\/futllermo.com\/tienda\/wp-json\/wp\/v2\/product"}],"about":[{"href":"https:\/\/futllermo.com\/tienda\/wp-json\/wp\/v2\/types\/product"}],"replies":[{"embeddable":true,"href":"https:\/\/futllermo.com\/tienda\/wp-json\/wp\/v2\/comments?post=84107"}],"wp:featuredmedia":[{"embeddable":true,"href":"https:\/\/futllermo.com\/tienda\/wp-json\/wp\/v2\/media\/84108"}],"wp:attachment":[{"href":"https:\/\/futllermo.com\/tienda\/wp-json\/wp\/v2\/media?parent=84107"}],"wp:term":[{"taxonomy":"product_brand","embeddable":true,"href":"https:\/\/futllermo.com\/tienda\/wp-json\/wp\/v2\/product_brand?post=84107"},{"taxonomy":"product_cat","embeddable":true,"href":"https:\/\/futllermo.com\/tienda\/wp-json\/wp\/v2\/product_cat?post=84107"},{"taxonomy":"product_tag","embeddable":true,"href":"https:\/\/futllermo.com\/tienda\/wp-json\/wp\/v2\/product_tag?post=84107"}],"curies":[{"name":"wp","href":"https:\/\/api.w.org\/{rel}","templated":true}]}}