{"id":84100,"date":"2022-09-15T10:23:42","date_gmt":"2022-09-15T10:23:42","guid":{"rendered":"https:\/\/futllermo.com\/tienda\/producto\/print-me-a-shirt-conjunto-de-futbol-del-equipo-de-brasil-personalizable-para-ninos-camiseta-y-pantalones-cortos-kit-de\/"},"modified":"2022-09-15T10:23:51","modified_gmt":"2022-09-15T10:23:51","slug":"print-me-a-shirt-conjunto-de-futbol-del-equipo-de-brasil-personalizable-para-ninos-camiseta-y-pantalones-cortos-kit-de","status":"publish","type":"product","link":"https:\/\/futllermo.com\/tienda\/producto\/print-me-a-shirt-conjunto-de-futbol-del-equipo-de-brasil-personalizable-para-ninos-camiseta-y-pantalones-cortos-kit-de\/","title":{"rendered":"Print Me A Shirt Conjunto de F\u00fatbol del Equipo de Brasil Personalizable para Ni\u00f1os, Camiseta y Pantalones Cortos, Kit de\u2026"},"content":{"rendered":"<p>n<!-- show up to 2 reviews by default --> <\/p>\n<p>Nuestros kits deportivos no oficiales son el regalo perfecto tanto para ni\u00f1os como para adultos. Puede personalizar la camiseta y los pantelones cortes de f\u00fatbol con un nombre y n\u00famero y elegir entre diferentes estilos de impresi\u00f3n. Hecho de telas de buena calidad con impresi\u00f3n de alta calidad que durar\u00e1n y durar\u00e1n. Compre su kit ahora y parezca un profesional donde quiera que juegue. <\/p>\n<p>nGran alternativa de f\u00fatbol no oficial insignia de pa\u00eds impresa en el pecho izquierdo.nSimplemente elija su tama\u00f1o, luego presione el bot\u00f3n &#8216;personalizar ahora&#8217; y dise\u00f1e su kit en l\u00ednea, \u00a1Es as\u00ed de f\u00e1cil!nPerfecto para llevar al partido o en el campo.nLa camiseta y los pantelones cortes est\u00e1 hecho de tela deportiva de secado r\u00e1pido.nImpresi\u00f3n de alta calidad de su nombre y n\u00famero en la camiseta y los pantelones cortesn<\/p>\n","protected":false},"excerpt":{"rendered":"<p>n Nuestros kits deportivos no oficiales son el regalo perfecto tanto para ni\u00f1os como para adultos. Puede personalizar la camiseta y los pantelones cortes de f\u00fatbol con un nombre y n\u00famero y elegir entre diferentes estilos de impresi\u00f3n. Hecho de telas de buena calidad con impresi\u00f3n de alta calidad que durar\u00e1n y durar\u00e1n. Compre su&#8230;<\/p>\n","protected":false},"featured_media":84101,"comment_status":"open","ping_status":"closed","template":"","meta":{"_kadence_starter_templates_imported_post":false,"_kad_post_transparent":"","_kad_post_title":"","_kad_post_layout":"","_kad_post_sidebar_id":"","_kad_post_content_style":"","_kad_post_vertical_padding":"","_kad_post_feature":"","_kad_post_feature_position":"","_kad_post_header":false,"_kad_post_footer":false},"product_brand":[],"product_cat":[699],"product_tag":[],"class_list":{"0":"post-84100","1":"product","2":"type-product","3":"status-publish","4":"has-post-thumbnail","6":"product_cat-camisetas-de-futbol","8":"first","9":"instock","10":"shipping-taxable","11":"purchasable","12":"product-type-simple","13":"entry","14":"content-bg","15":"loop-entry"},"_links":{"self":[{"href":"https:\/\/futllermo.com\/tienda\/wp-json\/wp\/v2\/product\/84100","targetHints":{"allow":["GET"]}}],"collection":[{"href":"https:\/\/futllermo.com\/tienda\/wp-json\/wp\/v2\/product"}],"about":[{"href":"https:\/\/futllermo.com\/tienda\/wp-json\/wp\/v2\/types\/product"}],"replies":[{"embeddable":true,"href":"https:\/\/futllermo.com\/tienda\/wp-json\/wp\/v2\/comments?post=84100"}],"wp:featuredmedia":[{"embeddable":true,"href":"https:\/\/futllermo.com\/tienda\/wp-json\/wp\/v2\/media\/84101"}],"wp:attachment":[{"href":"https:\/\/futllermo.com\/tienda\/wp-json\/wp\/v2\/media?parent=84100"}],"wp:term":[{"taxonomy":"product_brand","embeddable":true,"href":"https:\/\/futllermo.com\/tienda\/wp-json\/wp\/v2\/product_brand?post=84100"},{"taxonomy":"product_cat","embeddable":true,"href":"https:\/\/futllermo.com\/tienda\/wp-json\/wp\/v2\/product_cat?post=84100"},{"taxonomy":"product_tag","embeddable":true,"href":"https:\/\/futllermo.com\/tienda\/wp-json\/wp\/v2\/product_tag?post=84100"}],"curies":[{"name":"wp","href":"https:\/\/api.w.org\/{rel}","templated":true}]}}