{"id":84098,"date":"2022-09-15T10:23:31","date_gmt":"2022-09-15T10:23:31","guid":{"rendered":"https:\/\/futllermo.com\/tienda\/producto\/gnkjyy-t-hombre-clube-de-regatas-do-flamengo-brasil-futbol-soccer-futebol-camisetas\/"},"modified":"2022-09-15T10:23:41","modified_gmt":"2022-09-15T10:23:41","slug":"gnkjyy-t-hombre-clube-de-regatas-do-flamengo-brasil-futbol-soccer-futebol-camisetas","status":"publish","type":"product","link":"https:\/\/futllermo.com\/tienda\/producto\/gnkjyy-t-hombre-clube-de-regatas-do-flamengo-brasil-futbol-soccer-futebol-camisetas\/","title":{"rendered":"GNKJYY-T Hombre Clube de Regatas do Flamengo Brasil Futbol Soccer Futebol Camisetas"},"content":{"rendered":"<p>nde manga corta , camiseta de cuello redondo, el tama\u00f1o del Reino Unidon100% Algod\u00f3nnAlgod\u00f3nnMangas CortanEstilo de manga corta, gr\u00e1fico de personalidad y color brillantenEl tama\u00f1o incluye S, M, L, XL, XXL, consulte la tabla de tallas antes de su pedido. Si no est\u00e1 satisfecho, p\u00f3ngase en contacto con nosotros por correo electr\u00f3nico primero. Resuelvaremos el problema para ustednTejido suave y c\u00f3modo: hecho de poli\u00e9ster y spandex, el material se siente muy bien para la piel, muy ligero, bueno para el cuerpo y tiene buena transpirabilidad. Quieres sentirte fresco y personalizadon<\/p>\n","protected":false},"excerpt":{"rendered":"<p>nde manga corta , camiseta de cuello redondo, el tama\u00f1o del Reino Unidon100% Algod\u00f3nnAlgod\u00f3nnMangas CortanEstilo de manga corta, gr\u00e1fico de personalidad y color brillantenEl tama\u00f1o incluye S, M, L, XL, XXL, consulte la tabla de tallas antes de su pedido. Si no est\u00e1 satisfecho, p\u00f3ngase en contacto con nosotros por correo electr\u00f3nico primero. Resuelvaremos el&#8230;<\/p>\n","protected":false},"featured_media":84099,"comment_status":"open","ping_status":"closed","template":"","meta":{"_kadence_starter_templates_imported_post":false,"_kad_post_transparent":"","_kad_post_title":"","_kad_post_layout":"","_kad_post_sidebar_id":"","_kad_post_content_style":"","_kad_post_vertical_padding":"","_kad_post_feature":"","_kad_post_feature_position":"","_kad_post_header":false,"_kad_post_footer":false},"product_brand":[],"product_cat":[699],"product_tag":[],"class_list":{"0":"post-84098","1":"product","2":"type-product","3":"status-publish","4":"has-post-thumbnail","6":"product_cat-camisetas-de-futbol","8":"first","9":"instock","10":"shipping-taxable","11":"purchasable","12":"product-type-simple","13":"entry","14":"content-bg","15":"loop-entry"},"_links":{"self":[{"href":"https:\/\/futllermo.com\/tienda\/wp-json\/wp\/v2\/product\/84098","targetHints":{"allow":["GET"]}}],"collection":[{"href":"https:\/\/futllermo.com\/tienda\/wp-json\/wp\/v2\/product"}],"about":[{"href":"https:\/\/futllermo.com\/tienda\/wp-json\/wp\/v2\/types\/product"}],"replies":[{"embeddable":true,"href":"https:\/\/futllermo.com\/tienda\/wp-json\/wp\/v2\/comments?post=84098"}],"wp:featuredmedia":[{"embeddable":true,"href":"https:\/\/futllermo.com\/tienda\/wp-json\/wp\/v2\/media\/84099"}],"wp:attachment":[{"href":"https:\/\/futllermo.com\/tienda\/wp-json\/wp\/v2\/media?parent=84098"}],"wp:term":[{"taxonomy":"product_brand","embeddable":true,"href":"https:\/\/futllermo.com\/tienda\/wp-json\/wp\/v2\/product_brand?post=84098"},{"taxonomy":"product_cat","embeddable":true,"href":"https:\/\/futllermo.com\/tienda\/wp-json\/wp\/v2\/product_cat?post=84098"},{"taxonomy":"product_tag","embeddable":true,"href":"https:\/\/futllermo.com\/tienda\/wp-json\/wp\/v2\/product_tag?post=84098"}],"curies":[{"name":"wp","href":"https:\/\/api.w.org\/{rel}","templated":true}]}}