{"id":84096,"date":"2022-09-15T10:23:21","date_gmt":"2022-09-15T10:23:21","guid":{"rendered":"https:\/\/futllermo.com\/tienda\/producto\/camiseta-de-rugby-2019-copa-del-mundo-de-rugby-de-inglaterra-hogar-lejos-camiseta-de-futbol-los-hijos-adultos-de\/"},"modified":"2022-09-15T10:23:31","modified_gmt":"2022-09-15T10:23:31","slug":"camiseta-de-rugby-2019-copa-del-mundo-de-rugby-de-inglaterra-hogar-lejos-camiseta-de-futbol-los-hijos-adultos-de","status":"publish","type":"product","link":"https:\/\/futllermo.com\/tienda\/producto\/camiseta-de-rugby-2019-copa-del-mundo-de-rugby-de-inglaterra-hogar-lejos-camiseta-de-futbol-los-hijos-adultos-de\/","title":{"rendered":"Camiseta de Rugby -2019 Copa del Mundo de Rugby de Inglaterra hogar lejos Camiseta de f\u00fatbol, \u200b\u200blos Hijos Adultos de\u2026"},"content":{"rendered":"<p>n<\/p>\n<div class=\"disclaim\"> Tama\u00f1o:<strong>L<\/strong> | Color:<strong>White<\/strong> <\/div>\n<p> <!-- show up to 2 reviews by default --> <\/p>\n<p>\u2714 Informaci\u00f3n del producto:<br \/>1. Disponible en una variedad de tama\u00f1os: S, M, L, XL, XXL, XXXL, 4XL, 5XL.<br \/>3. Material: 100% poli\u00e9ster<br \/>2. comodidad y la moda de una variedad de deportes al aire libre estilo de manga corta del estilo del pa\u00f1o papel-play.Soft, logotipo ic\u00f3nico de la CCC, destacando el dise\u00f1o aro tradicional de alta calidad para el ambiente confortable del d\u00eda<\/p>\n<p>\u2714 Alcance:<br \/>En cualquier caso, los fans casuales Camiseta del f\u00fatbol, \u200b\u200bel equipo de Sud\u00e1frica, somier, uniformes de f\u00fatbol, \u200b\u200bes comprar una casa, amigos, amantes, hermano \/ a, esposo, padre \/ padre o hijo, weit tiene la perfecta T-shirt.Anyway, Halloween, Navidad, cumplea\u00f1os, se puede imaginar el partido del club o un dise\u00f1o \u00fanico y divertido multitud y en circulaci\u00f3n de D\u00eda, .wedding, aniversario de San Patricio, nuevas camisetas para men.Football juego, ver f\u00fatbol,deportes, gimnasio, ropa de sport.<\/p>\n<p>\u2714 gu\u00eda de lavander\u00eda:<br \/>1. temperatura de lavado no exceda 30 \u00b0 C<br \/>2. El tiempo de inmersi\u00f3n no debe ser demasiado largo<br \/>3: Por favor, lea a mejorar su tama\u00f1o antes de comprar, por favor, seleccione el tama\u00f1o adecuado en funci\u00f3n de la altura y el peso.<br \/>4: Si hay un problema con el producto, p\u00f3ngase en contacto con nosotros en el tiempo, va a proporcionar el servicio dentro de las 12 horas, le deseo la felicidad! <\/p>\n<p>n\u25cf [Tama\u00f1o]: referencia para mejorar la tabla de tama\u00f1os antes de comprar, por favor, seleccionar el tama\u00f1o adecuado en funci\u00f3n de la altura y el peso.n\u25cf [Alta calidad]: 100% de poli\u00e9ster tejido de punto, que puede soportar c\u00f3modamente a su equipo favorito!n\u25cf [Calidad]: excelentes deportes products.The nueva tecnolog\u00eda de etiquetado e ingenier\u00eda de dise\u00f1o \u00fanicon\u25cf [transpirable y de secado r\u00e1pido]: luz y telas exquisitas, absorben r\u00e1pidamente el sudor de la superficie de la piel, hay una refrescante y transpirable, trae una mejor experiencia de uso para satisfacer las necesidades de una variedad de deportes.n\u25cf [servicio post-venta: Si usted puede no est\u00e1 completamente satisfecho, le devolveremos o reemplazar el producto con una garant\u00eda del fabricante dentro de los 15 d\u00edas de compra no dude en ponerse en contacto con us.Correctly responds.Please compra no dude en.n<\/p>\n","protected":false},"excerpt":{"rendered":"<p>n Tama\u00f1o:L | Color:White \u2714 Informaci\u00f3n del producto:1. Disponible en una variedad de tama\u00f1os: S, M, L, XL, XXL, XXXL, 4XL, 5XL.3. Material: 100% poli\u00e9ster2. comodidad y la moda de una variedad de deportes al aire libre estilo de manga corta del estilo del pa\u00f1o papel-play.Soft, logotipo ic\u00f3nico de la CCC, destacando el dise\u00f1o aro&#8230;<\/p>\n","protected":false},"featured_media":84097,"comment_status":"open","ping_status":"closed","template":"","meta":{"_kadence_starter_templates_imported_post":false,"_kad_post_transparent":"","_kad_post_title":"","_kad_post_layout":"","_kad_post_sidebar_id":"","_kad_post_content_style":"","_kad_post_vertical_padding":"","_kad_post_feature":"","_kad_post_feature_position":"","_kad_post_header":false,"_kad_post_footer":false},"product_brand":[],"product_cat":[699],"product_tag":[],"class_list":{"0":"post-84096","1":"product","2":"type-product","3":"status-publish","4":"has-post-thumbnail","6":"product_cat-camisetas-de-futbol","8":"first","9":"instock","10":"shipping-taxable","11":"purchasable","12":"product-type-simple","13":"entry","14":"content-bg","15":"loop-entry"},"_links":{"self":[{"href":"https:\/\/futllermo.com\/tienda\/wp-json\/wp\/v2\/product\/84096","targetHints":{"allow":["GET"]}}],"collection":[{"href":"https:\/\/futllermo.com\/tienda\/wp-json\/wp\/v2\/product"}],"about":[{"href":"https:\/\/futllermo.com\/tienda\/wp-json\/wp\/v2\/types\/product"}],"replies":[{"embeddable":true,"href":"https:\/\/futllermo.com\/tienda\/wp-json\/wp\/v2\/comments?post=84096"}],"wp:featuredmedia":[{"embeddable":true,"href":"https:\/\/futllermo.com\/tienda\/wp-json\/wp\/v2\/media\/84097"}],"wp:attachment":[{"href":"https:\/\/futllermo.com\/tienda\/wp-json\/wp\/v2\/media?parent=84096"}],"wp:term":[{"taxonomy":"product_brand","embeddable":true,"href":"https:\/\/futllermo.com\/tienda\/wp-json\/wp\/v2\/product_brand?post=84096"},{"taxonomy":"product_cat","embeddable":true,"href":"https:\/\/futllermo.com\/tienda\/wp-json\/wp\/v2\/product_cat?post=84096"},{"taxonomy":"product_tag","embeddable":true,"href":"https:\/\/futllermo.com\/tienda\/wp-json\/wp\/v2\/product_tag?post=84096"}],"curies":[{"name":"wp","href":"https:\/\/api.w.org\/{rel}","templated":true}]}}