{"id":84092,"date":"2022-09-15T10:23:00","date_gmt":"2022-09-15T10:23:00","guid":{"rendered":"https:\/\/futllermo.com\/tienda\/producto\/puma-valencia-cf-away-2019-20-camiseta-de-futbol-para-hombre\/"},"modified":"2022-09-15T10:23:09","modified_gmt":"2022-09-15T10:23:09","slug":"puma-valencia-cf-away-2019-20-camiseta-de-futbol-para-hombre","status":"publish","type":"product","link":"https:\/\/futllermo.com\/tienda\/producto\/puma-valencia-cf-away-2019-20-camiseta-de-futbol-para-hombre\/","title":{"rendered":"Puma Valencia CF Away 2019-20 &#8211; Camiseta de f\u00fatbol para Hombre"},"content":{"rendered":"<p>n<!-- show up to 2 reviews by default --> <\/p>\n<p>Camisa oficial de Valencia que los jugadores usan en algunos de sus juegos fuera durante la temporada 2019-2020. Dise\u00f1o inspirado en Las Fallas y Nit de la Crem\u00e0, con el color negro como protagonista, combinado con naranja en un gr\u00e1fico de Flux de color, que cubre la mitad superior del pecho en representaci\u00f3n del fuego. Tejido de poli\u00e9ster con tecnolog\u00eda evoknit que genera gesti\u00f3n de la humedad para mantener la temperatura corporal ideal. <\/p>\n<p>ndryCELL: la designaci\u00f3n de PUMA para propiedades que absorben la humedad que te ayudan a mantenerte seco y c\u00f3modo.nCorte est\u00e1ndar. Cuello en V. Logotipo de Puma bordado en el pecho derecho.nPoli\u00e9sternCierre: sin cierrenLavar a m\u00e1quinanManga cortanMangas cortas con construcci\u00f3n ragl\u00e1n. Cinta el\u00e1stica en la parte trasera del cuello.nGr\u00e1fico de flujo de color en el pecho. Insignia oficial de Valencia CF en el pecho izquierdo.nLogotipo de Puma en cada hombro. Acabado de doble punto de absorci\u00f3n de agua biol\u00f3gica.n<\/p>\n","protected":false},"excerpt":{"rendered":"<p>n Camisa oficial de Valencia que los jugadores usan en algunos de sus juegos fuera durante la temporada 2019-2020. Dise\u00f1o inspirado en Las Fallas y Nit de la Crem\u00e0, con el color negro como protagonista, combinado con naranja en un gr\u00e1fico de Flux de color, que cubre la mitad superior del pecho en representaci\u00f3n del&#8230;<\/p>\n","protected":false},"featured_media":84093,"comment_status":"open","ping_status":"closed","template":"","meta":{"_kadence_starter_templates_imported_post":false,"_kad_post_transparent":"","_kad_post_title":"","_kad_post_layout":"","_kad_post_sidebar_id":"","_kad_post_content_style":"","_kad_post_vertical_padding":"","_kad_post_feature":"","_kad_post_feature_position":"","_kad_post_header":false,"_kad_post_footer":false},"product_brand":[],"product_cat":[699],"product_tag":[],"class_list":{"0":"post-84092","1":"product","2":"type-product","3":"status-publish","4":"has-post-thumbnail","6":"product_cat-camisetas-de-futbol","8":"first","9":"instock","10":"shipping-taxable","11":"purchasable","12":"product-type-simple","13":"entry","14":"content-bg","15":"loop-entry"},"_links":{"self":[{"href":"https:\/\/futllermo.com\/tienda\/wp-json\/wp\/v2\/product\/84092","targetHints":{"allow":["GET"]}}],"collection":[{"href":"https:\/\/futllermo.com\/tienda\/wp-json\/wp\/v2\/product"}],"about":[{"href":"https:\/\/futllermo.com\/tienda\/wp-json\/wp\/v2\/types\/product"}],"replies":[{"embeddable":true,"href":"https:\/\/futllermo.com\/tienda\/wp-json\/wp\/v2\/comments?post=84092"}],"wp:featuredmedia":[{"embeddable":true,"href":"https:\/\/futllermo.com\/tienda\/wp-json\/wp\/v2\/media\/84093"}],"wp:attachment":[{"href":"https:\/\/futllermo.com\/tienda\/wp-json\/wp\/v2\/media?parent=84092"}],"wp:term":[{"taxonomy":"product_brand","embeddable":true,"href":"https:\/\/futllermo.com\/tienda\/wp-json\/wp\/v2\/product_brand?post=84092"},{"taxonomy":"product_cat","embeddable":true,"href":"https:\/\/futllermo.com\/tienda\/wp-json\/wp\/v2\/product_cat?post=84092"},{"taxonomy":"product_tag","embeddable":true,"href":"https:\/\/futllermo.com\/tienda\/wp-json\/wp\/v2\/product_tag?post=84092"}],"curies":[{"name":"wp","href":"https:\/\/api.w.org\/{rel}","templated":true}]}}