{"id":84090,"date":"2022-09-15T10:22:59","date_gmt":"2022-09-15T10:22:59","guid":{"rendered":"https:\/\/futllermo.com\/tienda\/producto\/camiseta-de-futbol-brasileno-estilo-retro-brasileno-ajuste-entallado\/"},"modified":"2022-09-15T10:22:59","modified_gmt":"2022-09-15T10:22:59","slug":"camiseta-de-futbol-brasileno-estilo-retro-brasileno-ajuste-entallado","status":"publish","type":"product","link":"https:\/\/futllermo.com\/tienda\/producto\/camiseta-de-futbol-brasileno-estilo-retro-brasileno-ajuste-entallado\/","title":{"rendered":"Camiseta de f\u00fatbol brasile\u00f1o, estilo retro brasile\u00f1o, ajuste entallado"},"content":{"rendered":"<p><!-- show up to 2 reviews by default --> <\/p>\n<p>Fruit of the Loom Ringer Slim Fit T Shirt con un motivo de vinilo prensado por calor aplicado profesionalmente. <\/p>\n<p>nImpreso en el Reino Unido por Zappatee.nCalidad FOTL Ringer 100% algod\u00f3nnAlgod\u00f3nnLogotipo poli-Flex Premium prensado t\u00e9rmicamente para un gran aspecto y durabilidad.nServicio de devoluci\u00f3n\/reembolso o cambio sin problemasnLas camisas son un poco m\u00e1s peque\u00f1as que otras marcas, por lo que recomendar\u00eda ir para la siguiente talla m\u00e1s.n<\/p>\n","protected":false},"excerpt":{"rendered":"<p>Fruit of the Loom Ringer Slim Fit T Shirt con un motivo de vinilo prensado por calor aplicado profesionalmente. nImpreso en el Reino Unido por Zappatee.nCalidad FOTL Ringer 100% algod\u00f3nnAlgod\u00f3nnLogotipo poli-Flex Premium prensado t\u00e9rmicamente para un gran aspecto y durabilidad.nServicio de devoluci\u00f3n\/reembolso o cambio sin problemasnLas camisas son un poco m\u00e1s peque\u00f1as que otras marcas,&#8230;<\/p>\n","protected":false},"featured_media":84091,"comment_status":"open","ping_status":"closed","template":"","meta":{"_kadence_starter_templates_imported_post":false,"_kad_post_transparent":"","_kad_post_title":"","_kad_post_layout":"","_kad_post_sidebar_id":"","_kad_post_content_style":"","_kad_post_vertical_padding":"","_kad_post_feature":"","_kad_post_feature_position":"","_kad_post_header":false,"_kad_post_footer":false},"product_brand":[],"product_cat":[699],"product_tag":[],"class_list":{"0":"post-84090","1":"product","2":"type-product","3":"status-publish","4":"has-post-thumbnail","6":"product_cat-camisetas-de-futbol","8":"first","9":"instock","10":"shipping-taxable","11":"purchasable","12":"product-type-simple","13":"entry","14":"content-bg","15":"loop-entry"},"_links":{"self":[{"href":"https:\/\/futllermo.com\/tienda\/wp-json\/wp\/v2\/product\/84090","targetHints":{"allow":["GET"]}}],"collection":[{"href":"https:\/\/futllermo.com\/tienda\/wp-json\/wp\/v2\/product"}],"about":[{"href":"https:\/\/futllermo.com\/tienda\/wp-json\/wp\/v2\/types\/product"}],"replies":[{"embeddable":true,"href":"https:\/\/futllermo.com\/tienda\/wp-json\/wp\/v2\/comments?post=84090"}],"wp:featuredmedia":[{"embeddable":true,"href":"https:\/\/futllermo.com\/tienda\/wp-json\/wp\/v2\/media\/84091"}],"wp:attachment":[{"href":"https:\/\/futllermo.com\/tienda\/wp-json\/wp\/v2\/media?parent=84090"}],"wp:term":[{"taxonomy":"product_brand","embeddable":true,"href":"https:\/\/futllermo.com\/tienda\/wp-json\/wp\/v2\/product_brand?post=84090"},{"taxonomy":"product_cat","embeddable":true,"href":"https:\/\/futllermo.com\/tienda\/wp-json\/wp\/v2\/product_cat?post=84090"},{"taxonomy":"product_tag","embeddable":true,"href":"https:\/\/futllermo.com\/tienda\/wp-json\/wp\/v2\/product_tag?post=84090"}],"curies":[{"name":"wp","href":"https:\/\/api.w.org\/{rel}","templated":true}]}}