{"id":84088,"date":"2022-09-15T10:22:54","date_gmt":"2022-09-15T10:22:54","guid":{"rendered":"https:\/\/futllermo.com\/tienda\/producto\/adidas-rc-celta-de-vigo-primera-equipacion-2020-2021-camiseta-cyan\/"},"modified":"2022-09-15T10:22:59","modified_gmt":"2022-09-15T10:22:59","slug":"adidas-rc-celta-de-vigo-primera-equipacion-2020-2021-camiseta-cyan","status":"publish","type":"product","link":"https:\/\/futllermo.com\/tienda\/producto\/adidas-rc-celta-de-vigo-primera-equipacion-2020-2021-camiseta-cyan\/","title":{"rendered":"adidas RC Celta de Vigo Primera Equipaci\u00f3n 2020-2021, Camiseta, Cyan"},"content":{"rendered":"<p>n<!-- show up to 2 reviews by default --> <\/p>\n<p>La primera equipaci\u00f3n del RC Celta de Vigo para la temporada 2020-2021 mantiene el habitual dise\u00f1o sencillo y elegante, se\u00f1a de identidad de adidas. <\/p>\n<p>n<\/p>\n","protected":false},"excerpt":{"rendered":"<p>n La primera equipaci\u00f3n del RC Celta de Vigo para la temporada 2020-2021 mantiene el habitual dise\u00f1o sencillo y elegante, se\u00f1a de identidad de adidas. n<\/p>\n","protected":false},"featured_media":84089,"comment_status":"open","ping_status":"closed","template":"","meta":{"_kadence_starter_templates_imported_post":false,"_kad_post_transparent":"","_kad_post_title":"","_kad_post_layout":"","_kad_post_sidebar_id":"","_kad_post_content_style":"","_kad_post_vertical_padding":"","_kad_post_feature":"","_kad_post_feature_position":"","_kad_post_header":false,"_kad_post_footer":false},"product_brand":[],"product_cat":[699],"product_tag":[],"class_list":{"0":"post-84088","1":"product","2":"type-product","3":"status-publish","4":"has-post-thumbnail","6":"product_cat-camisetas-de-futbol","8":"first","9":"instock","10":"shipping-taxable","11":"purchasable","12":"product-type-simple","13":"entry","14":"content-bg","15":"loop-entry"},"_links":{"self":[{"href":"https:\/\/futllermo.com\/tienda\/wp-json\/wp\/v2\/product\/84088","targetHints":{"allow":["GET"]}}],"collection":[{"href":"https:\/\/futllermo.com\/tienda\/wp-json\/wp\/v2\/product"}],"about":[{"href":"https:\/\/futllermo.com\/tienda\/wp-json\/wp\/v2\/types\/product"}],"replies":[{"embeddable":true,"href":"https:\/\/futllermo.com\/tienda\/wp-json\/wp\/v2\/comments?post=84088"}],"wp:featuredmedia":[{"embeddable":true,"href":"https:\/\/futllermo.com\/tienda\/wp-json\/wp\/v2\/media\/84089"}],"wp:attachment":[{"href":"https:\/\/futllermo.com\/tienda\/wp-json\/wp\/v2\/media?parent=84088"}],"wp:term":[{"taxonomy":"product_brand","embeddable":true,"href":"https:\/\/futllermo.com\/tienda\/wp-json\/wp\/v2\/product_brand?post=84088"},{"taxonomy":"product_cat","embeddable":true,"href":"https:\/\/futllermo.com\/tienda\/wp-json\/wp\/v2\/product_cat?post=84088"},{"taxonomy":"product_tag","embeddable":true,"href":"https:\/\/futllermo.com\/tienda\/wp-json\/wp\/v2\/product_tag?post=84088"}],"curies":[{"name":"wp","href":"https:\/\/api.w.org\/{rel}","templated":true}]}}