{"id":84084,"date":"2022-09-15T10:22:45","date_gmt":"2022-09-15T10:22:45","guid":{"rendered":"https:\/\/futllermo.com\/tienda\/producto\/hbre-copa-mundial-de-rugbycamiseta-de-futbol-de-nueva-zelanda-rugby-transpirable-camiseta-de-rugby-para-hombre\/"},"modified":"2022-09-15T10:22:53","modified_gmt":"2022-09-15T10:22:53","slug":"hbre-copa-mundial-de-rugbycamiseta-de-futbol-de-nueva-zelanda-rugby-transpirable-camiseta-de-rugby-para-hombre","status":"publish","type":"product","link":"https:\/\/futllermo.com\/tienda\/producto\/hbre-copa-mundial-de-rugbycamiseta-de-futbol-de-nueva-zelanda-rugby-transpirable-camiseta-de-rugby-para-hombre\/","title":{"rendered":"HBRE Copa Mundial De Rugby,Camiseta De F\u00faTbol De Nueva Zelanda, Rugby Transpirable, Camiseta De Rugby para Hombre\u2026"},"content":{"rendered":"<p>n<!-- show up to 2 reviews by default --> <\/p>\n<p>Copa Mundial De Rugby,Camiseta De F\u00faTbol De Nueva Zelanda, Rugby Transpirable, Camiseta De Rugby Para Hombre,Camiseta Deportiva De Manga Corta De Secado R\u00e1Pido Para<\/p>\n<p><b>caracteristicas:<\/b><br \/>Las camisetas de f\u00fatbol local y visitante de Nueva Zelanda son una fibra de poli\u00e9ster elegante y transpirable que es suave y c\u00f3moda, y puedes usar ropa deportiva como sudaderas con capucha, su\u00e9teres, camisetas y zapatillas de deporte. Eres el fan\u00e1tico m\u00e1s a la moda.<br \/><b><br \/>especificaci\u00f3n:<\/b><br \/>Color: amarillo &#8211; hogar de huracanes; negro &#8211; hurac\u00e1n lejos<br \/>Tama\u00f1o: S, M, L, XL, XXL, XXXL<br \/>Material: fibra de poli\u00e9ster (poli\u00e9ster)<br \/>Deportes aplicables: f\u00fatbol<br \/>Edad aplicable: adulto<br \/>G\u00e9nero aplicable: masculino<br \/>Adecuado para la temporada: primavera, verano.<br \/>Error de tama\u00f1o: 1-2 cm<br \/><b><br \/>paquete:<\/b><br \/>1 \u00d7 jersey<br \/><b><br \/>Nota:<\/b><br \/>Lea la tabla de referencia de tallas cuidadosamente antes de comprar<\/p>\n<\/p>\n<p>nMATERIAL: tejido de poli\u00e9ster, tejido de alta calidad. Un material suave y agradable para la piel como el algod\u00f3n con una funci\u00f3n suave y de baja fricci\u00f3n.nC\u00d3MODO PARA USAR: Hecho de poli\u00e9ster (poli\u00e9ster) de alta calidad, es c\u00f3modo y puede satisfacer todo tipo de necesidades deportivas, y es fresco en verano. Material transpirable, buena higroscopicidad, transpirabilidad, secado r\u00e1pido, sensaci\u00f3n fresca.nTAMA\u00d1O: adecuado para adultos: una variedad de tama\u00f1os para elegir: S, M, L, XL, 2XL, el tama\u00f1o 3XL para la medici\u00f3n manual tendr\u00e1 un error de 1-2CMnF\u00c1CIL DE MANTENER: poli\u00e9ster (poli\u00e9ster), f\u00e1cil de mantener, se puede limpiar directamente en la m\u00e1quina &#8211; lavar a m\u00e1quina (siempre siga las instrucciones en la etiqueta).nUSOS: Se puede utilizar en clubes, competiciones de equipos, competiciones de equipos escolares, deportes, ocio, actuaciones, juegos de rol o Navidad.n<\/p>\n","protected":false},"excerpt":{"rendered":"<p>n Copa Mundial De Rugby,Camiseta De F\u00faTbol De Nueva Zelanda, Rugby Transpirable, Camiseta De Rugby Para Hombre,Camiseta Deportiva De Manga Corta De Secado R\u00e1Pido Para caracteristicas:Las camisetas de f\u00fatbol local y visitante de Nueva Zelanda son una fibra de poli\u00e9ster elegante y transpirable que es suave y c\u00f3moda, y puedes usar ropa deportiva como sudaderas&#8230;<\/p>\n","protected":false},"featured_media":84085,"comment_status":"open","ping_status":"closed","template":"","meta":{"_kadence_starter_templates_imported_post":false,"_kad_post_transparent":"","_kad_post_title":"","_kad_post_layout":"","_kad_post_sidebar_id":"","_kad_post_content_style":"","_kad_post_vertical_padding":"","_kad_post_feature":"","_kad_post_feature_position":"","_kad_post_header":false,"_kad_post_footer":false},"product_brand":[],"product_cat":[699],"product_tag":[],"class_list":{"0":"post-84084","1":"product","2":"type-product","3":"status-publish","4":"has-post-thumbnail","6":"product_cat-camisetas-de-futbol","8":"first","9":"instock","10":"shipping-taxable","11":"purchasable","12":"product-type-simple","13":"entry","14":"content-bg","15":"loop-entry"},"_links":{"self":[{"href":"https:\/\/futllermo.com\/tienda\/wp-json\/wp\/v2\/product\/84084","targetHints":{"allow":["GET"]}}],"collection":[{"href":"https:\/\/futllermo.com\/tienda\/wp-json\/wp\/v2\/product"}],"about":[{"href":"https:\/\/futllermo.com\/tienda\/wp-json\/wp\/v2\/types\/product"}],"replies":[{"embeddable":true,"href":"https:\/\/futllermo.com\/tienda\/wp-json\/wp\/v2\/comments?post=84084"}],"wp:featuredmedia":[{"embeddable":true,"href":"https:\/\/futllermo.com\/tienda\/wp-json\/wp\/v2\/media\/84085"}],"wp:attachment":[{"href":"https:\/\/futllermo.com\/tienda\/wp-json\/wp\/v2\/media?parent=84084"}],"wp:term":[{"taxonomy":"product_brand","embeddable":true,"href":"https:\/\/futllermo.com\/tienda\/wp-json\/wp\/v2\/product_brand?post=84084"},{"taxonomy":"product_cat","embeddable":true,"href":"https:\/\/futllermo.com\/tienda\/wp-json\/wp\/v2\/product_cat?post=84084"},{"taxonomy":"product_tag","embeddable":true,"href":"https:\/\/futllermo.com\/tienda\/wp-json\/wp\/v2\/product_tag?post=84084"}],"curies":[{"name":"wp","href":"https:\/\/api.w.org\/{rel}","templated":true}]}}