{"id":84082,"date":"2022-09-15T10:22:38","date_gmt":"2022-09-15T10:22:38","guid":{"rendered":"https:\/\/futllermo.com\/tienda\/producto\/roly-camiseta-tecnica-para-ninos-montecarlo-turquesa\/"},"modified":"2022-09-15T10:22:45","modified_gmt":"2022-09-15T10:22:45","slug":"roly-camiseta-tecnica-para-ninos-montecarlo-turquesa","status":"publish","type":"product","link":"https:\/\/futllermo.com\/tienda\/producto\/roly-camiseta-tecnica-para-ninos-montecarlo-turquesa\/","title":{"rendered":"ROLY Camiseta t\u00e9cnica para ni\u00f1os Montecarlo, Turquesa"},"content":{"rendered":"<p>n<!-- show up to 2 reviews by default --> <\/p>\n<p>Camiseta t\u00e9cnica de ni\u00f1os con manga corta rangl\u00e1n. 1.- Escote redondeado con cubrecosturas. 2.- Cortes laterales con remallado al tono. Tejido transpirable de f\u00e1cil lavado y secado. Composici\u00f3n: 100% poli\u00e9ster piqu\u00e9, 150 g\/m\u00b2. Tallas disponibles: 4 a\u00f1os [35cm\/50cm]; 8 a\u00f1os [41cm\/55cm]; 12 a\u00f1os [43cm\/60cm]; 16 a\u00f1os [46cm\/65cm]. <\/p>\n<p>nCamiseta t\u00e9cnica de ni\u00f1os con manga corta rangl\u00e1n.n1.- Escote redondeado con cubrecosturas.nPoli\u00e9sternMangas Cortan2.- Cortes laterales con remallado al tono.nTejido transpirable de f\u00e1cil lavado y secado.nTallas disponibles: 4 a\u00f1os [35cm\/50cm]; 8 a\u00f1os [41cm\/55cm]; 12 a\u00f1os [43cm\/60cm]; 16 a\u00f1os [46cm\/65cm].n<\/p>\n","protected":false},"excerpt":{"rendered":"<p>n Camiseta t\u00e9cnica de ni\u00f1os con manga corta rangl\u00e1n. 1.- Escote redondeado con cubrecosturas. 2.- Cortes laterales con remallado al tono. Tejido transpirable de f\u00e1cil lavado y secado. Composici\u00f3n: 100% poli\u00e9ster piqu\u00e9, 150 g\/m\u00b2. Tallas disponibles: 4 a\u00f1os [35cm\/50cm]; 8 a\u00f1os [41cm\/55cm]; 12 a\u00f1os [43cm\/60cm]; 16 a\u00f1os [46cm\/65cm]. nCamiseta t\u00e9cnica de ni\u00f1os con manga corta&#8230;<\/p>\n","protected":false},"featured_media":84083,"comment_status":"open","ping_status":"closed","template":"","meta":{"_kadence_starter_templates_imported_post":false,"_kad_post_transparent":"","_kad_post_title":"","_kad_post_layout":"","_kad_post_sidebar_id":"","_kad_post_content_style":"","_kad_post_vertical_padding":"","_kad_post_feature":"","_kad_post_feature_position":"","_kad_post_header":false,"_kad_post_footer":false},"product_brand":[],"product_cat":[699],"product_tag":[],"class_list":{"0":"post-84082","1":"product","2":"type-product","3":"status-publish","4":"has-post-thumbnail","6":"product_cat-camisetas-de-futbol","8":"first","9":"instock","10":"shipping-taxable","11":"purchasable","12":"product-type-simple","13":"entry","14":"content-bg","15":"loop-entry"},"_links":{"self":[{"href":"https:\/\/futllermo.com\/tienda\/wp-json\/wp\/v2\/product\/84082","targetHints":{"allow":["GET"]}}],"collection":[{"href":"https:\/\/futllermo.com\/tienda\/wp-json\/wp\/v2\/product"}],"about":[{"href":"https:\/\/futllermo.com\/tienda\/wp-json\/wp\/v2\/types\/product"}],"replies":[{"embeddable":true,"href":"https:\/\/futllermo.com\/tienda\/wp-json\/wp\/v2\/comments?post=84082"}],"wp:featuredmedia":[{"embeddable":true,"href":"https:\/\/futllermo.com\/tienda\/wp-json\/wp\/v2\/media\/84083"}],"wp:attachment":[{"href":"https:\/\/futllermo.com\/tienda\/wp-json\/wp\/v2\/media?parent=84082"}],"wp:term":[{"taxonomy":"product_brand","embeddable":true,"href":"https:\/\/futllermo.com\/tienda\/wp-json\/wp\/v2\/product_brand?post=84082"},{"taxonomy":"product_cat","embeddable":true,"href":"https:\/\/futllermo.com\/tienda\/wp-json\/wp\/v2\/product_cat?post=84082"},{"taxonomy":"product_tag","embeddable":true,"href":"https:\/\/futllermo.com\/tienda\/wp-json\/wp\/v2\/product_tag?post=84082"}],"curies":[{"name":"wp","href":"https:\/\/api.w.org\/{rel}","templated":true}]}}