{"id":84080,"date":"2022-09-15T10:22:27","date_gmt":"2022-09-15T10:22:27","guid":{"rendered":"https:\/\/futllermo.com\/tienda\/producto\/qingya-20-21-camiseta-de-local-juvenil-ropa-deportiva-ropa-de-entrenamiento-ropa-infantil-ropa-juvenil%ef%bc%8cmuy-comodo-de\/"},"modified":"2022-09-15T10:22:37","modified_gmt":"2022-09-15T10:22:37","slug":"qingya-20-21-camiseta-de-local-juvenil-ropa-deportiva-ropa-de-entrenamiento-ropa-infantil-ropa-juvenil%ef%bc%8cmuy-comodo-de","status":"publish","type":"product","link":"https:\/\/futllermo.com\/tienda\/producto\/qingya-20-21-camiseta-de-local-juvenil-ropa-deportiva-ropa-de-entrenamiento-ropa-infantil-ropa-juvenil%ef%bc%8cmuy-comodo-de\/","title":{"rendered":"QINGYA 20-21 Camiseta de Local Juvenil, Ropa Deportiva\/Ropa de Entrenamiento\/Ropa Infantil\/Ropa Juvenil\uff0cMuy c\u00f3modo de\u2026"},"content":{"rendered":"<p>n<!-- show up to 2 reviews by default --> <\/p>\n<p> Introducci\u00f3n del producto: <br \/> Boca Home Jersey 2020 <br \/> Camiseta de f\u00fatbol para adultos \/ ni\u00f1os camiseta <br \/> Regalo ideal para fan\u00e1ticos del f\u00fatbol y aficionados <br \/> Especificaciones: <br \/> Nombre de la tela: Modal <br \/> Composici\u00f3n del tejido: 98% fibra de poli\u00e9ster <br \/> Color: azul <br \/> Tipo: Adulto (21\/10\/24\/32) (el n\u00famero se puede personalizar) Tama\u00f1o: S, M, L, XL <br \/> G\u00e9nero aplicable: neutral <br \/> Contenido del paquete: <br \/> 1 x ropa deportiva <br \/> Debido a los diferentes m\u00e9todos de medici\u00f3n, la diferencia es de 2-3 cm, confirme el tama\u00f1o detallado antes de realizar el pedido. Gracias por su comprensi\u00f3n y cooperaci\u00f3n. <\/p>\n<\/p>\n<p>n1. N\u00famero: 21\/10\/24\/32 (el n\u00famero admite personalizaci\u00f3n), tama\u00f1o: L, M, S, XL, XXLn2.100% de fibra de poli\u00e9ster, su material liviano utiliza tecnolog\u00eda de tela Dri-FIT, puede brindarle una sensaci\u00f3n de frescuranModaln3. La camiseta deportiva perfecta, transpirable r\u00e1pidamente, puede absorber diversas necesidades deportivas, absorber el sudor en la superficie de la piel.n4. Obsequio del deportista: si eres un fiel seguidor de la Copa de Europa y del f\u00fatbol de manga corta, no te pierdas esta camiseta, tambi\u00e9n es un gran obsequio para amigos y familiares.n5. Si encuentra alg\u00fan problema despu\u00e9s de la compra, cont\u00e1ctenos, haremos nuestro mejor esfuerzo para resolver estos problemas hasta que est\u00e9 satisfecho.n<\/p>\n","protected":false},"excerpt":{"rendered":"<p>n Introducci\u00f3n del producto: Boca Home Jersey 2020 Camiseta de f\u00fatbol para adultos \/ ni\u00f1os camiseta Regalo ideal para fan\u00e1ticos del f\u00fatbol y aficionados Especificaciones: Nombre de la tela: Modal Composici\u00f3n del tejido: 98% fibra de poli\u00e9ster Color: azul Tipo: Adulto (21\/10\/24\/32) (el n\u00famero se puede personalizar) Tama\u00f1o: S, M, L, XL G\u00e9nero aplicable: neutral&#8230;<\/p>\n","protected":false},"featured_media":84081,"comment_status":"open","ping_status":"closed","template":"","meta":{"_kadence_starter_templates_imported_post":false,"_kad_post_transparent":"","_kad_post_title":"","_kad_post_layout":"","_kad_post_sidebar_id":"","_kad_post_content_style":"","_kad_post_vertical_padding":"","_kad_post_feature":"","_kad_post_feature_position":"","_kad_post_header":false,"_kad_post_footer":false},"product_brand":[],"product_cat":[699],"product_tag":[],"class_list":{"0":"post-84080","1":"product","2":"type-product","3":"status-publish","4":"has-post-thumbnail","6":"product_cat-camisetas-de-futbol","8":"first","9":"instock","10":"shipping-taxable","11":"purchasable","12":"product-type-simple","13":"entry","14":"content-bg","15":"loop-entry"},"_links":{"self":[{"href":"https:\/\/futllermo.com\/tienda\/wp-json\/wp\/v2\/product\/84080","targetHints":{"allow":["GET"]}}],"collection":[{"href":"https:\/\/futllermo.com\/tienda\/wp-json\/wp\/v2\/product"}],"about":[{"href":"https:\/\/futllermo.com\/tienda\/wp-json\/wp\/v2\/types\/product"}],"replies":[{"embeddable":true,"href":"https:\/\/futllermo.com\/tienda\/wp-json\/wp\/v2\/comments?post=84080"}],"wp:featuredmedia":[{"embeddable":true,"href":"https:\/\/futllermo.com\/tienda\/wp-json\/wp\/v2\/media\/84081"}],"wp:attachment":[{"href":"https:\/\/futllermo.com\/tienda\/wp-json\/wp\/v2\/media?parent=84080"}],"wp:term":[{"taxonomy":"product_brand","embeddable":true,"href":"https:\/\/futllermo.com\/tienda\/wp-json\/wp\/v2\/product_brand?post=84080"},{"taxonomy":"product_cat","embeddable":true,"href":"https:\/\/futllermo.com\/tienda\/wp-json\/wp\/v2\/product_cat?post=84080"},{"taxonomy":"product_tag","embeddable":true,"href":"https:\/\/futllermo.com\/tienda\/wp-json\/wp\/v2\/product_tag?post=84080"}],"curies":[{"name":"wp","href":"https:\/\/api.w.org\/{rel}","templated":true}]}}