{"id":84066,"date":"2022-09-15T10:21:20","date_gmt":"2022-09-15T10:21:20","guid":{"rendered":"https:\/\/futllermo.com\/tienda\/producto\/joma-getafe-cf-primera-equipacion-2020-2021-camiseta-royal\/"},"modified":"2022-09-15T10:21:32","modified_gmt":"2022-09-15T10:21:32","slug":"joma-getafe-cf-primera-equipacion-2020-2021-camiseta-royal","status":"publish","type":"product","link":"https:\/\/futllermo.com\/tienda\/producto\/joma-getafe-cf-primera-equipacion-2020-2021-camiseta-royal\/","title":{"rendered":"Joma Getafe CF Primera Equipaci\u00f3n 2020-2021, Camiseta, Royal"},"content":{"rendered":"<p>n<!-- show up to 2 reviews by default --> <\/p>\n<p>Camiseta de la primera equipaci\u00f3n del Getafe CF para la temporada 2020-2021.Muestra tu orgullo por tu equipo con la nueva equipaci\u00f3n que el equipo de Getafe lucir\u00e1 a lo largo de esta temporada en el Coliseum Alfonso P\u00e9rez. <\/p>\n<p>n<\/p>\n","protected":false},"excerpt":{"rendered":"<p>n Camiseta de la primera equipaci\u00f3n del Getafe CF para la temporada 2020-2021.Muestra tu orgullo por tu equipo con la nueva equipaci\u00f3n que el equipo de Getafe lucir\u00e1 a lo largo de esta temporada en el Coliseum Alfonso P\u00e9rez. n<\/p>\n","protected":false},"featured_media":84067,"comment_status":"open","ping_status":"closed","template":"","meta":{"_kadence_starter_templates_imported_post":false,"_kad_post_transparent":"","_kad_post_title":"","_kad_post_layout":"","_kad_post_sidebar_id":"","_kad_post_content_style":"","_kad_post_vertical_padding":"","_kad_post_feature":"","_kad_post_feature_position":"","_kad_post_header":false,"_kad_post_footer":false},"product_brand":[],"product_cat":[699],"product_tag":[],"class_list":{"0":"post-84066","1":"product","2":"type-product","3":"status-publish","4":"has-post-thumbnail","6":"product_cat-camisetas-de-futbol","8":"first","9":"instock","10":"shipping-taxable","11":"purchasable","12":"product-type-simple","13":"entry","14":"content-bg","15":"loop-entry"},"_links":{"self":[{"href":"https:\/\/futllermo.com\/tienda\/wp-json\/wp\/v2\/product\/84066","targetHints":{"allow":["GET"]}}],"collection":[{"href":"https:\/\/futllermo.com\/tienda\/wp-json\/wp\/v2\/product"}],"about":[{"href":"https:\/\/futllermo.com\/tienda\/wp-json\/wp\/v2\/types\/product"}],"replies":[{"embeddable":true,"href":"https:\/\/futllermo.com\/tienda\/wp-json\/wp\/v2\/comments?post=84066"}],"wp:featuredmedia":[{"embeddable":true,"href":"https:\/\/futllermo.com\/tienda\/wp-json\/wp\/v2\/media\/84067"}],"wp:attachment":[{"href":"https:\/\/futllermo.com\/tienda\/wp-json\/wp\/v2\/media?parent=84066"}],"wp:term":[{"taxonomy":"product_brand","embeddable":true,"href":"https:\/\/futllermo.com\/tienda\/wp-json\/wp\/v2\/product_brand?post=84066"},{"taxonomy":"product_cat","embeddable":true,"href":"https:\/\/futllermo.com\/tienda\/wp-json\/wp\/v2\/product_cat?post=84066"},{"taxonomy":"product_tag","embeddable":true,"href":"https:\/\/futllermo.com\/tienda\/wp-json\/wp\/v2\/product_tag?post=84066"}],"curies":[{"name":"wp","href":"https:\/\/api.w.org\/{rel}","templated":true}]}}