{"id":84062,"date":"2022-09-15T10:20:58","date_gmt":"2022-09-15T10:20:58","guid":{"rendered":"https:\/\/futllermo.com\/tienda\/producto\/umbro-rcd-mallorca-primera-equipacion-2019-2020-camiseta-rojo-talla-s\/"},"modified":"2022-09-15T10:21:10","modified_gmt":"2022-09-15T10:21:10","slug":"umbro-rcd-mallorca-primera-equipacion-2019-2020-camiseta-rojo-talla-s","status":"publish","type":"product","link":"https:\/\/futllermo.com\/tienda\/producto\/umbro-rcd-mallorca-primera-equipacion-2019-2020-camiseta-rojo-talla-s\/","title":{"rendered":"UMBRO RCD Mallorca Primera Equipaci\u00f3n 2019-2020, Camiseta, Rojo, Talla S"},"content":{"rendered":"<p>n<!-- show up to 2 reviews by default --> <\/p>\n<p>Camiseta RCD Mallorca Primera Equipaci\u00f3n 2019-2020Luce la camiseta del equipo Balear en sus partidos c\u00f3mo local con la primera equipaci\u00f3n. <\/p>\n<p>n<\/p>\n","protected":false},"excerpt":{"rendered":"<p>n Camiseta RCD Mallorca Primera Equipaci\u00f3n 2019-2020Luce la camiseta del equipo Balear en sus partidos c\u00f3mo local con la primera equipaci\u00f3n. n<\/p>\n","protected":false},"featured_media":84063,"comment_status":"open","ping_status":"closed","template":"","meta":{"_kadence_starter_templates_imported_post":false,"_kad_post_transparent":"","_kad_post_title":"","_kad_post_layout":"","_kad_post_sidebar_id":"","_kad_post_content_style":"","_kad_post_vertical_padding":"","_kad_post_feature":"","_kad_post_feature_position":"","_kad_post_header":false,"_kad_post_footer":false},"product_brand":[],"product_cat":[699],"product_tag":[],"class_list":{"0":"post-84062","1":"product","2":"type-product","3":"status-publish","4":"has-post-thumbnail","6":"product_cat-camisetas-de-futbol","8":"first","9":"instock","10":"shipping-taxable","11":"purchasable","12":"product-type-simple","13":"entry","14":"content-bg","15":"loop-entry"},"_links":{"self":[{"href":"https:\/\/futllermo.com\/tienda\/wp-json\/wp\/v2\/product\/84062","targetHints":{"allow":["GET"]}}],"collection":[{"href":"https:\/\/futllermo.com\/tienda\/wp-json\/wp\/v2\/product"}],"about":[{"href":"https:\/\/futllermo.com\/tienda\/wp-json\/wp\/v2\/types\/product"}],"replies":[{"embeddable":true,"href":"https:\/\/futllermo.com\/tienda\/wp-json\/wp\/v2\/comments?post=84062"}],"wp:featuredmedia":[{"embeddable":true,"href":"https:\/\/futllermo.com\/tienda\/wp-json\/wp\/v2\/media\/84063"}],"wp:attachment":[{"href":"https:\/\/futllermo.com\/tienda\/wp-json\/wp\/v2\/media?parent=84062"}],"wp:term":[{"taxonomy":"product_brand","embeddable":true,"href":"https:\/\/futllermo.com\/tienda\/wp-json\/wp\/v2\/product_brand?post=84062"},{"taxonomy":"product_cat","embeddable":true,"href":"https:\/\/futllermo.com\/tienda\/wp-json\/wp\/v2\/product_cat?post=84062"},{"taxonomy":"product_tag","embeddable":true,"href":"https:\/\/futllermo.com\/tienda\/wp-json\/wp\/v2\/product_tag?post=84062"}],"curies":[{"name":"wp","href":"https:\/\/api.w.org\/{rel}","templated":true}]}}