{"id":84053,"date":"2022-09-15T10:13:14","date_gmt":"2022-09-15T10:13:14","guid":{"rendered":"https:\/\/futllermo.com\/tienda\/producto\/camiseta-de-futbol-personalizado-19-20-europa-premier-league-patch-jerseys-de-futbol-nombre-personalizado-numero-camisa\/"},"modified":"2022-09-15T10:13:14","modified_gmt":"2022-09-15T10:13:14","slug":"camiseta-de-futbol-personalizado-19-20-europa-premier-league-patch-jerseys-de-futbol-nombre-personalizado-numero-camisa","status":"publish","type":"product","link":"https:\/\/futllermo.com\/tienda\/producto\/camiseta-de-futbol-personalizado-19-20-europa-premier-league-patch-jerseys-de-futbol-nombre-personalizado-numero-camisa\/","title":{"rendered":"Camiseta de f\u00fatbol Personalizado 19\/20 Europa Premier League Patch Jerseys de f\u00fatbol Nombre Personalizado N\u00famero Camisa\u2026"},"content":{"rendered":"<p><!-- show up to 2 reviews by default --> <\/p>\n<p>Material: 100% poli\u00e9ster, es un tejido c\u00f3modo, transpirable y f\u00e1cil de secar, adecuado para deportes y ocio.Si tiene alguna pregunta, no dude en contactarnos y haremos nuestro mejor esfuerzo para ayudarlo. <\/p>\n<p>nProductos personalizados, puede personalizar su n\u00famero y nombre de estrella favorita en la ropa. Si no desea personalizar, puede usar \u00bb \/ \u00bb en su lugar o contactarme despu\u00e9s de ordenar!nC\u00f3mo comprar: \u2460 Seleccione el equipo y el tama\u00f1o que necesita, \u2461 haga clic en \u00abPersonalizar ahora\u00bb en el bot\u00f3n, \u00a1ingrese el nombre y el n\u00famero del jugador de f\u00fatbol!nElige Europa League o Premier League Patch seg\u00fan lo requierasnConsejos: \u2460Nombre personalizado, todas las letras tienen letras may\u00fasculas predeterminadas, el mejor efecto de may\u00fasculas. \u2461 Consulte la tabla de tallas de la ilustraci\u00f3n para elegir la talla m\u00e1s adecuada. \u00a1Apta para ni\u00f1os, j\u00f3venes, adultos, camisetas para hombres!nRegalo ideal: puede elegir el equipo o el atleta que apoya, personalizar su nombre y n\u00famero deseado (su favorito), es el regalo ideal para familiares, amigos, colegas, amantes, seguidores o el equipo.n<\/p>\n","protected":false},"excerpt":{"rendered":"<p>Material: 100% poli\u00e9ster, es un tejido c\u00f3modo, transpirable y f\u00e1cil de secar, adecuado para deportes y ocio.Si tiene alguna pregunta, no dude en contactarnos y haremos nuestro mejor esfuerzo para ayudarlo. nProductos personalizados, puede personalizar su n\u00famero y nombre de estrella favorita en la ropa. Si no desea personalizar, puede usar \u00bb \/ \u00bb en&#8230;<\/p>\n","protected":false},"featured_media":84054,"comment_status":"open","ping_status":"closed","template":"","meta":{"_kadence_starter_templates_imported_post":false,"_kad_post_transparent":"","_kad_post_title":"","_kad_post_layout":"","_kad_post_sidebar_id":"","_kad_post_content_style":"","_kad_post_vertical_padding":"","_kad_post_feature":"","_kad_post_feature_position":"","_kad_post_header":false,"_kad_post_footer":false},"product_brand":[],"product_cat":[699],"product_tag":[],"class_list":{"0":"post-84053","1":"product","2":"type-product","3":"status-publish","4":"has-post-thumbnail","6":"product_cat-camisetas-de-futbol","7":"pa_brand-brand","8":"pa_marca-marca-shtsejs","10":"first","11":"instock","12":"shipping-taxable","13":"purchasable","14":"product-type-simple","15":"entry","16":"content-bg","17":"loop-entry"},"_links":{"self":[{"href":"https:\/\/futllermo.com\/tienda\/wp-json\/wp\/v2\/product\/84053","targetHints":{"allow":["GET"]}}],"collection":[{"href":"https:\/\/futllermo.com\/tienda\/wp-json\/wp\/v2\/product"}],"about":[{"href":"https:\/\/futllermo.com\/tienda\/wp-json\/wp\/v2\/types\/product"}],"replies":[{"embeddable":true,"href":"https:\/\/futllermo.com\/tienda\/wp-json\/wp\/v2\/comments?post=84053"}],"wp:featuredmedia":[{"embeddable":true,"href":"https:\/\/futllermo.com\/tienda\/wp-json\/wp\/v2\/media\/84054"}],"wp:attachment":[{"href":"https:\/\/futllermo.com\/tienda\/wp-json\/wp\/v2\/media?parent=84053"}],"wp:term":[{"taxonomy":"product_brand","embeddable":true,"href":"https:\/\/futllermo.com\/tienda\/wp-json\/wp\/v2\/product_brand?post=84053"},{"taxonomy":"product_cat","embeddable":true,"href":"https:\/\/futllermo.com\/tienda\/wp-json\/wp\/v2\/product_cat?post=84053"},{"taxonomy":"product_tag","embeddable":true,"href":"https:\/\/futllermo.com\/tienda\/wp-json\/wp\/v2\/product_tag?post=84053"}],"curies":[{"name":"wp","href":"https:\/\/api.w.org\/{rel}","templated":true}]}}