{"id":84049,"date":"2022-09-15T10:12:56","date_gmt":"2022-09-15T10:12:56","guid":{"rendered":"https:\/\/futllermo.com\/tienda\/producto\/zhaojiexiaodian-paris-black-camiseta-de-manga-larga-de-futbol-primavera-y-otono-chaqueta-apariencia-adultos-sudaderas\/"},"modified":"2022-09-15T10:13:01","modified_gmt":"2022-09-15T10:13:01","slug":"zhaojiexiaodian-paris-black-camiseta-de-manga-larga-de-futbol-primavera-y-otono-chaqueta-apariencia-adultos-sudaderas","status":"publish","type":"product","link":"https:\/\/futllermo.com\/tienda\/producto\/zhaojiexiaodian-paris-black-camiseta-de-manga-larga-de-futbol-primavera-y-otono-chaqueta-apariencia-adultos-sudaderas\/","title":{"rendered":"zhaojiexiaodian Paris Black Camiseta de Manga Larga de f\u00fatbol Primavera y oto\u00f1o Chaqueta Apariencia Adultos Sudaderas\u2026"},"content":{"rendered":"<p>n<!-- show up to 2 reviews by default --> <\/p>\n<p>Tejido suave para un tacto c\u00f3modo, ligero y c\u00f3modo para la piel<br \/>Absorbe la humedad y aporta una experiencia deportiva refrescante, seca y c\u00f3moda<br \/>Adem\u00e1s de ser una camiseta de f\u00fatbol, tambi\u00e9n puedes jugar baloncesto, tenis, correr, montar en bicicleta, escalar o practicar surf. En verano y oto\u00f1o, experimentar\u00e1 las emociones inesperadas del ejercicio diario, el ejercicio f\u00edsico, el f\u00fatbol o la primavera y cualquier otro deporte al aire libre en interiores<br \/>Ideal para pieles sensibles, anti-fading y anti-pilling; Lavar a m\u00e1quina en fr\u00edo No blanquear, secar el tambor, retirar a tiempo. Colgar el hierro caliente seco tiene un efecto antibacteriano <\/p>\n<p>nCh\u00e1ndal para hombre hecho de tejido de punto de alta calidad que te mantendr\u00e1 abrigado y c\u00f3modonSecado r\u00e1pido y absorci\u00f3n de la humedad. Retire el sudor de la piel y mant\u00e9ngalo seco y c\u00f3modo todo el d\u00edanAlgod\u00f3nnLa buena tecnolog\u00eda de costura asegura que la l\u00ednea de enrollado no sea f\u00e1cil de romper incluso haciendo ejercicio de alta intensidad, muy duraderonLa fabricaci\u00f3n el\u00e1stica en 4 direcciones permite una movilidad mejorada en cualquier direcci\u00f3n, mostrando m\u00fasculos y cuerpo de manera perfectanIdeal para ejercicio diario, musculaci\u00f3n, ciclismo, baloncesto, f\u00fatbol o cualquier otro deporte al aire libre en interiores en primavera, verano y oto\u00f1on<\/p>\n","protected":false},"excerpt":{"rendered":"<p>n Tejido suave para un tacto c\u00f3modo, ligero y c\u00f3modo para la pielAbsorbe la humedad y aporta una experiencia deportiva refrescante, seca y c\u00f3modaAdem\u00e1s de ser una camiseta de f\u00fatbol, tambi\u00e9n puedes jugar baloncesto, tenis, correr, montar en bicicleta, escalar o practicar surf. En verano y oto\u00f1o, experimentar\u00e1 las emociones inesperadas del ejercicio diario, el&#8230;<\/p>\n","protected":false},"featured_media":84050,"comment_status":"open","ping_status":"closed","template":"","meta":{"_kadence_starter_templates_imported_post":false,"_kad_post_transparent":"","_kad_post_title":"","_kad_post_layout":"","_kad_post_sidebar_id":"","_kad_post_content_style":"","_kad_post_vertical_padding":"","_kad_post_feature":"","_kad_post_feature_position":"","_kad_post_header":false,"_kad_post_footer":false},"product_brand":[],"product_cat":[699],"product_tag":[],"class_list":{"0":"post-84049","1":"product","2":"type-product","3":"status-publish","4":"has-post-thumbnail","6":"product_cat-camisetas-de-futbol","7":"pa_brand-brand","8":"pa_marca-marca-zhaojiexiaodian","10":"first","11":"instock","12":"shipping-taxable","13":"purchasable","14":"product-type-simple","15":"entry","16":"content-bg","17":"loop-entry"},"_links":{"self":[{"href":"https:\/\/futllermo.com\/tienda\/wp-json\/wp\/v2\/product\/84049","targetHints":{"allow":["GET"]}}],"collection":[{"href":"https:\/\/futllermo.com\/tienda\/wp-json\/wp\/v2\/product"}],"about":[{"href":"https:\/\/futllermo.com\/tienda\/wp-json\/wp\/v2\/types\/product"}],"replies":[{"embeddable":true,"href":"https:\/\/futllermo.com\/tienda\/wp-json\/wp\/v2\/comments?post=84049"}],"wp:featuredmedia":[{"embeddable":true,"href":"https:\/\/futllermo.com\/tienda\/wp-json\/wp\/v2\/media\/84050"}],"wp:attachment":[{"href":"https:\/\/futllermo.com\/tienda\/wp-json\/wp\/v2\/media?parent=84049"}],"wp:term":[{"taxonomy":"product_brand","embeddable":true,"href":"https:\/\/futllermo.com\/tienda\/wp-json\/wp\/v2\/product_brand?post=84049"},{"taxonomy":"product_cat","embeddable":true,"href":"https:\/\/futllermo.com\/tienda\/wp-json\/wp\/v2\/product_cat?post=84049"},{"taxonomy":"product_tag","embeddable":true,"href":"https:\/\/futllermo.com\/tienda\/wp-json\/wp\/v2\/product_tag?post=84049"}],"curies":[{"name":"wp","href":"https:\/\/api.w.org\/{rel}","templated":true}]}}