{"id":84045,"date":"2022-09-15T10:12:32","date_gmt":"2022-09-15T10:12:32","guid":{"rendered":"https:\/\/futllermo.com\/tienda\/producto\/puma-vcf-stadium-jersey-maillot-hombre\/"},"modified":"2022-09-15T10:12:43","modified_gmt":"2022-09-15T10:12:43","slug":"puma-vcf-stadium-jersey-maillot-hombre","status":"publish","type":"product","link":"https:\/\/futllermo.com\/tienda\/producto\/puma-vcf-stadium-jersey-maillot-hombre\/","title":{"rendered":"PUMA Vcf Stadium Jersey, Maillot Hombre"},"content":{"rendered":"<p>n<!-- show up to 2 reviews by default --> <\/p>\n<p>Muestra tu afici\u00f3n por el f\u00fatbol de principio a fin con esta camiseta del estadio del Valencia de la gama prepartido oficial del Valencia CF. Demuestra tu afici\u00f3n por el f\u00fatbol con esta camiseta equipada con tecnolog\u00eda dryCELL y un gr\u00e1fico integral de alto impacto id\u00e9ntica a la que llevan tus jugadores favoritos antes del partido. <\/p>\n<p>nTecnolog\u00eda de PUMA con propiedades que alejan la humedad de la piel y te ayudan a mantenerte seco y c\u00f3modonCorte ajustadon100% Poli\u00e9sternCierre: con cordonesnEstadio VCF.nGr\u00e1fico caleidosc\u00f3pico integral estampado en la parte delanteranFormstrip de PUMA en los hombrosnEscudo oficial del Valencia CF en la parte izquierda del pechon<\/p>\n","protected":false},"excerpt":{"rendered":"<p>n Muestra tu afici\u00f3n por el f\u00fatbol de principio a fin con esta camiseta del estadio del Valencia de la gama prepartido oficial del Valencia CF. Demuestra tu afici\u00f3n por el f\u00fatbol con esta camiseta equipada con tecnolog\u00eda dryCELL y un gr\u00e1fico integral de alto impacto id\u00e9ntica a la que llevan tus jugadores favoritos antes&#8230;<\/p>\n","protected":false},"featured_media":84046,"comment_status":"open","ping_status":"closed","template":"","meta":{"_kadence_starter_templates_imported_post":false,"_kad_post_transparent":"","_kad_post_title":"","_kad_post_layout":"","_kad_post_sidebar_id":"","_kad_post_content_style":"","_kad_post_vertical_padding":"","_kad_post_feature":"","_kad_post_feature_position":"","_kad_post_header":false,"_kad_post_footer":false},"product_brand":[],"product_cat":[699],"product_tag":[],"class_list":{"0":"post-84045","1":"product","2":"type-product","3":"status-publish","4":"has-post-thumbnail","6":"product_cat-camisetas-de-futbol","7":"pa_brand-brand","8":"pa_marca-visita-la-store-de-puma","10":"first","11":"instock","12":"shipping-taxable","13":"purchasable","14":"product-type-simple","15":"entry","16":"content-bg","17":"loop-entry"},"_links":{"self":[{"href":"https:\/\/futllermo.com\/tienda\/wp-json\/wp\/v2\/product\/84045","targetHints":{"allow":["GET"]}}],"collection":[{"href":"https:\/\/futllermo.com\/tienda\/wp-json\/wp\/v2\/product"}],"about":[{"href":"https:\/\/futllermo.com\/tienda\/wp-json\/wp\/v2\/types\/product"}],"replies":[{"embeddable":true,"href":"https:\/\/futllermo.com\/tienda\/wp-json\/wp\/v2\/comments?post=84045"}],"wp:featuredmedia":[{"embeddable":true,"href":"https:\/\/futllermo.com\/tienda\/wp-json\/wp\/v2\/media\/84046"}],"wp:attachment":[{"href":"https:\/\/futllermo.com\/tienda\/wp-json\/wp\/v2\/media?parent=84045"}],"wp:term":[{"taxonomy":"product_brand","embeddable":true,"href":"https:\/\/futllermo.com\/tienda\/wp-json\/wp\/v2\/product_brand?post=84045"},{"taxonomy":"product_cat","embeddable":true,"href":"https:\/\/futllermo.com\/tienda\/wp-json\/wp\/v2\/product_cat?post=84045"},{"taxonomy":"product_tag","embeddable":true,"href":"https:\/\/futllermo.com\/tienda\/wp-json\/wp\/v2\/product_tag?post=84045"}],"curies":[{"name":"wp","href":"https:\/\/api.w.org\/{rel}","templated":true}]}}