{"id":84043,"date":"2022-09-15T10:12:21","date_gmt":"2022-09-15T10:12:21","guid":{"rendered":"https:\/\/futllermo.com\/tienda\/producto\/desconocido-camiseta-naranjito-adulto-nino-egb-ochenteras-80s-retro\/"},"modified":"2022-09-15T10:12:32","modified_gmt":"2022-09-15T10:12:32","slug":"desconocido-camiseta-naranjito-adulto-nino-egb-ochenteras-80s-retro","status":"publish","type":"product","link":"https:\/\/futllermo.com\/tienda\/producto\/desconocido-camiseta-naranjito-adulto-nino-egb-ochenteras-80s-retro\/","title":{"rendered":"Desconocido Camiseta Naranjito Adulto\/ni\u00f1o EGB ochenteras 80\u00b4s Retro"},"content":{"rendered":"<p>n<!-- show up to 2 reviews by default --> <\/p>\n<p>Naranjito. \u00bfQu\u00e9 mejor mascota para representar a nuestra patria en un mundial..? Bueno, podr\u00eda haber sido un chorizo.. o un jam\u00f3n, quien sabe.. El caso es que est\u00e1bamos encantados con \u00e9l y culturalmente, trascendi\u00f3 a su papel con creces, quiz\u00e1s en parte debido al m\u00edsero papel deportivo llevado a cabo por nuestra selecci\u00f3n de futbol.. <\/p>\n<p>nCamiseta 190 grs.\/ Ni\u00f1o 160 grs. Serigraf\u00eda Plastisol..nIMPORTANTE: La tabla de medidas de Amazon no es correcta, mira en las fotografias las medidas y compara con una camiseta que te quede bien para no generar costes adicionales.n100% Algod\u00f3n PreencogidonTallas especiales hasta 5XLnDisponible en polo, camiseta unisex, chica, body beb\u00e9, delantal y sudadera.nM\u00e1s en CAMISETASEGB.ESn<\/p>\n","protected":false},"excerpt":{"rendered":"<p>n Naranjito. \u00bfQu\u00e9 mejor mascota para representar a nuestra patria en un mundial..? Bueno, podr\u00eda haber sido un chorizo.. o un jam\u00f3n, quien sabe.. El caso es que est\u00e1bamos encantados con \u00e9l y culturalmente, trascendi\u00f3 a su papel con creces, quiz\u00e1s en parte debido al m\u00edsero papel deportivo llevado a cabo por nuestra selecci\u00f3n de&#8230;<\/p>\n","protected":false},"featured_media":84044,"comment_status":"open","ping_status":"closed","template":"","meta":{"_kadence_starter_templates_imported_post":false,"_kad_post_transparent":"","_kad_post_title":"","_kad_post_layout":"","_kad_post_sidebar_id":"","_kad_post_content_style":"","_kad_post_vertical_padding":"","_kad_post_feature":"","_kad_post_feature_position":"","_kad_post_header":false,"_kad_post_footer":false},"product_brand":[],"product_cat":[699],"product_tag":[],"class_list":{"0":"post-84043","1":"product","2":"type-product","3":"status-publish","4":"has-post-thumbnail","6":"product_cat-camisetas-de-futbol","7":"pa_brand-brand","8":"pa_marca-marca-desconocido","10":"first","11":"instock","12":"shipping-taxable","13":"purchasable","14":"product-type-simple","15":"entry","16":"content-bg","17":"loop-entry"},"_links":{"self":[{"href":"https:\/\/futllermo.com\/tienda\/wp-json\/wp\/v2\/product\/84043","targetHints":{"allow":["GET"]}}],"collection":[{"href":"https:\/\/futllermo.com\/tienda\/wp-json\/wp\/v2\/product"}],"about":[{"href":"https:\/\/futllermo.com\/tienda\/wp-json\/wp\/v2\/types\/product"}],"replies":[{"embeddable":true,"href":"https:\/\/futllermo.com\/tienda\/wp-json\/wp\/v2\/comments?post=84043"}],"wp:featuredmedia":[{"embeddable":true,"href":"https:\/\/futllermo.com\/tienda\/wp-json\/wp\/v2\/media\/84044"}],"wp:attachment":[{"href":"https:\/\/futllermo.com\/tienda\/wp-json\/wp\/v2\/media?parent=84043"}],"wp:term":[{"taxonomy":"product_brand","embeddable":true,"href":"https:\/\/futllermo.com\/tienda\/wp-json\/wp\/v2\/product_brand?post=84043"},{"taxonomy":"product_cat","embeddable":true,"href":"https:\/\/futllermo.com\/tienda\/wp-json\/wp\/v2\/product_cat?post=84043"},{"taxonomy":"product_tag","embeddable":true,"href":"https:\/\/futllermo.com\/tienda\/wp-json\/wp\/v2\/product_tag?post=84043"}],"curies":[{"name":"wp","href":"https:\/\/api.w.org\/{rel}","templated":true}]}}