{"id":84041,"date":"2022-09-15T10:12:09","date_gmt":"2022-09-15T10:12:09","guid":{"rendered":"https:\/\/futllermo.com\/tienda\/producto\/seleccion-espanola-camiseta-replica-oficial-talla-xl\/"},"modified":"2022-09-15T10:12:20","modified_gmt":"2022-09-15T10:12:20","slug":"seleccion-espanola-camiseta-replica-oficial-talla-xl","status":"publish","type":"product","link":"https:\/\/futllermo.com\/tienda\/producto\/seleccion-espanola-camiseta-replica-oficial-talla-xl\/","title":{"rendered":"SELECCION ESPA\u00d1OLA Camiseta Replica Oficial Talla XL"},"content":{"rendered":"<p>n<!-- show up to 2 reviews by default --> <\/p>\n<p>Este producto es una R\u00e9plica Oficial o Producto Oficial Licenciado. Todas las prendas tienen en su etiqueta un holograma con un n\u00famero de identificaci\u00f3n \u00fanico que garantizan su calidad. En la descripci\u00f3n est\u00e1n las medidas de la camiseta para que pueda elegir la talla correcta. TALLA XL: Alto 76 cm y Ancho de pecho 54 cm. Camiseta Sin Dorsal. Camiseta 1\u00aa Equipaci\u00f3n color rojo de Espa\u00f1a Mundial Russia. Tejido 100% poli\u00e9ster. <\/p>\n<p>n<\/p>\n","protected":false},"excerpt":{"rendered":"<p>n Este producto es una R\u00e9plica Oficial o Producto Oficial Licenciado. Todas las prendas tienen en su etiqueta un holograma con un n\u00famero de identificaci\u00f3n \u00fanico que garantizan su calidad. En la descripci\u00f3n est\u00e1n las medidas de la camiseta para que pueda elegir la talla correcta. TALLA XL: Alto 76 cm y Ancho de pecho&#8230;<\/p>\n","protected":false},"featured_media":84042,"comment_status":"open","ping_status":"closed","template":"","meta":{"_kadence_starter_templates_imported_post":false,"_kad_post_transparent":"","_kad_post_title":"","_kad_post_layout":"","_kad_post_sidebar_id":"","_kad_post_content_style":"","_kad_post_vertical_padding":"","_kad_post_feature":"","_kad_post_feature_position":"","_kad_post_header":false,"_kad_post_footer":false},"product_brand":[],"product_cat":[699],"product_tag":[],"class_list":{"0":"post-84041","1":"product","2":"type-product","3":"status-publish","4":"has-post-thumbnail","6":"product_cat-camisetas-de-futbol","7":"pa_brand-brand","8":"pa_marca-marca-seleccion-espanola","10":"first","11":"instock","12":"shipping-taxable","13":"purchasable","14":"product-type-simple","15":"entry","16":"content-bg","17":"loop-entry"},"_links":{"self":[{"href":"https:\/\/futllermo.com\/tienda\/wp-json\/wp\/v2\/product\/84041","targetHints":{"allow":["GET"]}}],"collection":[{"href":"https:\/\/futllermo.com\/tienda\/wp-json\/wp\/v2\/product"}],"about":[{"href":"https:\/\/futllermo.com\/tienda\/wp-json\/wp\/v2\/types\/product"}],"replies":[{"embeddable":true,"href":"https:\/\/futllermo.com\/tienda\/wp-json\/wp\/v2\/comments?post=84041"}],"wp:featuredmedia":[{"embeddable":true,"href":"https:\/\/futllermo.com\/tienda\/wp-json\/wp\/v2\/media\/84042"}],"wp:attachment":[{"href":"https:\/\/futllermo.com\/tienda\/wp-json\/wp\/v2\/media?parent=84041"}],"wp:term":[{"taxonomy":"product_brand","embeddable":true,"href":"https:\/\/futllermo.com\/tienda\/wp-json\/wp\/v2\/product_brand?post=84041"},{"taxonomy":"product_cat","embeddable":true,"href":"https:\/\/futllermo.com\/tienda\/wp-json\/wp\/v2\/product_cat?post=84041"},{"taxonomy":"product_tag","embeddable":true,"href":"https:\/\/futllermo.com\/tienda\/wp-json\/wp\/v2\/product_tag?post=84041"}],"curies":[{"name":"wp","href":"https:\/\/api.w.org\/{rel}","templated":true}]}}