{"id":84033,"date":"2022-09-15T10:11:29","date_gmt":"2022-09-15T10:11:29","guid":{"rendered":"https:\/\/futllermo.com\/tienda\/producto\/camiseta-oficial-de-la-seleccion-francesa-de-futbol-de-paul-pogba-talla-para-nino\/"},"modified":"2022-09-15T10:11:38","modified_gmt":"2022-09-15T10:11:38","slug":"camiseta-oficial-de-la-seleccion-francesa-de-futbol-de-paul-pogba-talla-para-nino","status":"publish","type":"product","link":"https:\/\/futllermo.com\/tienda\/producto\/camiseta-oficial-de-la-seleccion-francesa-de-futbol-de-paul-pogba-talla-para-nino\/","title":{"rendered":"Camiseta oficial de la selecci\u00f3n francesa de f\u00fatbol de Paul Pogba, talla para ni\u00f1o"},"content":{"rendered":"<p>n<!-- show up to 2 reviews by default --> <\/p>\n<p>Colecci\u00f3n oficial de la Selecci\u00f3n Francesa de F\u00fatbol. Camiseta FFF, Paul POGBA. Talla infantil. Material: algod\u00f3n. Producto oficial con licencia oficial y marca protegida. <\/p>\n<p>nColecci\u00f3n oficial de la selecci\u00f3n francesa de f\u00fatbol.nCamiseta FFF, Paul POGBA.nProducto 100% oficial. 100% franc\u00e9s. Con las 2 estrellas de Champion du Monde.nMaterial: algod\u00f3n. Talla infantil.nM\u00e1xima calidad.n<\/p>\n","protected":false},"excerpt":{"rendered":"<p>n Colecci\u00f3n oficial de la Selecci\u00f3n Francesa de F\u00fatbol. Camiseta FFF, Paul POGBA. Talla infantil. Material: algod\u00f3n. Producto oficial con licencia oficial y marca protegida. nColecci\u00f3n oficial de la selecci\u00f3n francesa de f\u00fatbol.nCamiseta FFF, Paul POGBA.nProducto 100% oficial. 100% franc\u00e9s. Con las 2 estrellas de Champion du Monde.nMaterial: algod\u00f3n. Talla infantil.nM\u00e1xima calidad.n<\/p>\n","protected":false},"featured_media":84034,"comment_status":"open","ping_status":"closed","template":"","meta":{"_kadence_starter_templates_imported_post":false,"_kad_post_transparent":"","_kad_post_title":"","_kad_post_layout":"","_kad_post_sidebar_id":"","_kad_post_content_style":"","_kad_post_vertical_padding":"","_kad_post_feature":"","_kad_post_feature_position":"","_kad_post_header":false,"_kad_post_footer":false},"product_brand":[],"product_cat":[699],"product_tag":[],"class_list":{"0":"post-84033","1":"product","2":"type-product","3":"status-publish","4":"has-post-thumbnail","6":"product_cat-camisetas-de-futbol","7":"pa_brand-brand","8":"pa_marca-marca-equipe-de-france-de-football","10":"first","11":"instock","12":"shipping-taxable","13":"purchasable","14":"product-type-simple","15":"entry","16":"content-bg","17":"loop-entry"},"_links":{"self":[{"href":"https:\/\/futllermo.com\/tienda\/wp-json\/wp\/v2\/product\/84033","targetHints":{"allow":["GET"]}}],"collection":[{"href":"https:\/\/futllermo.com\/tienda\/wp-json\/wp\/v2\/product"}],"about":[{"href":"https:\/\/futllermo.com\/tienda\/wp-json\/wp\/v2\/types\/product"}],"replies":[{"embeddable":true,"href":"https:\/\/futllermo.com\/tienda\/wp-json\/wp\/v2\/comments?post=84033"}],"wp:featuredmedia":[{"embeddable":true,"href":"https:\/\/futllermo.com\/tienda\/wp-json\/wp\/v2\/media\/84034"}],"wp:attachment":[{"href":"https:\/\/futllermo.com\/tienda\/wp-json\/wp\/v2\/media?parent=84033"}],"wp:term":[{"taxonomy":"product_brand","embeddable":true,"href":"https:\/\/futllermo.com\/tienda\/wp-json\/wp\/v2\/product_brand?post=84033"},{"taxonomy":"product_cat","embeddable":true,"href":"https:\/\/futllermo.com\/tienda\/wp-json\/wp\/v2\/product_cat?post=84033"},{"taxonomy":"product_tag","embeddable":true,"href":"https:\/\/futllermo.com\/tienda\/wp-json\/wp\/v2\/product_tag?post=84033"}],"curies":[{"name":"wp","href":"https:\/\/api.w.org\/{rel}","templated":true}]}}