{"id":83943,"date":"2021-02-23T12:44:47","date_gmt":"2021-02-23T12:44:47","guid":{"rendered":"https:\/\/futllermo.com\/tienda\/producto\/paris-black-camiseta-de-manga-larga-de-futbol-primavera-y-otono-chaqueta-apariencia-adultos-sudaderas-trajes-de-entrenamiento\/"},"modified":"2022-01-13T10:00:16","modified_gmt":"2022-01-13T10:00:16","slug":"paris-black-camiseta-de-manga-larga-de-futbol-primavera-y-otono-chaqueta-apariencia-adultos-sudaderas-trajes-de-entrenamiento","status":"publish","type":"product","link":"https:\/\/futllermo.com\/tienda\/producto\/paris-black-camiseta-de-manga-larga-de-futbol-primavera-y-otono-chaqueta-apariencia-adultos-sudaderas-trajes-de-entrenamiento\/","title":{"rendered":"zhaojiexiaodian Paris Black Camiseta de Manga Larga Ropa de f\u00fatbol Primavera y oto\u00f1o Apariencia Adultos Sudaderas Trajes\u2026"},"content":{"rendered":"<p><!-- show up to 2 reviews by default --> <\/p>\n<p>Tejido suave para un tacto c\u00f3modo, ligero y c\u00f3modo para la piel<br \/>Absorbe la humedad y aporta una experiencia deportiva refrescante, seca y c\u00f3moda<br \/>Adem\u00e1s de ser una camiseta de f\u00fatbol, tambi\u00e9n puedes jugar baloncesto, tenis, correr, montar en bicicleta, escalar o practicar surf. En verano y oto\u00f1o, experimentar\u00e1 las emociones inesperadas del ejercicio diario, el ejercicio f\u00edsico, el f\u00fatbol o la primavera y cualquier otro deporte al aire libre en interiores<br \/>Ideal para pieles sensibles, anti-fading y anti-pilling; Lavar a m\u00e1quina en fr\u00edo No blanquear, secar el tambor, retirar a tiempo. Colgar el hierro caliente seco tiene un efecto antibacteriano <\/p>\n<p>Ch\u00e1ndal para hombre hecho de tejido de punto de alta calidad que te mantendr\u00e1 abrigado y c\u00f3modo<br \/>\nSecado r\u00e1pido y absorci\u00f3n de la humedad. Retire el sudor de la piel y mant\u00e9ngalo seco y c\u00f3modo todo el d\u00eda<br \/>\nAlgod\u00f3n<br \/>\nLa buena tecnolog\u00eda de costura asegura que la l\u00ednea de enrollado no sea f\u00e1cil de romper incluso haciendo ejercicio de alta intensidad, muy duradero<br \/>\nLa fabricaci\u00f3n el\u00e1stica en 4 direcciones permite una movilidad mejorada en cualquier direcci\u00f3n, mostrando m\u00fasculos y cuerpo de manera perfecta<br \/>\nIdeal para ejercicio diario, musculaci\u00f3n, ciclismo, baloncesto, f\u00fatbol o cualquier otro deporte al aire libre en interiores en primavera, verano y oto\u00f1o<br \/>\n<\/p>\n","protected":false},"excerpt":{"rendered":"<p>Ch\u00e1ndal para hombre hecho de tejido de punto de alta calidad que te mantendr\u00e1 abrigado y c\u00f3modo<br \/>\nSecado r\u00e1pido y absorci\u00f3n de la humedad. Retire el sudor de la piel y mant\u00e9ngalo seco y c\u00f3modo todo el d\u00eda<br \/>\nAlgod\u00f3n<\/p>\n","protected":false},"featured_media":83944,"comment_status":"open","ping_status":"closed","template":"","meta":{"_kadence_starter_templates_imported_post":false,"_kad_post_transparent":"","_kad_post_title":"","_kad_post_layout":"","_kad_post_sidebar_id":"","_kad_post_content_style":"","_kad_post_vertical_padding":"","_kad_post_feature":"","_kad_post_feature_position":"","_kad_post_header":false,"_kad_post_footer":false},"product_brand":[],"product_cat":[450,451],"product_tag":[],"class_list":{"0":"post-83943","1":"product","2":"type-product","3":"status-publish","4":"has-post-thumbnail","6":"product_cat-futbol","7":"product_cat-camisetas","8":"pa_brand-marca-zhaojiexiaodian","9":"pa_departamento-hombre","10":"pa_producto-en-amazon-es-desde-2-julio-2019","11":"pa_referencia-del-fabricante-687","13":"first","14":"instock","15":"shipping-taxable","16":"purchasable","17":"product-type-simple","18":"entry","19":"content-bg","20":"loop-entry"},"_links":{"self":[{"href":"https:\/\/futllermo.com\/tienda\/wp-json\/wp\/v2\/product\/83943","targetHints":{"allow":["GET"]}}],"collection":[{"href":"https:\/\/futllermo.com\/tienda\/wp-json\/wp\/v2\/product"}],"about":[{"href":"https:\/\/futllermo.com\/tienda\/wp-json\/wp\/v2\/types\/product"}],"replies":[{"embeddable":true,"href":"https:\/\/futllermo.com\/tienda\/wp-json\/wp\/v2\/comments?post=83943"}],"wp:featuredmedia":[{"embeddable":true,"href":"https:\/\/futllermo.com\/tienda\/wp-json\/wp\/v2\/media\/83944"}],"wp:attachment":[{"href":"https:\/\/futllermo.com\/tienda\/wp-json\/wp\/v2\/media?parent=83943"}],"wp:term":[{"taxonomy":"product_brand","embeddable":true,"href":"https:\/\/futllermo.com\/tienda\/wp-json\/wp\/v2\/product_brand?post=83943"},{"taxonomy":"product_cat","embeddable":true,"href":"https:\/\/futllermo.com\/tienda\/wp-json\/wp\/v2\/product_cat?post=83943"},{"taxonomy":"product_tag","embeddable":true,"href":"https:\/\/futllermo.com\/tienda\/wp-json\/wp\/v2\/product_tag?post=83943"}],"curies":[{"name":"wp","href":"https:\/\/api.w.org\/{rel}","templated":true}]}}