{"id":83906,"date":"2021-01-13T13:26:16","date_gmt":"2021-01-13T13:26:16","guid":{"rendered":"https:\/\/futllermo.com\/tienda\/producto\/babolat\/"},"modified":"2022-01-13T10:00:16","modified_gmt":"2022-01-13T10:00:16","slug":"babolat","status":"publish","type":"product","link":"https:\/\/futllermo.com\/tienda\/producto\/babolat\/","title":{"rendered":"Babolat"},"content":{"rendered":"<p><!-- show up to 2 reviews by default --> <\/p>\n<p>Esta mochila es perfecta para transportar una pala as\u00ed como el material indispensable para la pr\u00e1ctica del tenis. <\/p>\n<p>En la parte posterior encontrar\u00e1s un compartimento especial para tu pala y un protector para el mango. <\/p>\n<p>Un segundo compartimento te permitir\u00e1 guardar tus cosas con orden. <\/p>\n<p>Accesible por la parte inferior, un bolsillo ventilado acoger\u00e1 tus zapatos o ropa usada para no ensuciar el resto de tus cosas. <br \/>En cada lado, un peque\u00f1o bolsillo con cremallera podr\u00e1 guardar sus accesorios y objetos que desee tener al alcance de la mano. <\/p>\n\n","protected":false},"excerpt":{"rendered":"<p>Esta mochila es perfecta para transportar una pala as\u00ed como el material indispensable para la pr\u00e1ctica del tenis. En la parte posterior encontrar\u00e1s un compartimento especial para tu pala y un protector para el mango. Un segundo compartimento te permitir\u00e1 guardar tus cosas con orden. Accesible por la parte inferior, un bolsillo ventilado acoger\u00e1 tus&#8230;<\/p>\n","protected":false},"featured_media":83909,"comment_status":"open","ping_status":"closed","template":"","meta":{"_kadence_starter_templates_imported_post":false,"_kad_post_transparent":"","_kad_post_title":"","_kad_post_layout":"","_kad_post_sidebar_id":"","_kad_post_content_style":"","_kad_post_vertical_padding":"","_kad_post_feature":"","_kad_post_feature_position":"","_kad_post_header":false,"_kad_post_footer":false},"product_brand":[],"product_cat":[500,422],"product_tag":[],"class_list":{"0":"post-83906","1":"product","2":"type-product","3":"status-publish","4":"has-post-thumbnail","6":"product_cat-babolat","7":"product_cat-tenis","8":"pa_brand-marca-babolat","10":"first","11":"instock","12":"shipping-taxable","13":"purchasable","14":"product-type-simple","15":"entry","16":"content-bg","17":"loop-entry"},"_links":{"self":[{"href":"https:\/\/futllermo.com\/tienda\/wp-json\/wp\/v2\/product\/83906","targetHints":{"allow":["GET"]}}],"collection":[{"href":"https:\/\/futllermo.com\/tienda\/wp-json\/wp\/v2\/product"}],"about":[{"href":"https:\/\/futllermo.com\/tienda\/wp-json\/wp\/v2\/types\/product"}],"replies":[{"embeddable":true,"href":"https:\/\/futllermo.com\/tienda\/wp-json\/wp\/v2\/comments?post=83906"}],"wp:featuredmedia":[{"embeddable":true,"href":"https:\/\/futllermo.com\/tienda\/wp-json\/wp\/v2\/media\/83909"}],"wp:attachment":[{"href":"https:\/\/futllermo.com\/tienda\/wp-json\/wp\/v2\/media?parent=83906"}],"wp:term":[{"taxonomy":"product_brand","embeddable":true,"href":"https:\/\/futllermo.com\/tienda\/wp-json\/wp\/v2\/product_brand?post=83906"},{"taxonomy":"product_cat","embeddable":true,"href":"https:\/\/futllermo.com\/tienda\/wp-json\/wp\/v2\/product_cat?post=83906"},{"taxonomy":"product_tag","embeddable":true,"href":"https:\/\/futllermo.com\/tienda\/wp-json\/wp\/v2\/product_tag?post=83906"}],"curies":[{"name":"wp","href":"https:\/\/api.w.org\/{rel}","templated":true}]}}