{"id":83870,"date":"2021-01-13T13:25:27","date_gmt":"2021-01-13T13:25:27","guid":{"rendered":"https:\/\/futllermo.com\/tienda\/producto\/babolat-propulse-blast-ac-men-zapatillas-de-tenis-hombre\/"},"modified":"2022-01-13T10:00:15","modified_gmt":"2022-01-13T10:00:15","slug":"babolat-propulse-blast-ac-men-zapatillas-de-tenis-hombre","status":"publish","type":"product","link":"https:\/\/futllermo.com\/tienda\/producto\/babolat-propulse-blast-ac-men-zapatillas-de-tenis-hombre\/","title":{"rendered":"Babolat Propulse Blast AC Men, Zapatillas de Tenis Hombre"},"content":{"rendered":"<p><!-- show up to 2 reviews by default --> <\/p>\n<p>Las zapatillas de tenis Babolat Propulse Blast. Estas zapatillas cuentan con dos correas el\u00e9ctricas que aseguran perfectamente la parte media del pie y se adaptan al juego de pies lateral de los tenistas. Los jugadores obtendr\u00e1n una agradable comodidad con el KPRSX, que es una almohadilla de EVA de alta amortiguaci\u00f3n dise\u00f1ada para movimientos de tenis que brinda a los jugadores la protecci\u00f3n perfecta para el tal\u00f3n. La suela Michelin es un caucho premium DIN 20 que reduce el desgaste y la abrasi\u00f3n que viene con los movimientos de tenis. <\/p>\n<p>Material exterior: Sint\u00e9tico<br \/>\nRevestimiento: Sint\u00e9tico<br \/>\nMaterial de la suela: Sint\u00e9tico<br \/>\nCierre: Cordones<br \/>\n<\/p>\n","protected":false},"excerpt":{"rendered":"<p>Material exterior: Sint\u00e9tico<br \/>\nRevestimiento: Sint\u00e9tico<br \/>\nMaterial de la suela: Sint\u00e9tico<\/p>\n","protected":false},"featured_media":83871,"comment_status":"open","ping_status":"closed","template":"","meta":{"_kadence_starter_templates_imported_post":false,"_kad_post_transparent":"","_kad_post_title":"","_kad_post_layout":"","_kad_post_sidebar_id":"","_kad_post_content_style":"","_kad_post_vertical_padding":"","_kad_post_feature":"","_kad_post_feature_position":"","_kad_post_header":false,"_kad_post_footer":false},"product_brand":[],"product_cat":[500,422],"product_tag":[],"class_list":{"0":"post-83870","1":"product","2":"type-product","3":"status-publish","4":"has-post-thumbnail","6":"product_cat-babolat","7":"product_cat-tenis","8":"pa_brand-marca-babolat","10":"first","11":"instock","12":"shipping-taxable","13":"purchasable","14":"product-type-simple","15":"entry","16":"content-bg","17":"loop-entry"},"_links":{"self":[{"href":"https:\/\/futllermo.com\/tienda\/wp-json\/wp\/v2\/product\/83870","targetHints":{"allow":["GET"]}}],"collection":[{"href":"https:\/\/futllermo.com\/tienda\/wp-json\/wp\/v2\/product"}],"about":[{"href":"https:\/\/futllermo.com\/tienda\/wp-json\/wp\/v2\/types\/product"}],"replies":[{"embeddable":true,"href":"https:\/\/futllermo.com\/tienda\/wp-json\/wp\/v2\/comments?post=83870"}],"wp:featuredmedia":[{"embeddable":true,"href":"https:\/\/futllermo.com\/tienda\/wp-json\/wp\/v2\/media\/83871"}],"wp:attachment":[{"href":"https:\/\/futllermo.com\/tienda\/wp-json\/wp\/v2\/media?parent=83870"}],"wp:term":[{"taxonomy":"product_brand","embeddable":true,"href":"https:\/\/futllermo.com\/tienda\/wp-json\/wp\/v2\/product_brand?post=83870"},{"taxonomy":"product_cat","embeddable":true,"href":"https:\/\/futllermo.com\/tienda\/wp-json\/wp\/v2\/product_cat?post=83870"},{"taxonomy":"product_tag","embeddable":true,"href":"https:\/\/futllermo.com\/tienda\/wp-json\/wp\/v2\/product_tag?post=83870"}],"curies":[{"name":"wp","href":"https:\/\/api.w.org\/{rel}","templated":true}]}}