{"id":83846,"date":"2021-01-13T13:24:46","date_gmt":"2021-01-13T13:24:46","guid":{"rendered":"https:\/\/futllermo.com\/tienda\/producto\/wilson-lote-de-antivibradores-roland-garros\/"},"modified":"2022-01-13T10:00:14","modified_gmt":"2022-01-13T10:00:14","slug":"wilson-lote-de-antivibradores-roland-garros","status":"publish","type":"product","link":"https:\/\/futllermo.com\/tienda\/producto\/wilson-lote-de-antivibradores-roland-garros\/","title":{"rendered":"Wilson Lote de Antivibradores, Roland Garros"},"content":{"rendered":"<div class=\"disclaim\"> Color:<strong>Azul y blanco<\/strong> <\/div>\n<p> <!-- show up to 2 reviews by default --> <\/p>\n<p>Antivibradores para raquetas de tenis; Dise\u00f1os para Roland Garros 2020. Reducen las vibraciones del tamiz para la comodidad y sensaci\u00f3n con cada golpe. Logo de Wilson en rojo sobre verde, Logo de Roland Garros. Lote de 2 unidades. Contenido: 1\u00d7 Lote de 2 antivibradores de Wilson para raquetas de tenis, Roland Garros 2020, WR8402001001 <\/p>\n<p>Antivibradores para raquetas de tenis; dise\u00f1os para Roland Garros 2020<br \/>\nReducen las vibraciones del tamiz para la comodidad y sensaci\u00f3n con cada golpe<br \/>\nLogo de Wilson en rojo sobre verde, Logo de Roland Garros<br \/>\nLote de 2 unidades<br \/>\nContenido: 1\u00d7 Lote de 2 antivibradores de Wilson para raquetas de tenis, Roland Garros 2020, WR8402001001<br \/>\n<\/p>\n","protected":false},"excerpt":{"rendered":"<p>Antivibradores para raquetas de tenis; dise\u00f1os para Roland Garros 2020<br \/>\nReducen las vibraciones del tamiz para la comodidad y sensaci\u00f3n con cada golpe<br \/>\nLogo de Wilson en rojo sobre verde, Logo de Roland Garros<\/p>\n","protected":false},"featured_media":83847,"comment_status":"open","ping_status":"closed","template":"","meta":{"_kadence_starter_templates_imported_post":false,"_kad_post_transparent":"","_kad_post_title":"","_kad_post_layout":"","_kad_post_sidebar_id":"","_kad_post_content_style":"","_kad_post_vertical_padding":"","_kad_post_feature":"","_kad_post_feature_position":"","_kad_post_header":false,"_kad_post_footer":false},"product_brand":[],"product_cat":[500,422],"product_tag":[],"class_list":{"0":"post-83846","1":"product","2":"type-product","3":"status-publish","4":"has-post-thumbnail","6":"product_cat-babolat","7":"product_cat-tenis","8":"pa_brand-visita-la-store-de-wilson","10":"first","11":"instock","12":"shipping-taxable","13":"purchasable","14":"product-type-simple","15":"entry","16":"content-bg","17":"loop-entry"},"_links":{"self":[{"href":"https:\/\/futllermo.com\/tienda\/wp-json\/wp\/v2\/product\/83846","targetHints":{"allow":["GET"]}}],"collection":[{"href":"https:\/\/futllermo.com\/tienda\/wp-json\/wp\/v2\/product"}],"about":[{"href":"https:\/\/futllermo.com\/tienda\/wp-json\/wp\/v2\/types\/product"}],"replies":[{"embeddable":true,"href":"https:\/\/futllermo.com\/tienda\/wp-json\/wp\/v2\/comments?post=83846"}],"wp:featuredmedia":[{"embeddable":true,"href":"https:\/\/futllermo.com\/tienda\/wp-json\/wp\/v2\/media\/83847"}],"wp:attachment":[{"href":"https:\/\/futllermo.com\/tienda\/wp-json\/wp\/v2\/media?parent=83846"}],"wp:term":[{"taxonomy":"product_brand","embeddable":true,"href":"https:\/\/futllermo.com\/tienda\/wp-json\/wp\/v2\/product_brand?post=83846"},{"taxonomy":"product_cat","embeddable":true,"href":"https:\/\/futllermo.com\/tienda\/wp-json\/wp\/v2\/product_cat?post=83846"},{"taxonomy":"product_tag","embeddable":true,"href":"https:\/\/futllermo.com\/tienda\/wp-json\/wp\/v2\/product_tag?post=83846"}],"curies":[{"name":"wp","href":"https:\/\/api.w.org\/{rel}","templated":true}]}}