{"id":83814,"date":"2021-01-13T13:24:03","date_gmt":"2021-01-13T13:24:03","guid":{"rendered":"https:\/\/futllermo.com\/tienda\/producto\/babolat-rpm-blast-200m-cordaje-de-tenis-unisex-adulto\/"},"modified":"2022-01-13T10:00:13","modified_gmt":"2022-01-13T10:00:13","slug":"babolat-rpm-blast-200m-cordaje-de-tenis-unisex-adulto","status":"publish","type":"product","link":"https:\/\/futllermo.com\/tienda\/producto\/babolat-rpm-blast-200m-cordaje-de-tenis-unisex-adulto\/","title":{"rendered":"Babolat RPM Blast 200m Cordaje de Tenis, Unisex Adulto"},"content":{"rendered":"<p><!-- show up to 2 reviews by default --> <\/p>\n<p>El Babolat RPM Blast es un cordaje monofilamento que te ofrece una excelente combinaci\u00f3n de efectos, potencia y una sensaci\u00f3n \u00fanica en el impacto. Gracias a su revestimiento de silicona enlazada, el potencial que facilita resulta sorprendente. Este cordaje es la elecci\u00f3n perfecta para el jugador moderno con un estilo de juego como el de Rafael Nadal, Jo-Wilfried Tsonga y Sam Stosur. Esta versi\u00f3n de calibre 1,30 mm es a\u00fan m\u00e1s duradera. <\/p>\n<p>Longitud: 200 m<br \/>\nComposici\u00f3n: copoli\u00e9ster<br \/>\nPerfil octogonal<br \/>\n<\/p>\n","protected":false},"excerpt":{"rendered":"<p>Longitud: 200 m<br \/>\nComposici\u00f3n: copoli\u00e9ster<br \/>\nPerfil octogonal<\/p>\n","protected":false},"featured_media":83816,"comment_status":"open","ping_status":"closed","template":"","meta":{"_kadence_starter_templates_imported_post":false,"_kad_post_transparent":"","_kad_post_title":"","_kad_post_layout":"","_kad_post_sidebar_id":"","_kad_post_content_style":"","_kad_post_vertical_padding":"","_kad_post_feature":"","_kad_post_feature_position":"","_kad_post_header":false,"_kad_post_footer":false},"product_brand":[],"product_cat":[500,422],"product_tag":[],"class_list":{"0":"post-83814","1":"product","2":"type-product","3":"status-publish","4":"has-post-thumbnail","6":"product_cat-babolat","7":"product_cat-tenis","8":"pa_brand-marca-babolat","10":"first","11":"instock","12":"shipping-taxable","13":"purchasable","14":"product-type-simple","15":"entry","16":"content-bg","17":"loop-entry"},"_links":{"self":[{"href":"https:\/\/futllermo.com\/tienda\/wp-json\/wp\/v2\/product\/83814","targetHints":{"allow":["GET"]}}],"collection":[{"href":"https:\/\/futllermo.com\/tienda\/wp-json\/wp\/v2\/product"}],"about":[{"href":"https:\/\/futllermo.com\/tienda\/wp-json\/wp\/v2\/types\/product"}],"replies":[{"embeddable":true,"href":"https:\/\/futllermo.com\/tienda\/wp-json\/wp\/v2\/comments?post=83814"}],"wp:featuredmedia":[{"embeddable":true,"href":"https:\/\/futllermo.com\/tienda\/wp-json\/wp\/v2\/media\/83816"}],"wp:attachment":[{"href":"https:\/\/futllermo.com\/tienda\/wp-json\/wp\/v2\/media?parent=83814"}],"wp:term":[{"taxonomy":"product_brand","embeddable":true,"href":"https:\/\/futllermo.com\/tienda\/wp-json\/wp\/v2\/product_brand?post=83814"},{"taxonomy":"product_cat","embeddable":true,"href":"https:\/\/futllermo.com\/tienda\/wp-json\/wp\/v2\/product_cat?post=83814"},{"taxonomy":"product_tag","embeddable":true,"href":"https:\/\/futllermo.com\/tienda\/wp-json\/wp\/v2\/product_tag?post=83814"}],"curies":[{"name":"wp","href":"https:\/\/api.w.org\/{rel}","templated":true}]}}