{"id":83795,"date":"2021-01-13T13:23:31","date_gmt":"2021-01-13T13:23:31","guid":{"rendered":"https:\/\/futllermo.com\/tienda\/producto\/babolat-jet-tere-ac-women-zapatillas-de-tenis-mujer\/"},"modified":"2022-01-13T10:00:13","modified_gmt":"2022-01-13T10:00:13","slug":"babolat-jet-tere-ac-women-zapatillas-de-tenis-mujer","status":"publish","type":"product","link":"https:\/\/futllermo.com\/tienda\/producto\/babolat-jet-tere-ac-women-zapatillas-de-tenis-mujer\/","title":{"rendered":"Babolat Jet Tere AC Women, Zapatillas de Tenis Mujer"},"content":{"rendered":"<p><!-- show up to 2 reviews by default --> <\/p>\n<p>Llamado as\u00ed por la palabra maor\u00ed de velocidad y rapidez, el Jet Tere no solo se ve muy bien, sino que tambi\u00e9n funciona bien a un gran valor. La parte superior de malla transpirable y flexible se ha creado para ofrecer comodidad y soporte mientras que la entresuela KPRS-X ayuda a una sensaci\u00f3n suave debajo del pie y absorci\u00f3n de impactos. La suela exterior de goma Michelin duradera presenta un patr\u00f3n en forma de S con niveles ideales de tracci\u00f3n, mientras que el AC representa todas las canchas, lo que significa que esta zapatilla ofrecer\u00e1 una gran experiencia en cualquier superficie de cancha. <\/p>\n<p>Material exterior: Sint\u00e9tico<br \/>\nRevestimiento: Sint\u00e9tico<br \/>\nMaterial de la suela: Sint\u00e9tico<br \/>\nCierre: Cordones<br \/>\nTipo de tac\u00f3n: Tac\u00f3n bajo<br \/>\nAnchura del zapato: medium<br \/>\n<\/p>\n","protected":false},"excerpt":{"rendered":"<p>Material exterior: Sint\u00e9tico<br \/>\nRevestimiento: Sint\u00e9tico<br \/>\nMaterial de la suela: Sint\u00e9tico<\/p>\n","protected":false},"featured_media":83797,"comment_status":"open","ping_status":"closed","template":"","meta":{"_kadence_starter_templates_imported_post":false,"_kad_post_transparent":"","_kad_post_title":"","_kad_post_layout":"","_kad_post_sidebar_id":"","_kad_post_content_style":"","_kad_post_vertical_padding":"","_kad_post_feature":"","_kad_post_feature_position":"","_kad_post_header":false,"_kad_post_footer":false},"product_brand":[],"product_cat":[500,422],"product_tag":[],"class_list":{"0":"post-83795","1":"product","2":"type-product","3":"status-publish","4":"has-post-thumbnail","6":"product_cat-babolat","7":"product_cat-tenis","8":"pa_brand-marca-babolat","10":"first","11":"instock","12":"shipping-taxable","13":"purchasable","14":"product-type-simple","15":"entry","16":"content-bg","17":"loop-entry"},"_links":{"self":[{"href":"https:\/\/futllermo.com\/tienda\/wp-json\/wp\/v2\/product\/83795","targetHints":{"allow":["GET"]}}],"collection":[{"href":"https:\/\/futllermo.com\/tienda\/wp-json\/wp\/v2\/product"}],"about":[{"href":"https:\/\/futllermo.com\/tienda\/wp-json\/wp\/v2\/types\/product"}],"replies":[{"embeddable":true,"href":"https:\/\/futllermo.com\/tienda\/wp-json\/wp\/v2\/comments?post=83795"}],"wp:featuredmedia":[{"embeddable":true,"href":"https:\/\/futllermo.com\/tienda\/wp-json\/wp\/v2\/media\/83797"}],"wp:attachment":[{"href":"https:\/\/futllermo.com\/tienda\/wp-json\/wp\/v2\/media?parent=83795"}],"wp:term":[{"taxonomy":"product_brand","embeddable":true,"href":"https:\/\/futllermo.com\/tienda\/wp-json\/wp\/v2\/product_brand?post=83795"},{"taxonomy":"product_cat","embeddable":true,"href":"https:\/\/futllermo.com\/tienda\/wp-json\/wp\/v2\/product_cat?post=83795"},{"taxonomy":"product_tag","embeddable":true,"href":"https:\/\/futllermo.com\/tienda\/wp-json\/wp\/v2\/product_tag?post=83795"}],"curies":[{"name":"wp","href":"https:\/\/api.w.org\/{rel}","templated":true}]}}