{"id":83784,"date":"2021-01-13T13:23:15","date_gmt":"2021-01-13T13:23:15","guid":{"rendered":"https:\/\/futllermo.com\/tienda\/producto\/babolat-propulse-ac-junior-zapatillas-de-tenis-unisex-adulto\/"},"modified":"2022-01-13T10:00:13","modified_gmt":"2022-01-13T10:00:13","slug":"babolat-propulse-ac-junior-zapatillas-de-tenis-unisex-adulto","status":"publish","type":"product","link":"https:\/\/futllermo.com\/tienda\/producto\/babolat-propulse-ac-junior-zapatillas-de-tenis-unisex-adulto\/","title":{"rendered":"Babolat Propulse AC Junior, Zapatillas de Tenis Unisex Adulto"},"content":{"rendered":"<p><!-- show up to 2 reviews by default --> <\/p>\n<p>Las Propulse AC J\u00fanior son una muy buena elecci\u00f3n para deportistas j\u00f3venes que buscan el apoyo espec\u00edfico del tenis y una comodidad de lujo. Igual que en la versi\u00f3n para adultos, est\u00e1n hechas de materiales sint\u00e9ticos para protegerte en todos tus movimientos. La suela exterior se ha dise\u00f1ado con una goma resistente que le ofrece una durabilidad excelente y la posibilidad de adaptarse en todo tipo de pistas. <\/p>\n<p>Material exterior: Tejido de malla<br \/>\nCierre: Cordones<br \/>\nComposici\u00f3n: Tejido de Malla<br \/>\nAnchura del zapato: Moyen<br \/>\n<\/p>\n","protected":false},"excerpt":{"rendered":"<p>Material exterior: Tejido de malla<br \/>\nCierre: Cordones<br \/>\nComposici\u00f3n: Tejido de Malla<\/p>\n","protected":false},"featured_media":83786,"comment_status":"open","ping_status":"closed","template":"","meta":{"_kadence_starter_templates_imported_post":false,"_kad_post_transparent":"","_kad_post_title":"","_kad_post_layout":"","_kad_post_sidebar_id":"","_kad_post_content_style":"","_kad_post_vertical_padding":"","_kad_post_feature":"","_kad_post_feature_position":"","_kad_post_header":false,"_kad_post_footer":false},"product_brand":[],"product_cat":[500,422],"product_tag":[],"class_list":{"0":"post-83784","1":"product","2":"type-product","3":"status-publish","4":"has-post-thumbnail","6":"product_cat-babolat","7":"product_cat-tenis","8":"pa_brand-marca-babolat","10":"first","11":"instock","12":"shipping-taxable","13":"purchasable","14":"product-type-simple","15":"entry","16":"content-bg","17":"loop-entry"},"_links":{"self":[{"href":"https:\/\/futllermo.com\/tienda\/wp-json\/wp\/v2\/product\/83784","targetHints":{"allow":["GET"]}}],"collection":[{"href":"https:\/\/futllermo.com\/tienda\/wp-json\/wp\/v2\/product"}],"about":[{"href":"https:\/\/futllermo.com\/tienda\/wp-json\/wp\/v2\/types\/product"}],"replies":[{"embeddable":true,"href":"https:\/\/futllermo.com\/tienda\/wp-json\/wp\/v2\/comments?post=83784"}],"wp:featuredmedia":[{"embeddable":true,"href":"https:\/\/futllermo.com\/tienda\/wp-json\/wp\/v2\/media\/83786"}],"wp:attachment":[{"href":"https:\/\/futllermo.com\/tienda\/wp-json\/wp\/v2\/media?parent=83784"}],"wp:term":[{"taxonomy":"product_brand","embeddable":true,"href":"https:\/\/futllermo.com\/tienda\/wp-json\/wp\/v2\/product_brand?post=83784"},{"taxonomy":"product_cat","embeddable":true,"href":"https:\/\/futllermo.com\/tienda\/wp-json\/wp\/v2\/product_cat?post=83784"},{"taxonomy":"product_tag","embeddable":true,"href":"https:\/\/futllermo.com\/tienda\/wp-json\/wp\/v2\/product_tag?post=83784"}],"curies":[{"name":"wp","href":"https:\/\/api.w.org\/{rel}","templated":true}]}}