{"id":83731,"date":"2021-01-13T13:20:41","date_gmt":"2021-01-13T13:20:41","guid":{"rendered":"https:\/\/futllermo.com\/tienda\/producto\/wilson-kaos-comp-2-0-cc-zapatilla-de-tenis-para-tierra-batida-tenistas-de-cualquier-nivel-hombre\/"},"modified":"2022-01-13T10:00:11","modified_gmt":"2022-01-13T10:00:11","slug":"wilson-kaos-comp-2-0-cc-zapatilla-de-tenis-para-tierra-batida-tenistas-de-cualquier-nivel-hombre","status":"publish","type":"product","link":"https:\/\/futllermo.com\/tienda\/producto\/wilson-kaos-comp-2-0-cc-zapatilla-de-tenis-para-tierra-batida-tenistas-de-cualquier-nivel-hombre\/","title":{"rendered":"Wilson Zapatillas de deporte para hombre, KAOS COMP 2.0 CC, Gris\/Blanco\/Gris"},"content":{"rendered":"<p><!-- show up to 2 reviews by default --> <\/p>\n<p>RAPIDEZ Y DURABILIDAD &#8211; La zapatilla Kaos Comp 2.0 CC no solo presenta un aspecto elegante, sino que tambi\u00e9n convence por sus caracter\u00edsticas. La combinaci\u00f3n de piel sint\u00e9tica y Airmesh transpirable garantiza un ajuste \u00f3ptimo. La tecnolog\u00eda R-DST + ofrece la combinaci\u00f3n \u00f3ptima de amortiguaci\u00f3n y recuperaci\u00f3n el\u00e1stica para optimizar la din\u00e1mica. La suela Duralast con dise\u00f1o en espiga garantiza una tracci\u00f3n adecuada en pistas de tierra batida. <\/p>\n<p>Material exterior: Sint\u00e9tico<br \/>\nRevestimiento: Sint\u00e9tico<br \/>\nMaterial de la suela: Caucho<br \/>\nCierre: Cordones<br \/>\nAnchura del zapato: Schmal<br \/>\n<\/p>\n","protected":false},"excerpt":{"rendered":"<p>Material exterior: Sint\u00e9tico<br \/>\nRevestimiento: Sint\u00e9tico<br \/>\nMaterial de la suela: Caucho<\/p>\n","protected":false},"featured_media":83734,"comment_status":"open","ping_status":"closed","template":"","meta":{"_kadence_starter_templates_imported_post":false,"_kad_post_transparent":"","_kad_post_title":"","_kad_post_layout":"","_kad_post_sidebar_id":"","_kad_post_content_style":"","_kad_post_vertical_padding":"","_kad_post_feature":"","_kad_post_feature_position":"","_kad_post_header":false,"_kad_post_footer":false},"product_brand":[],"product_cat":[422,499],"product_tag":[],"class_list":{"0":"post-83731","1":"product","2":"type-product","3":"status-publish","4":"has-post-thumbnail","6":"product_cat-tenis","7":"product_cat-wilson","8":"pa_brand-visita-la-store-de-wilson","10":"first","11":"instock","12":"shipping-taxable","13":"purchasable","14":"product-type-simple","15":"entry","16":"content-bg","17":"loop-entry"},"_links":{"self":[{"href":"https:\/\/futllermo.com\/tienda\/wp-json\/wp\/v2\/product\/83731","targetHints":{"allow":["GET"]}}],"collection":[{"href":"https:\/\/futllermo.com\/tienda\/wp-json\/wp\/v2\/product"}],"about":[{"href":"https:\/\/futllermo.com\/tienda\/wp-json\/wp\/v2\/types\/product"}],"replies":[{"embeddable":true,"href":"https:\/\/futllermo.com\/tienda\/wp-json\/wp\/v2\/comments?post=83731"}],"wp:featuredmedia":[{"embeddable":true,"href":"https:\/\/futllermo.com\/tienda\/wp-json\/wp\/v2\/media\/83734"}],"wp:attachment":[{"href":"https:\/\/futllermo.com\/tienda\/wp-json\/wp\/v2\/media?parent=83731"}],"wp:term":[{"taxonomy":"product_brand","embeddable":true,"href":"https:\/\/futllermo.com\/tienda\/wp-json\/wp\/v2\/product_brand?post=83731"},{"taxonomy":"product_cat","embeddable":true,"href":"https:\/\/futllermo.com\/tienda\/wp-json\/wp\/v2\/product_cat?post=83731"},{"taxonomy":"product_tag","embeddable":true,"href":"https:\/\/futllermo.com\/tienda\/wp-json\/wp\/v2\/product_tag?post=83731"}],"curies":[{"name":"wp","href":"https:\/\/api.w.org\/{rel}","templated":true}]}}