{"id":83729,"date":"2021-01-13T13:20:37","date_gmt":"2021-01-13T13:20:37","guid":{"rendered":"https:\/\/futllermo.com\/tienda\/producto\/wilson-roland-garros-bolsa-para-raquetas-de-tenis\/"},"modified":"2022-01-13T10:00:11","modified_gmt":"2022-01-13T10:00:11","slug":"wilson-roland-garros-bolsa-para-raquetas-de-tenis","status":"publish","type":"product","link":"https:\/\/futllermo.com\/tienda\/producto\/wilson-roland-garros-bolsa-para-raquetas-de-tenis\/","title":{"rendered":"ROLAND GARROS TEAM 3PK Navy\/CLAY"},"content":{"rendered":"<p><!-- show up to 2 reviews by default --> <\/p>\n<p>Bolsa con cierre de cord\u00f3n de Wilson, Opci\u00f3n polivalente para transportar objetos ligeros. Dise\u00f1o oficial de Roland Garros 2020. Cordones de cierre bicolores. Logo de Roland Garros impreso en blanco en la parte frontal. Contenido 1\u00d7 Bolsa de cierre de cord\u00f3n Roland Garros Cinch, Dise\u00f1o de Roland Garros 2020, Dimensiones: 1 \u00d7 45,75 \u00d7 45,75 cm, Azul\/marr\u00f3n\/blanco, WR8007201001 <\/p>\n<p>Bolsa con cierre de cord\u00f3n de Wilson, opci\u00f3n polivalente para transportar objetos ligeros<br \/>\nDise\u00f1o oficial de Roland Garros 2020<br \/>\nCordones de cierre bicolores<br \/>\nLogo de Roland Garros impreso en blanco en la parte frontal<br \/>\nContenido 1\u00d7 Bolsa de cierre de cord\u00f3n Roland Garros Cinch, dise\u00f1o de Roland Garros 2020, dimensiones: 1 \u00d7 45,75 \u00d7 45,75 cm, Azul\/marr\u00f3n\/blanco, WR8007201001<br \/>\n<\/p>\n","protected":false},"excerpt":{"rendered":"<p>Bolsa con cierre de cord\u00f3n de Wilson, opci\u00f3n polivalente para transportar objetos ligeros<br \/>\nDise\u00f1o oficial de Roland Garros 2020<br \/>\nCordones de cierre bicolores<\/p>\n","protected":false},"featured_media":83730,"comment_status":"open","ping_status":"closed","template":"","meta":{"_kadence_starter_templates_imported_post":false,"_kad_post_transparent":"","_kad_post_title":"","_kad_post_layout":"","_kad_post_sidebar_id":"","_kad_post_content_style":"","_kad_post_vertical_padding":"","_kad_post_feature":"","_kad_post_feature_position":"","_kad_post_header":false,"_kad_post_footer":false},"product_brand":[],"product_cat":[422,499],"product_tag":[],"class_list":{"0":"post-83729","1":"product","2":"type-product","3":"status-publish","4":"has-post-thumbnail","6":"product_cat-tenis","7":"product_cat-wilson","8":"pa_brand-visita-la-store-de-wilson","10":"first","11":"instock","12":"shipping-taxable","13":"purchasable","14":"product-type-simple","15":"entry","16":"content-bg","17":"loop-entry"},"_links":{"self":[{"href":"https:\/\/futllermo.com\/tienda\/wp-json\/wp\/v2\/product\/83729","targetHints":{"allow":["GET"]}}],"collection":[{"href":"https:\/\/futllermo.com\/tienda\/wp-json\/wp\/v2\/product"}],"about":[{"href":"https:\/\/futllermo.com\/tienda\/wp-json\/wp\/v2\/types\/product"}],"replies":[{"embeddable":true,"href":"https:\/\/futllermo.com\/tienda\/wp-json\/wp\/v2\/comments?post=83729"}],"wp:featuredmedia":[{"embeddable":true,"href":"https:\/\/futllermo.com\/tienda\/wp-json\/wp\/v2\/media\/83730"}],"wp:attachment":[{"href":"https:\/\/futllermo.com\/tienda\/wp-json\/wp\/v2\/media?parent=83729"}],"wp:term":[{"taxonomy":"product_brand","embeddable":true,"href":"https:\/\/futllermo.com\/tienda\/wp-json\/wp\/v2\/product_brand?post=83729"},{"taxonomy":"product_cat","embeddable":true,"href":"https:\/\/futllermo.com\/tienda\/wp-json\/wp\/v2\/product_cat?post=83729"},{"taxonomy":"product_tag","embeddable":true,"href":"https:\/\/futllermo.com\/tienda\/wp-json\/wp\/v2\/product_tag?post=83729"}],"curies":[{"name":"wp","href":"https:\/\/api.w.org\/{rel}","templated":true}]}}