{"id":83721,"date":"2021-01-13T13:20:25","date_gmt":"2021-01-13T13:20:25","guid":{"rendered":"https:\/\/futllermo.com\/tienda\/producto\/wilson-team-2-comp-bolsa-de-tenis-unisex\/"},"modified":"2022-01-13T10:00:11","modified_gmt":"2022-01-13T10:00:11","slug":"wilson-team-2-comp-bolsa-de-tenis-unisex","status":"publish","type":"product","link":"https:\/\/futllermo.com\/tienda\/producto\/wilson-team-2-comp-bolsa-de-tenis-unisex\/","title":{"rendered":"Wilson Bolsa para raquetas de tenis, Team, 2 compartimentos, Hasta 6 raquetas, Rojo\/negro\/blanco, WRZ857909"},"content":{"rendered":"<div class=\"disclaim\"> Tama\u00f1o:<strong>6 raquetas<\/strong> | Color:<strong>Negro\/Rojo<\/strong> <\/div>\n<p> <!-- show up to 2 reviews by default --> <\/p>\n<p>Bolsa de transporte para raquetas de tenis de la colecci\u00f3n Team de Wilson &#8211; 2 compartimentos principales para hasta 6 raquetas en total &#8211; 2 bolsillos exteriores espaciosos para almacenar accesorios u otros objetos &#8211; Asa en la parte superior, Cinta para el hombro incorporada y con protector almohadillado regulable, Peque\u00f1a asa adicional para colgar la bolsa de ganchos y percheros &#8211; Contenido: 1x Bolsa para raquetas de tenis Team de Wilson, Para hasta 3 raquetas, Dimensiones: 76 \u00d7 25 \u00d7 34 cm, Material: 100% poli\u00e9ster, Color: rojo\/negro\/blanco, WRZ857909. <\/p>\n<p>Bolsa de transporte para raquetas de tenis de la colecci\u00f3n Team de Wilson<br \/>\n2 compartimentos principales para hasta 6 raquetas en total<br \/>\n2 bolsillos exteriores espaciosos para almacenar accesorios u otros objetos<br \/>\nAsa en la parte superior, Cinta para el hombro incorporada y con protector almohadillado regulable, Peque\u00f1a asa adicional para colgar la bolsa de ganchos y percheros<br \/>\nContenido: 1x Bolsa para raquetas de tenis Team de Wilson, Para hasta 3 raquetas, Dimensiones: 76 \u00d7 25 \u00d7 34 cm, Material: 100% poli\u00e9ster, Color: rojo\/negro\/blanco, WRZ857909<br \/>\n<\/p>\n","protected":false},"excerpt":{"rendered":"<p>Bolsa de transporte para raquetas de tenis de la colecci\u00f3n Team de Wilson<br \/>\n2 compartimentos principales para hasta 6 raquetas en total<br \/>\n2 bolsillos exteriores espaciosos para almacenar accesorios u otros objetos<\/p>\n","protected":false},"featured_media":83722,"comment_status":"open","ping_status":"closed","template":"","meta":{"_kadence_starter_templates_imported_post":false,"_kad_post_transparent":"","_kad_post_title":"","_kad_post_layout":"","_kad_post_sidebar_id":"","_kad_post_content_style":"","_kad_post_vertical_padding":"","_kad_post_feature":"","_kad_post_feature_position":"","_kad_post_header":false,"_kad_post_footer":false},"product_brand":[],"product_cat":[422,499],"product_tag":[],"class_list":{"0":"post-83721","1":"product","2":"type-product","3":"status-publish","4":"has-post-thumbnail","6":"product_cat-tenis","7":"product_cat-wilson","8":"pa_brand-visita-la-store-de-wilson","10":"first","11":"instock","12":"shipping-taxable","13":"purchasable","14":"product-type-simple","15":"entry","16":"content-bg","17":"loop-entry"},"_links":{"self":[{"href":"https:\/\/futllermo.com\/tienda\/wp-json\/wp\/v2\/product\/83721","targetHints":{"allow":["GET"]}}],"collection":[{"href":"https:\/\/futllermo.com\/tienda\/wp-json\/wp\/v2\/product"}],"about":[{"href":"https:\/\/futllermo.com\/tienda\/wp-json\/wp\/v2\/types\/product"}],"replies":[{"embeddable":true,"href":"https:\/\/futllermo.com\/tienda\/wp-json\/wp\/v2\/comments?post=83721"}],"wp:featuredmedia":[{"embeddable":true,"href":"https:\/\/futllermo.com\/tienda\/wp-json\/wp\/v2\/media\/83722"}],"wp:attachment":[{"href":"https:\/\/futllermo.com\/tienda\/wp-json\/wp\/v2\/media?parent=83721"}],"wp:term":[{"taxonomy":"product_brand","embeddable":true,"href":"https:\/\/futllermo.com\/tienda\/wp-json\/wp\/v2\/product_brand?post=83721"},{"taxonomy":"product_cat","embeddable":true,"href":"https:\/\/futllermo.com\/tienda\/wp-json\/wp\/v2\/product_cat?post=83721"},{"taxonomy":"product_tag","embeddable":true,"href":"https:\/\/futllermo.com\/tienda\/wp-json\/wp\/v2\/product_tag?post=83721"}],"curies":[{"name":"wp","href":"https:\/\/api.w.org\/{rel}","templated":true}]}}