{"id":83718,"date":"2021-01-13T13:20:19","date_gmt":"2021-01-13T13:20:19","guid":{"rendered":"https:\/\/futllermo.com\/tienda\/producto\/wilson-mochila-de-tenis-tour\/"},"modified":"2022-01-13T10:00:11","modified_gmt":"2022-01-13T10:00:11","slug":"wilson-mochila-de-tenis-tour","status":"publish","type":"product","link":"https:\/\/futllermo.com\/tienda\/producto\/wilson-mochila-de-tenis-tour\/","title":{"rendered":"Wilson Mochila de Tenis, Tour"},"content":{"rendered":"<p><!-- show up to 2 reviews by default --> <\/p>\n<p>Bolsa de tenis de la colecci\u00f3n tour duffle de Wilson, con cabida para entre 3 y 4 raquetas. Compartimento de protecci\u00f3n completa para raqueta, grandes bolsillos accesorios para ropa y material, bolsillo peque\u00f1o para objetos personales. Bolsillo con forro polar para objetos delicados o de valor, separadores interior extra\u00edbles para mantener el interior bien ordenado. Compartimento separado para zapatillas o ropa sucia, asa de mano con cintas regulables y protector acolchado. Contenido: 1\u00d7 bolsa de tenis tour duffle de Wilson, hasta 3-4 raquetas, dimensiones: 76\u00d730\u00d730 cm, color: negro. <\/p>\n<p>Bolsa de tenis de la colecci\u00f3n Tour Duffle de Wilson, Con cabida para entre 3 y 4 raquetas<br \/>\nCompartimento de protecci\u00f3n completa para raqueta, Grandes bolsillos accesorios para ropa y material, Bolsillo peque\u00f1o para objetos personales<br \/>\nBolsillo con forro polar para objetos delicados o de valor, Separadores interior extra\u00edbles para mantener el interior bien ordenado<br \/>\nCompartimento separado para zapatillas o ropa sucia, Asa de mano con cintas regulables y protector acolchado<br \/>\nContenido: 1\u00d7 bolsa de tenis Tour Duffle de Wilson, Hasta 3<br \/>\n4 raquetas, Dimensiones: 76\u00d730\u00d730 cm, Color: negro<br \/>\n<\/p>\n","protected":false},"excerpt":{"rendered":"<p>Bolsa de tenis de la colecci\u00f3n Tour Duffle de Wilson, Con cabida para entre 3 y 4 raquetas<br \/>\nCompartimento de protecci\u00f3n completa para raqueta, Grandes bolsillos accesorios para ropa y material, Bolsillo peque\u00f1o para objetos personales<br \/>\nBolsillo con forro polar para objetos delicados o de valor, Separadores interior extra\u00edbles para mantener el interior bien ordenado<\/p>\n","protected":false},"featured_media":83719,"comment_status":"open","ping_status":"closed","template":"","meta":{"_kadence_starter_templates_imported_post":false,"_kad_post_transparent":"","_kad_post_title":"","_kad_post_layout":"","_kad_post_sidebar_id":"","_kad_post_content_style":"","_kad_post_vertical_padding":"","_kad_post_feature":"","_kad_post_feature_position":"","_kad_post_header":false,"_kad_post_footer":false},"product_brand":[],"product_cat":[422,499],"product_tag":[],"class_list":{"0":"post-83718","1":"product","2":"type-product","3":"status-publish","4":"has-post-thumbnail","6":"product_cat-tenis","7":"product_cat-wilson","8":"pa_brand-visita-la-store-de-wilson","10":"first","11":"instock","12":"shipping-taxable","13":"purchasable","14":"product-type-simple","15":"entry","16":"content-bg","17":"loop-entry"},"_links":{"self":[{"href":"https:\/\/futllermo.com\/tienda\/wp-json\/wp\/v2\/product\/83718","targetHints":{"allow":["GET"]}}],"collection":[{"href":"https:\/\/futllermo.com\/tienda\/wp-json\/wp\/v2\/product"}],"about":[{"href":"https:\/\/futllermo.com\/tienda\/wp-json\/wp\/v2\/types\/product"}],"replies":[{"embeddable":true,"href":"https:\/\/futllermo.com\/tienda\/wp-json\/wp\/v2\/comments?post=83718"}],"wp:featuredmedia":[{"embeddable":true,"href":"https:\/\/futllermo.com\/tienda\/wp-json\/wp\/v2\/media\/83719"}],"wp:attachment":[{"href":"https:\/\/futllermo.com\/tienda\/wp-json\/wp\/v2\/media?parent=83718"}],"wp:term":[{"taxonomy":"product_brand","embeddable":true,"href":"https:\/\/futllermo.com\/tienda\/wp-json\/wp\/v2\/product_brand?post=83718"},{"taxonomy":"product_cat","embeddable":true,"href":"https:\/\/futllermo.com\/tienda\/wp-json\/wp\/v2\/product_cat?post=83718"},{"taxonomy":"product_tag","embeddable":true,"href":"https:\/\/futllermo.com\/tienda\/wp-json\/wp\/v2\/product_tag?post=83718"}],"curies":[{"name":"wp","href":"https:\/\/api.w.org\/{rel}","templated":true}]}}