{"id":83710,"date":"2021-01-13T13:20:05","date_gmt":"2021-01-13T13:20:05","guid":{"rendered":"https:\/\/futllermo.com\/tienda\/producto\/wilson-roland-garros-official-pelotas-tubo-de-4-pelotas-todas-las-superficies-unisex-adulto\/"},"modified":"2022-01-13T10:00:11","modified_gmt":"2022-01-13T10:00:11","slug":"wilson-roland-garros-official-pelotas-tubo-de-4-pelotas-todas-las-superficies-unisex-adulto","status":"publish","type":"product","link":"https:\/\/futllermo.com\/tienda\/producto\/wilson-roland-garros-official-pelotas-tubo-de-4-pelotas-todas-las-superficies-unisex-adulto\/","title":{"rendered":"Roland Garros TNS Ball"},"content":{"rendered":"<p><!-- show up to 2 reviews by default --> <\/p>\n<p>Pelotas de tenis oficiales de Roland Garros 2020 de Wilson. Aptas para todo tipo de superficies, Durabilidad \u00f3ptimo en cualquier tipo de pista. Fieltro de calidad para satisfacer las necesidades de todo jugador, Aprobadas por la Federaci\u00f3n francesa de tenis y la Federaci\u00f3n internacional de tenis. Lote de 4 pelotas, Tubo con tapa. Contenido: 1\u00d7 Tubo de 4 pelotas oficiales de Roland Garros 2020 de Wilson, Aptas para todas las superficies, WRT116400 <\/p>\n<p>Pelotas de tenis oficiales de Roland Garros 2020 de Wilson<br \/>\nAptas para todo tipo de superficies, durabilidad en cualquier tipo de pista<br \/>\nFieltro de calidad para satisfacer las necesidades de todo jugador, aprobadas por la Federaci\u00f3n francesa de tenis y la Federaci\u00f3n internacional de tenis<br \/>\nLote de 4 pelotas, tubo con tapa<br \/>\nContenido: 1\u00d7 Tubo de 4 pelotas oficiales de Roland Garros 2020 de Wilson, aptas para todas las superficies, WRT116400<br \/>\n<\/p>\n","protected":false},"excerpt":{"rendered":"<p>Pelotas de tenis oficiales de Roland Garros 2020 de Wilson<br \/>\nAptas para todo tipo de superficies, durabilidad en cualquier tipo de pista<br \/>\nFieltro de calidad para satisfacer las necesidades de todo jugador, aprobadas por la Federaci\u00f3n francesa de tenis y la Federaci\u00f3n internacional de tenis<\/p>\n","protected":false},"featured_media":83711,"comment_status":"open","ping_status":"closed","template":"","meta":{"_kadence_starter_templates_imported_post":false,"_kad_post_transparent":"","_kad_post_title":"","_kad_post_layout":"","_kad_post_sidebar_id":"","_kad_post_content_style":"","_kad_post_vertical_padding":"","_kad_post_feature":"","_kad_post_feature_position":"","_kad_post_header":false,"_kad_post_footer":false},"product_brand":[],"product_cat":[422,499],"product_tag":[],"class_list":{"0":"post-83710","1":"product","2":"type-product","3":"status-publish","4":"has-post-thumbnail","6":"product_cat-tenis","7":"product_cat-wilson","8":"pa_brand-visita-la-store-de-wilson","10":"first","11":"instock","12":"shipping-taxable","13":"purchasable","14":"product-type-simple","15":"entry","16":"content-bg","17":"loop-entry"},"_links":{"self":[{"href":"https:\/\/futllermo.com\/tienda\/wp-json\/wp\/v2\/product\/83710","targetHints":{"allow":["GET"]}}],"collection":[{"href":"https:\/\/futllermo.com\/tienda\/wp-json\/wp\/v2\/product"}],"about":[{"href":"https:\/\/futllermo.com\/tienda\/wp-json\/wp\/v2\/types\/product"}],"replies":[{"embeddable":true,"href":"https:\/\/futllermo.com\/tienda\/wp-json\/wp\/v2\/comments?post=83710"}],"wp:featuredmedia":[{"embeddable":true,"href":"https:\/\/futllermo.com\/tienda\/wp-json\/wp\/v2\/media\/83711"}],"wp:attachment":[{"href":"https:\/\/futllermo.com\/tienda\/wp-json\/wp\/v2\/media?parent=83710"}],"wp:term":[{"taxonomy":"product_brand","embeddable":true,"href":"https:\/\/futllermo.com\/tienda\/wp-json\/wp\/v2\/product_brand?post=83710"},{"taxonomy":"product_cat","embeddable":true,"href":"https:\/\/futllermo.com\/tienda\/wp-json\/wp\/v2\/product_cat?post=83710"},{"taxonomy":"product_tag","embeddable":true,"href":"https:\/\/futllermo.com\/tienda\/wp-json\/wp\/v2\/product_tag?post=83710"}],"curies":[{"name":"wp","href":"https:\/\/api.w.org\/{rel}","templated":true}]}}