{"id":83702,"date":"2021-01-13T13:19:47","date_gmt":"2021-01-13T13:19:47","guid":{"rendered":"https:\/\/futllermo.com\/tienda\/producto\/wilson-kaos-devo-carpet-zapatilla-de-tenis-para-pistas-de-interior-tenistas-de-cualquier-nivel-hombre\/"},"modified":"2022-01-13T10:00:10","modified_gmt":"2022-01-13T10:00:10","slug":"wilson-kaos-devo-carpet-zapatilla-de-tenis-para-pistas-de-interior-tenistas-de-cualquier-nivel-hombre","status":"publish","type":"product","link":"https:\/\/futllermo.com\/tienda\/producto\/wilson-kaos-devo-carpet-zapatilla-de-tenis-para-pistas-de-interior-tenistas-de-cualquier-nivel-hombre\/","title":{"rendered":"Wilson Kaos Devo Carpet, Zapatilla de Tenis para Pistas de Interior, tenistas de Cualquier Nivel Hombre"},"content":{"rendered":"<p><!-- show up to 2 reviews by default --> <\/p>\n<p>ESTABILIDAD Y LIGEREZA &#8211; Las zapatillas Kaos Devo Carpet son adecuados para tenistas que prefieren un juego de ataque gracias a la tecnolog\u00eda 2D-FS, que ofrece un \u00f3ptimo apoyo y estabilidad. Comodidad garantizada gracias a la tecnolog\u00eda RDST de espuma EVA, que aumenta la absorci\u00f3n de impactos para una \u00f3ptimo reacci\u00f3n. La suela exterior Duralast, que no deja marcas, proporciona durabilidad y una tracci\u00f3n \u00f3ptima en superficies interiores como la moqueta. <\/p>\n<p>Material exterior: Sint\u00e9tico<br \/>\nRevestimiento: Sint\u00e9tico<br \/>\nMaterial de la suela: Caucho<br \/>\nCierre: Cordones<br \/>\n<\/p>\n","protected":false},"excerpt":{"rendered":"<p>Material exterior: Sint\u00e9tico<br \/>\nRevestimiento: Sint\u00e9tico<br \/>\nMaterial de la suela: Caucho<\/p>\n","protected":false},"featured_media":83703,"comment_status":"open","ping_status":"closed","template":"","meta":{"_kadence_starter_templates_imported_post":false,"_kad_post_transparent":"","_kad_post_title":"","_kad_post_layout":"","_kad_post_sidebar_id":"","_kad_post_content_style":"","_kad_post_vertical_padding":"","_kad_post_feature":"","_kad_post_feature_position":"","_kad_post_header":false,"_kad_post_footer":false},"product_brand":[],"product_cat":[422,499],"product_tag":[],"class_list":{"0":"post-83702","1":"product","2":"type-product","3":"status-publish","4":"has-post-thumbnail","6":"product_cat-tenis","7":"product_cat-wilson","8":"pa_brand-visita-la-store-de-wilson","10":"first","11":"instock","12":"shipping-taxable","13":"purchasable","14":"product-type-simple","15":"entry","16":"content-bg","17":"loop-entry"},"_links":{"self":[{"href":"https:\/\/futllermo.com\/tienda\/wp-json\/wp\/v2\/product\/83702","targetHints":{"allow":["GET"]}}],"collection":[{"href":"https:\/\/futllermo.com\/tienda\/wp-json\/wp\/v2\/product"}],"about":[{"href":"https:\/\/futllermo.com\/tienda\/wp-json\/wp\/v2\/types\/product"}],"replies":[{"embeddable":true,"href":"https:\/\/futllermo.com\/tienda\/wp-json\/wp\/v2\/comments?post=83702"}],"wp:featuredmedia":[{"embeddable":true,"href":"https:\/\/futllermo.com\/tienda\/wp-json\/wp\/v2\/media\/83703"}],"wp:attachment":[{"href":"https:\/\/futllermo.com\/tienda\/wp-json\/wp\/v2\/media?parent=83702"}],"wp:term":[{"taxonomy":"product_brand","embeddable":true,"href":"https:\/\/futllermo.com\/tienda\/wp-json\/wp\/v2\/product_brand?post=83702"},{"taxonomy":"product_cat","embeddable":true,"href":"https:\/\/futllermo.com\/tienda\/wp-json\/wp\/v2\/product_cat?post=83702"},{"taxonomy":"product_tag","embeddable":true,"href":"https:\/\/futllermo.com\/tienda\/wp-json\/wp\/v2\/product_tag?post=83702"}],"curies":[{"name":"wp","href":"https:\/\/api.w.org\/{rel}","templated":true}]}}