{"id":83693,"date":"2021-01-13T13:19:31","date_gmt":"2021-01-13T13:19:31","guid":{"rendered":"https:\/\/futllermo.com\/tienda\/producto\/wilson-roland-garros-youth-backpack-mochila-juvenil-de-tenis-unisex-adulto-azul-marron-1-raqueta\/"},"modified":"2022-01-13T10:00:10","modified_gmt":"2022-01-13T10:00:10","slug":"wilson-roland-garros-youth-backpack-mochila-juvenil-de-tenis-unisex-adulto-azul-marron-1-raqueta","status":"publish","type":"product","link":"https:\/\/futllermo.com\/tienda\/producto\/wilson-roland-garros-youth-backpack-mochila-juvenil-de-tenis-unisex-adulto-azul-marron-1-raqueta\/","title":{"rendered":"ROLAND GARROS"},"content":{"rendered":"<p><!-- show up to 2 reviews by default --> <\/p>\n<p>Mochila juvenil de tenis con cabida para 1 raqueta de tenis, Dise\u00f1o oficial de Roland Garros 2020. Compartimento posterior de cobertura parcial para hasta 1 raqueta de tenis. Compartimento interior para ordenador port\u00e1til o tableta. Cintas de mochila regulables, Asa de mano. Contenido: 1\u00d7 Mochila juvenil de tenis Roland Garros Youth de Wilson, Dise\u00f1o de Roland Garros 2020, Para 1 raqueta, Dimensiones: 29 \u00d7 13 \u00d7 38 cm, Azul\/marr\u00f3n\/blanco, WR8007101001 <\/p>\n<p>Mochila juvenil de tenis con cabida para 1 raqueta de tenis, dise\u00f1o oficial de Roland Garros 2020<br \/>\nCompartimento posterior de cobertura parcial para hasta 1 raqueta de tenis<br \/>\nCompartimento interior para ordenador port\u00e1til o tableta<br \/>\nCintas de mochila regulables, asa de mano<br \/>\nContenido: 1\u00d7 Mochila juvenil de tenis Roland Garros Youth de Wilson, dise\u00f1o de Roland Garros 2020, Para 1 raqueta, dimensiones: 29 \u00d7 13 \u00d7 38 cm, azul\/marr\u00f3n\/blanco, WR8007101001<br \/>\n<\/p>\n","protected":false},"excerpt":{"rendered":"<p>Mochila juvenil de tenis con cabida para 1 raqueta de tenis, dise\u00f1o oficial de Roland Garros 2020<br \/>\nCompartimento posterior de cobertura parcial para hasta 1 raqueta de tenis<br \/>\nCompartimento interior para ordenador port\u00e1til o tableta<\/p>\n","protected":false},"featured_media":83696,"comment_status":"open","ping_status":"closed","template":"","meta":{"_kadence_starter_templates_imported_post":false,"_kad_post_transparent":"","_kad_post_title":"","_kad_post_layout":"","_kad_post_sidebar_id":"","_kad_post_content_style":"","_kad_post_vertical_padding":"","_kad_post_feature":"","_kad_post_feature_position":"","_kad_post_header":false,"_kad_post_footer":false},"product_brand":[],"product_cat":[422,499],"product_tag":[],"class_list":{"0":"post-83693","1":"product","2":"type-product","3":"status-publish","4":"has-post-thumbnail","6":"product_cat-tenis","7":"product_cat-wilson","8":"pa_brand-visita-la-store-de-wilson","10":"first","11":"instock","12":"shipping-taxable","13":"purchasable","14":"product-type-simple","15":"entry","16":"content-bg","17":"loop-entry"},"_links":{"self":[{"href":"https:\/\/futllermo.com\/tienda\/wp-json\/wp\/v2\/product\/83693","targetHints":{"allow":["GET"]}}],"collection":[{"href":"https:\/\/futllermo.com\/tienda\/wp-json\/wp\/v2\/product"}],"about":[{"href":"https:\/\/futllermo.com\/tienda\/wp-json\/wp\/v2\/types\/product"}],"replies":[{"embeddable":true,"href":"https:\/\/futllermo.com\/tienda\/wp-json\/wp\/v2\/comments?post=83693"}],"wp:featuredmedia":[{"embeddable":true,"href":"https:\/\/futllermo.com\/tienda\/wp-json\/wp\/v2\/media\/83696"}],"wp:attachment":[{"href":"https:\/\/futllermo.com\/tienda\/wp-json\/wp\/v2\/media?parent=83693"}],"wp:term":[{"taxonomy":"product_brand","embeddable":true,"href":"https:\/\/futllermo.com\/tienda\/wp-json\/wp\/v2\/product_brand?post=83693"},{"taxonomy":"product_cat","embeddable":true,"href":"https:\/\/futllermo.com\/tienda\/wp-json\/wp\/v2\/product_cat?post=83693"},{"taxonomy":"product_tag","embeddable":true,"href":"https:\/\/futllermo.com\/tienda\/wp-json\/wp\/v2\/product_tag?post=83693"}],"curies":[{"name":"wp","href":"https:\/\/api.w.org\/{rel}","templated":true}]}}